{"id":9651,"date":"2022-01-19T18:00:12","date_gmt":"2022-01-19T18:00:12","guid":{"rendered":"https:\/\/paulalill.com\/?page_id=9651"},"modified":"2026-04-08T13:24:47","modified_gmt":"2026-04-08T13:24:47","slug":"philips","status":"publish","type":"page","link":"https:\/\/paulalill.com\/en\/philips\/","title":{"rendered":"philips"},"content":{"rendered":"<div class=\"brz-root__container brz-reset-all brz brz-root__container-page\">\n<section id=\"_dsxpjajffnlufwntqocinugenvwygpcsxzzx\" class=\"brz-section brz-css-18jidtm\">\n<div class=\"brz-section__content brz-section--boxed brz-css-j15zp4 brz-css-1bo7vd1\" data-brz-custom-id=\"tbdzhjgdvoshnbcjdnulpdxdpqstdowdexfm\">\n<div class=\"brz-container brz-css-12bcjmv\">\n<div class=\"brz-row__container brz-css-1lr5sjf\" data-brz-custom-id=\"ayruzvltyicoinhireasnlxktdjydvzuwkda\">\n<div class=\"brz-bg\"><\/div>\n<div class=\"brz-row brz-css-6cqwj6 brz-css-atzov9\">\n<div class=\"brz-columns brz-css-nxgita brz-css-xuys5t\" data-brz-custom-id=\"kxkvfpieceplumdlzzlgjamhxucdezteprxj\">\n<div class=\"brz-bg\"><\/div>\n<div class=\"brz-column__items brz-css-dg78hn brz-css-sa1nfl\">\n<div id=\"\" class=\"brz-css-n31ss6 brz-css-15fkt6u brz-wrapper\">\n<div class=\"brz-image brz-css-1v568yq brz-css-1i8072y\" data-brz-custom-id=\"qjwgtvcqvsuugdmizzakljbppyhsahfdhioq\"><img decoding=\"async\" class=\"brz-img\" src=\"https:\/\/paulalill.com\/?brizy_media=wp-eefe29d44e8111488e747efc86c1151d.jpg&amp;brizy_crop=iW%3D444%26iH%3D555%26oX%3D0%26oY%3D0%26cW%3D444%26cH%3D555\" alt=\"\" loading=\"lazy\"><\/div>\n<\/div>\n<\/div>\n<\/div>\n<div class=\"brz-columns brz-css-nxgita brz-css-1rvkkei\" data-brz-custom-id=\"hvlsbyvwvowdbhosiadgvzvfrywddqdaxwmt\">\n<div class=\"brz-bg\"><\/div>\n<div class=\"brz-column__items brz-css-dg78hn brz-css-11xqfpm\">\n<div id=\"\" class=\"brz-css-n31ss6 brz-css-ph1tl9 brz-wrapper\">\n<div class=\"brz-rich-text brz-rich-text__custom brz-css-zx9rr1\" data-brz-custom-id=\"lpufhrlvrwngqorkdrwxexdqmeqdzowbmyod\">\n<div data-brz-translate-text=\"1\">\n<h1 class=\"brz-ff-montserrat brz-ft-google brz-fs-lg-16 brz-fss-lg-px brz-fw-lg-400 brz-ls-lg-0 brz-lh-lg-1_9 brz-tp-lg-empty brz-css-uDC78\" data-generated-css=\"brz-css-yrmso\" data-uniq-id=\"jrjou\">Philips Lumea home IPL <\/h1>\n<\/div>\n<\/div>\n<\/div>\n<div id=\"\" class=\"brz-css-n31ss6 brz-css-1q11q4e brz-css-1cv3xc6 brz-wrapper\">\n<div class=\"brz-spacer brz-css-efab4i brz-css-1lanwz4\"><\/div>\n<\/div>\n<div id=\"\" class=\"brz-css-n31ss6 brz-wrapper\">\n<div class=\"brz-icon-text brz-css-1e03r2y brz-css-p8l3p2\" data-brz-custom-id=\"fqunboeonyqpuoclsdoxwtqhemviguzvnphz\">\n<div class=\"brz-icon__container\" data-brz-custom-id=\"dlbhgaifgtbpeoofhwfijrdfustwjrnznusa\"><span class=\"brz-icon brz-span brz-css-zj9iho brz-css-1yd33mp\"><\/span><\/div>\n<div class=\"brz-text-btn\">\n<div class=\"brz-rich-text brz-rich-text__custom brz-css-zx9rr1\" data-brz-custom-id=\"pjwflpztqjpyvrkpbshvoqfpdeiutmjmpsqw\">\n<div data-brz-translate-text=\"1\">\n<h5 class=\"brz-mb-lg-10 brz-mt-lg-5 brz-ff-montserrat brz-ft-google brz-fs-lg-16 brz-fss-lg-px brz-fw-lg-400 brz-ls-lg-0 brz-lh-lg-1_9 brz-tp-lg-empty brz-css-lqFRQ\" data-generated-css=\"brz-css-dumwh\" data-uniq-id=\"menbw\">Tegin tegelikult pilte DermOrganic toodetest ja juba tekkisid k\u00fcsimused selle koduse IPL-i kohta..<\/h5>\n<p class=\"brz-ff-montserrat brz-ft-google brz-fs-lg-16 brz-fss-lg-px brz-fw-lg-400 brz-ls-lg-0 brz-lh-lg-1_9 brz-tp-lg-empty brz-css-kZ1Bj\" data-generated-css=\"brz-css-jpopx\" data-uniq-id=\"xitvi\">Nimelt olen ammu uudistanud laseri protseduure, aga eks ma olen samamoodi selline &#8211; ise targutan aga aega ei leia endale. Et kliendid saadan kuhu vaja, kas kutsun juuksurisse hooldusesse, regulaarselt otsi l\u00f5ikama, saadan nad n\u00e4ohooldusesse, l\u00fcmfi vms.. Aga ise, et l\u00e4heks kuskile end REGULAARSELT poputama (laser pole just poputamine, aga mugavam on k\u00fcll), eks see enda aja leidmine tulebki raskemalt. Kui keegi tagant l\u00fckkab on super hea! Nii.. Ma v\u00e4ga tahtsin seda aparaati koju, kuna s\u00f5brannal on ja teisega r\u00e4\u00e4kisime, et tema k\u00e4ib kliinikus tegemas, aga soovitatakse ka koju k\u00f5rvale seda, eks oleneb kui tihti k\u00e4id. Tema jaoks on Eesti ikkagi v\u00e4lismaa ja siin selgus, et protseduurid on kallimad ja nendes peab l\u00e4ima regulaarselt.<\/p>\n<\/div>\n<\/div>\n<\/div>\n<\/div>\n<\/div>\n<div id=\"\" class=\"brz-css-n31ss6 brz-css-1q11q4e brz-css-1ogs75g brz-wrapper\">\n<div class=\"brz-spacer brz-css-efab4i brz-css-22xrik\"><\/div>\n<\/div>\n<\/div>\n<\/div>\n<\/div>\n<\/div>\n<\/div>\n<\/div>\n<\/section>\n<section id=\"_lryradrfyrcrvnefabagqaotyikftmwhqjud\" class=\"brz-section brz-css-18jidtm\">\n<div class=\"brz-section__content brz-section--boxed brz-css-j15zp4 brz-css-1pnfhxc\" data-brz-custom-id=\"bcrvpyfuakzuojnmarqyfscabxwbuczvsvlh\">\n<div class=\"brz-container brz-css-12bcjmv brz-css-6z5ktp\">\n<div id=\"\" class=\"brz-css-n31ss6 brz-wrapper\">\n<div class=\"brz-rich-text brz-rich-text__custom brz-css-zx9rr1\" data-brz-custom-id=\"ffqfhozmnhccutdpbjfuxowglhszmyowjsia\">\n<div data-brz-translate-text=\"1\">\n<p class=\"brz-ff-montserrat brz-ft-google brz-fs-lg-16 brz-fss-lg-px brz-fw-lg-400 brz-ls-lg-0 brz-lh-lg-1_9 brz-tp-lg-empty brz-css-trWSX\" data-uniq-id=\"smcrt\" data-generated-css=\"brz-css-pdude\">Seega, kuna ta k\u00e4ib kodumaal ehk harvem, siis samal ajal k\u00f5rvale seda kodust aparaati kasutada, on super t\u00f5hus!<\/p>\n<p class=\"brz-ff-montserrat brz-ft-google brz-fs-lg-16 brz-fss-lg-px brz-fw-lg-400 brz-ls-lg-0 brz-lh-lg-1_9 brz-tp-lg-empty brz-css-pLLvv\" data-uniq-id=\"rtdra\" data-generated-css=\"brz-css-ihwme\"><\/p>\n<p class=\"brz-ff-montserrat brz-ft-google brz-fs-lg-16 brz-fss-lg-px brz-fw-lg-400 brz-ls-lg-0 brz-lh-lg-1_9 brz-tp-lg-empty brz-css-gI8sc\" data-uniq-id=\"qxwsb\" data-generated-css=\"brz-css-bbkgl\">Nii, sain endale ka siis selle masina ja olen mega mega rahul. Ma \u00fctlen veelkord, et ma veel nii \u00e4ss blooger pole, et Philips mulle maksaks v\u00f5i annaks sellle tasuta. Tegelikult on see masin \u00fcsna kr\u00f5beda hinnaga, aga kui arvestada laserprotseduuri hinda, siis on v\u00e4ga okei. V\u00f5i v\u00f5rdle aparaadi hinda vaha- v\u00f5i sugraringi protseduuridega. See on siiski \u00fchekordne ost!<\/p>\n<p class=\"brz-ff-montserrat brz-ft-google brz-fs-lg-16 brz-fss-lg-px brz-fw-lg-400 brz-ls-lg-0 brz-lh-lg-1_9 brz-tp-lg-empty brz-css-oxQFD\" data-uniq-id=\"dqtjg\" data-generated-css=\"brz-css-wlhzu\"><\/p>\n<p class=\"brz-ff-montserrat brz-ft-google brz-fs-lg-16 brz-fss-lg-px brz-fw-lg-400 brz-ls-lg-0 brz-lh-lg-1_9 brz-tp-lg-empty brz-css-i8UJS\" data-uniq-id=\"klrjw\" data-generated-css=\"brz-css-yfchf\">Kuidas IPL t\u00f6\u00f6tab? Sellel on udupeen Intense Pulsed Light (IPL)  tehnoloogia, ehk siis see tekitab eredad, aga \u00f5rnad valguss\u00e4hvatused, mis tungivad karvakese juureni. Mida heledam on nahk ja tumedam on karv, seda parem! Need valguss\u00e4hvatused stimuleerivad karva folliikulit minema puhkuse faasi. Karvake peaks ise \u00e4ra kukkuma ja ei kasva nii kiirelt enam tagasi. Karvakasv koosneb erinevatest faasidest. IPL tehnoloogia on k\u00f5ige efektiivsem, kui karvake on kasvufaasis. K\u00f5ik karvakesed pole muidugi samas faasis \u00fchel ajal. Philips ise soovitab kasutada j\u00e4rjekindlalt 4 protseduuri, iga protseduur iga 2 n\u00e4dala j\u00e4rel ning siis j\u00e4tka toetuseks 4-n\u00e4dala j\u00e4rel, ja ole veendunud, et tabad karvakesi kasvufaasis.<\/p>\n<p class=\"brz-ff-montserrat brz-ft-google brz-fs-lg-16 brz-fss-lg-px brz-fw-lg-400 brz-ls-lg-0 brz-lh-lg-1_9 brz-tp-lg-empty brz-css-uYUHk\" data-uniq-id=\"yzrdf\" data-generated-css=\"brz-css-zzdat\"><\/p>\n<p class=\"brz-ff-montserrat brz-ft-google brz-fs-lg-16 brz-fss-lg-px brz-fw-lg-400 brz-ls-lg-0 brz-lh-lg-1_9 brz-tp-lg-empty brz-css-gbIXH\" data-uniq-id=\"fbvwg\" data-generated-css=\"brz-css-deffa\">Millist v\u00e4rvi karvakestele see IPL sobib?<\/p>\n<p class=\"brz-ff-montserrat brz-ft-google brz-fs-lg-16 brz-fss-lg-px brz-fw-lg-400 brz-ls-lg-0 brz-lh-lg-1_9 brz-tp-lg-empty brz-css-vu6Oo\" data-uniq-id=\"masus\" data-generated-css=\"brz-css-pxoed\">Lumea Series 9000 ei ole efektiivne, kui Sul on heleblondid, hallid, punased v\u00f5i valged karvakesed.<\/p>\n<p class=\"brz-ff-montserrat brz-ft-google brz-fs-lg-16 brz-fss-lg-px brz-fw-lg-400 brz-ls-lg-0 brz-lh-lg-1_9 brz-tp-lg-empty brz-css-bMzLU\" data-uniq-id=\"palwe\" data-generated-css=\"brz-css-qfwdt\">Minul on k\u00e4tel suhteliselt valged karvakesed, jalgadel on pool jalga t\u00e4iesti blondid ja allpool siis veidi tumedamad. Ehk siis, mina saan kasutada seda tumedamatel karvadel &#8211; s\u00e4\u00e4red, bikiin ja kaenlaalused. Mind vahel h\u00e4irivad udukarvad huulte \u00fcmbruses ka, aga kui Sa vaatad, siis on need k\u00f5igil! \ud83d\ude00 Kellel on t\u00e4itsa vuntsi moodi v\u00f5i tumedamad nuhtlused, siis kasuta julgelt, selleks on ka oma otsik!<\/p>\n<p class=\"brz-ff-montserrat brz-ft-google brz-fs-lg-16 brz-fss-lg-px brz-fw-lg-400 brz-ls-lg-0 brz-lh-lg-1_9 brz-tp-lg-empty brz-css-olnGT\" data-uniq-id=\"evtpt\" data-generated-css=\"brz-css-ssnfo\"><\/p>\n<p class=\"brz-ff-montserrat brz-ft-google brz-fs-lg-16 brz-fss-lg-px brz-fw-lg-400 brz-ls-lg-0 brz-lh-lg-1_9 brz-tp-lg-empty brz-css-eOPTU\" data-uniq-id=\"hqeaw\" data-generated-css=\"brz-css-fvyxl\">Kuidas kasutada? Puhasta ja raseeri nahk! Kui Sa vahatad enne, siis oota 24h enne protseduuri! Kindlasti \u00e4ra kreemita enne IPL-i.<\/p>\n<p class=\"brz-ff-montserrat brz-ft-google brz-fs-lg-16 brz-fss-lg-px brz-fw-lg-400 brz-ls-lg-0 brz-lh-lg-1_9 brz-tp-lg-empty brz-css-uPAK3\" data-uniq-id=\"noiut\" data-generated-css=\"brz-css-hevju\">Laserda puhtal nahal. Fake tan-i ajal \u00e4ra kasuta seda, kasuta siis kui oled selle pigem maha koorinud v\u00f5i see on kulunud. Kindlasti \u00e4ra kasuta ka kohe peale p\u00e4evitamist.<\/p>\n<p class=\"brz-ff-montserrat brz-ft-google brz-fs-lg-16 brz-fss-lg-px brz-fw-lg-400 brz-ls-lg-0 brz-lh-lg-1_9 brz-tp-lg-empty brz-css-lJurQ\" data-uniq-id=\"gedjo\" data-generated-css=\"brz-css-waugh\"><\/p>\n<p class=\"brz-ff-montserrat brz-ft-google brz-fs-lg-16 brz-fss-lg-px brz-fw-lg-400 brz-ls-lg-0 brz-lh-lg-1_9 brz-tp-lg-empty brz-css-iM3UJ\" data-uniq-id=\"pmgpd\" data-generated-css=\"brz-css-biczv\">Muud targemad \u00f5petused on sellega kaasas olevas raamatus juba kirjas! Kindlasti LOE ENNE L\u00c4BI!<\/p>\n<p class=\"brz-ff-montserrat brz-ft-google brz-fs-lg-16 brz-fss-lg-px brz-fw-lg-400 brz-ls-lg-0 brz-lh-lg-1_9 brz-tp-lg-empty brz-css-mrLMo\" data-uniq-id=\"ilogu\" data-generated-css=\"brz-css-wbpmx\"><\/p>\n<p class=\"brz-ff-montserrat brz-ft-google brz-fs-lg-16 brz-fss-lg-px brz-fw-lg-400 brz-ls-lg-0 brz-lh-lg-1_9 brz-tp-lg-empty brz-css-ykeG8\" data-uniq-id=\"ccoth\" data-generated-css=\"brz-css-sedmd\"><u>Aga n\u00fc\u00fcd ka minu kogemusest<\/u><strong><u> <\/u><\/strong><\/p>\n<p class=\"brz-ff-montserrat brz-ft-google brz-fs-lg-16 brz-fss-lg-px brz-fw-lg-400 brz-ls-lg-0 brz-lh-lg-1_9 brz-tp-lg-empty brz-css-qU1b9\" data-uniq-id=\"qyege\" data-generated-css=\"brz-css-erdrp\">On ilmselge, et mina ei lugenud kohe l\u00e4bi, tahtsin kohe kasutama hakata. \ud83d\ude00<\/p>\n<p class=\"brz-ff-montserrat brz-ft-google brz-fs-lg-16 brz-fss-lg-px brz-fw-lg-400 brz-ls-lg-0 brz-lh-lg-1_9 brz-tp-lg-empty brz-css-koaIb\" data-uniq-id=\"gpbxo\" data-generated-css=\"brz-css-hlbuh\">Sellel on erinevad otsikud, otsisin kohe sobiva otsiku v\u00e4lja ja andsin tuld. Seal on nupp, luup, millele vajutad ja see tuvastab naha tooni j\u00e4rgi, millist tugevust v\u00f5iksis kasutada. Alguses proovisin nr. 3 ja nr.4, n\u00fc\u00fcd olen viieline. See otsik on \u00fcsna v\u00e4ike, jalgu on mega t\u00fc\u00fctu teha, aga kui sul on pooled karvad jalgadel blondid, siis on \u00fcsna lihtne! \ud83d\ude00<\/p>\n<p class=\"brz-ff-montserrat brz-ft-google brz-fs-lg-16 brz-fss-lg-px brz-fw-lg-400 brz-ls-lg-0 brz-lh-lg-1_9 brz-tp-lg-empty brz-css-vnugF\" data-uniq-id=\"ltunu\" data-generated-css=\"brz-css-uvkco\">Aga bikiin ja kaenlaalused. See masin on ikka suuuuurep\u00e4rane!<\/p>\n<p class=\"brz-ff-montserrat brz-ft-google brz-fs-lg-16 brz-fss-lg-px brz-fw-lg-400 brz-ls-lg-0 brz-lh-lg-1_9 brz-tp-lg-empty brz-css-cC1Mi\" data-uniq-id=\"gqltk\" data-generated-css=\"brz-css-onxqg\"><\/p>\n<p class=\"brz-ff-montserrat brz-ft-google brz-fs-lg-16 brz-fss-lg-px brz-fw-lg-400 brz-ls-lg-0 brz-lh-lg-1_9 brz-tp-lg-empty brz-css-qB2dv\" data-uniq-id=\"dulqu\" data-generated-css=\"brz-css-pyohr\">Ja ma soovitan to the maxx, ma ei saa vahatada ja sugaring ka pole nii hea, karvad kasvavad sisse. Ikka kindel 5 korda olen opereerinud mingeid kahesendiseid karvu v\u00e4lja, sest karvakesel on see ots nii peenike, et ta ei suuda v\u00e4lja tungida ja rullub seal ning see on NII VALUS! IPL-ga pole sellist retsi ikka olnud kordagi. Olen kasutanud vastavalt oma naha seisundile seda laserit rohkem, kui raamatus \u00f6eldud on. Vahel olen laisk ja unustan, aga vahel kasutan korra n\u00e4dalas. \u00dctleme nii, et tulemus on mega ja tagasi kasvab praeguseks ala 10% karvakestest, eks ma v\u00f5iksin tublimalt teha ka. Ma olen super rahul!<\/p>\n<p class=\"brz-ff-montserrat brz-ft-google brz-fs-lg-16 brz-fss-lg-px brz-fw-lg-400 brz-ls-lg-0 brz-lh-lg-1_9 brz-tp-lg-empty brz-css-hhO_B\" data-uniq-id=\"awfno\" data-generated-css=\"brz-css-vvuyc\"><\/p>\n<p class=\"brz-ff-montserrat brz-ft-google brz-fs-lg-16 brz-fss-lg-px brz-fw-lg-400 brz-ls-lg-0 brz-lh-lg-1_9 brz-tp-lg-empty brz-css-n4Qen\" data-uniq-id=\"thvwm\" data-generated-css=\"brz-css-kuqsc\">Kas see on valus?<\/p>\n<p class=\"brz-ff-montserrat brz-ft-google brz-fs-lg-16 brz-fss-lg-px brz-fw-lg-400 brz-ls-lg-0 brz-lh-lg-1_9 brz-tp-lg-empty brz-css-eJyrw\" data-uniq-id=\"hldhb\" data-generated-css=\"brz-css-tcnox\">Tegelikult ei ole, kui ma kannatamatult j\u00e4rjest s\u00e4hvatan, siis see s\u00e4hvakas l\u00e4heb lihtsalt kuumaks. Ole kannatlik ja lase masinal korra puhata, siis on okei. Kui paned masina t\u00f6\u00f6le, valid tugevuse, siis paned vastu nahka t\u00e4ielikult selle otsa, kui nahaga on t\u00e4ielik kontakt, siis tekib ilus valge ring sinna IPL-i peale ja v\u00f5id p\u00e4\u00e4stikut vajutada, k\u00e4ib s\u00e4hvatus.<\/p>\n<p class=\"brz-ff-montserrat brz-ft-google brz-fs-lg-16 brz-fss-lg-px brz-fw-lg-400 brz-ls-lg-0 brz-lh-lg-1_9 brz-tp-lg-empty brz-css-m4iA0\" data-uniq-id=\"cakxu\" data-generated-css=\"brz-css-ljozf\">Naabritele on ilmselt see \u00fcsna p\u00f5nev (proovi pimedas ka neid \u00fcllatada \ud83d\ude00 )!<\/p>\n<p class=\"brz-ff-montserrat brz-ft-google brz-fs-lg-16 brz-fss-lg-px brz-fw-lg-400 brz-ls-lg-0 brz-lh-lg-1_9 brz-tp-lg-empty brz-css-qecZe\" data-uniq-id=\"sgsas\" data-generated-css=\"brz-css-gfsws\"><\/p>\n<p class=\"brz-ff-montserrat brz-ft-google brz-fs-lg-16 brz-fss-lg-px brz-fw-lg-400 brz-ls-lg-0 brz-lh-lg-1_9 brz-tp-lg-empty brz-css-zuAuZ\" data-uniq-id=\"ztwjg\" data-generated-css=\"brz-css-ndeqa\">Igastahes, see tasub igati oma ostu \u00e4ra ja veel j\u00f5uad enne suve v\u00e4lgutada kodus selle aparaadiga!<\/p>\n<\/div>\n<\/div>\n<\/div>\n<div id=\"\" class=\"brz-css-n31ss6 brz-wrapper\">\n<div class=\"brz-rich-text brz-rich-text__custom brz-css-zx9rr1\" data-brz-custom-id=\"cgklygctjciflccjhkuqayntkbgvqiwtztlo\">\n<div data-brz-translate-text=\"1\">\n<p class=\"brz-text-lg-center brz-tp-lg-abovetitle brz-css-mr5FG\" data-uniq-id=\"sgzgj\" data-generated-css=\"brz-css-mgncy\"><\/p>\n<\/div>\n<\/div>\n<\/div>\n<div id=\"\" class=\"brz-css-n31ss6 brz-css-1q11q4e brz-wrapper\">\n<div class=\"brz-spacer brz-css-efab4i brz-css-1d8di1k\"><\/div>\n<\/div>\n<div class=\"brz-row__container brz-css-1lr5sjf\" data-brz-custom-id=\"bbzuoghmpnkldvmpeerwjqxabdywyaszlkcu\">\n<div class=\"brz-bg\"><\/div>\n<div class=\"brz-row brz-css-6cqwj6 brz-css-atzov9\">\n<div class=\"brz-columns brz-css-nxgita brz-css-1t9cxnk\" data-brz-custom-id=\"jyorurqktybkjudppzzgkmpclblgbjqspdtg\">\n<div class=\"brz-bg\"><\/div>\n<div class=\"brz-column__items brz-css-dg78hn brz-css-fkigjw\">\n<div id=\"\" class=\"brz-css-n31ss6 brz-wrapper\">\n<div class=\"brz-rich-text brz-rich-text__custom brz-css-zx9rr1\" data-brz-custom-id=\"dcxhbdynfmtsosnlcbfxyhznvydtwpnskjlx\">\n<div data-brz-translate-text=\"1\">\n<h5 class=\"brz-text-lg-left brz-ff-montserrat brz-ft-google brz-fs-lg-17 brz-fss-lg-px brz-fw-lg-400 brz-ls-lg-0 brz-lh-lg-1_8 brz-css-pprZq\" data-generated-css=\"brz-css-hmaoo\" data-uniq-id=\"fyltb\"><span class=\"brz-cp-color2\">Philips Lumea kodune IPL l\u00e4bi minu kogemuse<\/span><\/h5>\n<\/div>\n<\/div>\n<\/div>\n<div id=\"\" class=\"brz-css-n31ss6 brz-wrapper\">\n<div class=\"brz-icon-text brz-css-1e03r2y\" data-brz-custom-id=\"ilmeowrlrlpeavsmcuehzlgtovhmsdmetsnu\">\n<div class=\"brz-icon__container\" data-brz-custom-id=\"xjlbtyofhgitbejgsybpczvpsvaupgjdzets\"><span class=\"brz-icon brz-span brz-css-zj9iho brz-css-dugox7\"><\/span><\/div>\n<div class=\"brz-text-btn\">\n<div class=\"brz-rich-text brz-rich-text__custom brz-css-zx9rr1\" data-brz-custom-id=\"llwsogrmuzqpwwkhkvhbpipelgtgcubeomgq\">\n<div data-brz-translate-text=\"1\">\n<h6 class=\"brz-ff-montserrat brz-ft-google brz-fs-lg-16 brz-fss-lg-px brz-fw-lg-700 brz-ls-lg-0 brz-lh-lg-1_5 brz-tp-lg-paragraph brz-css-uCNXx\" data-uniq-id=\"fhupw\" data-generated-css=\"brz-css-duobg\"><span class=\"brz-cp-color7\">Karvakasv on v\u00e4henenud kasutatud piirkondades<\/span><\/h6>\n<\/div>\n<\/div>\n<\/div>\n<\/div>\n<\/div>\n<div id=\"\" class=\"brz-css-n31ss6 brz-wrapper\">\n<div class=\"brz-icon-text brz-css-1e03r2y\" data-brz-custom-id=\"rxvtphaxwraflttqgipwxgwtwoaoomccyjba\">\n<div class=\"brz-icon__container\" data-brz-custom-id=\"xfjbnujoljsyciajjbvnjkqunoepyhhzablw\"><span class=\"brz-icon brz-span brz-css-zj9iho brz-css-6b422x\"><\/span><\/div>\n<div class=\"brz-text-btn\">\n<div class=\"brz-rich-text brz-rich-text__custom brz-css-zx9rr1\" data-brz-custom-id=\"ybisfjwzgpotdqhtoyfumygmzicltfiqisac\">\n<div data-brz-translate-text=\"1\">\n<h6 class=\"brz-ff-montserrat brz-ft-google brz-fs-lg-16 brz-fss-lg-px brz-fw-lg-700 brz-ls-lg-0 brz-lh-lg-1_5 brz-tp-lg-paragraph brz-css-xJdSh\" data-uniq-id=\"trgrp\" data-generated-css=\"brz-css-kvqij\"><span class=\"brz-cp-color7\">See pole valus protseduur, vastupidi, s\u00f5ltuvust tekitav!<\/span><\/h6>\n<\/div>\n<\/div>\n<\/div>\n<\/div>\n<\/div>\n<div id=\"\" class=\"brz-css-n31ss6 brz-wrapper\">\n<div class=\"brz-icon-text brz-css-1e03r2y\" data-brz-custom-id=\"tkyzzwpuyajkbeidpcnowhdkjperhibczgxb\">\n<div class=\"brz-icon__container\" data-brz-custom-id=\"yvppolhgwhictdkphkiyzqlnydbmfnbwaqqg\"><span class=\"brz-icon brz-span brz-css-zj9iho brz-css-1pu4sqn\"><\/span><\/div>\n<div class=\"brz-text-btn\">\n<div class=\"brz-rich-text brz-rich-text__custom brz-css-zx9rr1\" data-brz-custom-id=\"kmpzktyqcfpeqbkbavejyjgaajszczvrrfcy\">\n<div data-brz-translate-text=\"1\">\n<h6 class=\"brz-ff-montserrat brz-ft-google brz-fs-lg-16 brz-fss-lg-px brz-fw-lg-700 brz-ls-lg-0 brz-lh-lg-1_5 brz-tp-lg-paragraph brz-css-pySAp\" data-generated-css=\"brz-css-fncjy\" data-uniq-id=\"ssohy\"><span class=\"brz-cp-color7\">Minu nahk pole \u00e4rritunud, aga kindlasti testi enda oma! V\u00f5ibolla Sinu nahk pole viiemees! Just in case! <\/span><\/h6>\n<\/div>\n<\/div>\n<\/div>\n<\/div>\n<\/div>\n<div id=\"\" class=\"brz-css-n31ss6 brz-wrapper\">\n<div class=\"brz-icon-text brz-css-1e03r2y\" data-brz-custom-id=\"hrihucigemlqggwzlcmhoxqmmffcvyrinqaz\">\n<div class=\"brz-icon__container\" data-brz-custom-id=\"spugqshmyzqhywfevdorzghhbrcgtbowvhzp\"><span class=\"brz-icon brz-span brz-css-zj9iho brz-css-1er0z0o\"><\/span><\/div>\n<div class=\"brz-text-btn\">\n<div class=\"brz-rich-text brz-rich-text__custom brz-css-zx9rr1\" data-brz-custom-id=\"zlrvunnhkrjducifdorsqalanhxbquswsfef\">\n<div data-brz-translate-text=\"1\">\n<h6 class=\"brz-ff-montserrat brz-ft-google brz-fs-lg-16 brz-fss-lg-px brz-fw-lg-400 brz-ls-lg-0 brz-lh-lg-1_9 brz-tp-lg-paragraph brz-css-eqqYI\" data-generated-css=\"brz-css-ntzbg\" data-uniq-id=\"lszea\"><span class=\"brz-cp-color7\">Ma isegi soovitan sugaringi teha vahepeal v\u00f5i pintsettidega aidata, mingil hetkel karvakesed tulevad lihtsalt \u00e4ra! Valutult! <\/span><\/h6>\n<\/div>\n<\/div>\n<\/div>\n<\/div>\n<\/div>\n<div id=\"\" class=\"brz-css-n31ss6 brz-css-1q11q4e brz-css-1plu2cp brz-wrapper\">\n<div class=\"brz-spacer brz-css-efab4i brz-css-tpgft6\"><\/div>\n<\/div>\n<\/div>\n<\/div>\n<\/div>\n<\/div>\n<\/div>\n<\/div>\n<\/section>\n<section id=\"_imldvrdmxolmtrmzufalogyighxaffsnplbj\" class=\"brz-section brz-css-18jidtm\">\n<div class=\"brz-section__content brz-section--boxed brz-css-j15zp4 brz-css-1danc77\" data-brz-custom-id=\"xrlghekcvysdcozzfclokfhrfvtxcnyjlkhg\">\n<div class=\"brz-container brz-css-12bcjmv\">\n<div class=\"brz-row__container brz-css-1lr5sjf brz-css-1u6oe5g\" data-brz-custom-id=\"btitlmivrnhyjwqkaonfifwcigopwznkthrt\">\n<div class=\"brz-bg\"><\/div>\n<div class=\"brz-row brz-css-6cqwj6 brz-css-atzov9\">\n<div class=\"brz-columns brz-css-nxgita brz-css-zmqrt4\" data-brz-custom-id=\"ptktqzbfxlncmmefmdzdgzyxdzaslrqtmnnl\">\n<div class=\"brz-bg\"><\/div>\n<div class=\"brz-column__items brz-css-dg78hn brz-css-1g71axh\">\n<div id=\"\" class=\"brz-css-n31ss6 brz-wrapper\">\n<div class=\"brz-rich-text brz-rich-text__custom brz-css-zx9rr1\" data-brz-custom-id=\"cjghbvbfyaqnqxctqcilwpxvibdviquaqbmq\">\n<div data-brz-translate-text=\"1\">\n<p class=\"brz-tp-lg-abovetitle brz-text-lg-left brz-css-f09Vy\" data-generated-css=\"brz-css-dutjy\" data-uniq-id=\"mnkgt\"><span class=\"brz-cp-color7\"> <\/span><\/p>\n<p class=\"brz-tp-lg-abovetitle brz-text-lg-left brz-css-sHXIO\" data-generated-css=\"brz-css-dutjy\" data-uniq-id=\"mnkgt\"><span class=\"brz-cp-color7\">Minu jaoks on sile nahk enda enesekindluse ja maksimaalse mugavustunde aluseks..<\/span><\/p>\n<\/div>\n<\/div>\n<\/div>\n<div id=\"\" class=\"brz-css-n31ss6 brz-css-1q11q4e brz-wrapper\">\n<div class=\"brz-spacer brz-css-efab4i brz-css-4175ba\"><\/div>\n<\/div>\n<\/div>\n<\/div>\n<div class=\"brz-columns brz-css-nxgita brz-css-67ik6w\" data-brz-custom-id=\"tmwmrtsgerkfofiwphxidvxpbzakjivxeaik\">\n<div class=\"brz-bg\"><\/div>\n<div class=\"brz-column__items brz-css-dg78hn brz-css-np4xok\">\n<div id=\"\" class=\"brz-css-n31ss6 brz-css-ckrjd4 brz-wrapper\">\n<div class=\"brz-image brz-css-1lcda2a brz-css-1eewvb5\" data-brz-custom-id=\"kpciitjpvqqtaepyrlrmibvcndhtofrkortm\"><img decoding=\"async\" class=\"brz-img\" src=\"https:\/\/paulalill.com\/?brizy_media=wp-75616680daa406eaa185cc3e9c5cba79.jpg&amp;brizy_crop=iW%3D555%26iH%3D694%26oX%3D0%26oY%3D83%26cW%3D555%26cH%3D527\" alt=\"\" loading=\"lazy\"><\/div>\n<\/div>\n<\/div>\n<\/div>\n<\/div>\n<\/div>\n<\/div>\n<\/div>\n<\/section>\n<\/div>\n<p>    <!-- version:1737217930 --><\/p>","protected":false},"excerpt":{"rendered":"<p>Philips Lumea home IPL Tegin tegelikult pilte DermOrganic toodetest ja juba tekkisid k\u00fcsimused selle koduse IPL-i kohta.. Nimelt olen ammu uudistanud laseri protseduure, aga eks ma olen samamoodi selline &#8211; ise targutan aga aega ei leia endale. Et kliendid saadan kuhu vaja, kas kutsun juuksurisse hooldusesse, regulaarselt otsi l\u00f5ikama, saadan nad n\u00e4ohooldusesse, l\u00fcmfi vms.. Aga [&hellip;]<\/p>","protected":false},"author":1,"featured_media":0,"parent":0,"menu_order":0,"comment_status":"closed","ping_status":"closed","template":"brizy-blank-template.php","meta":{"_monsterinsights_skip_tracking":false,"_monsterinsights_sitenote_active":false,"_monsterinsights_sitenote_note":"","_monsterinsights_sitenote_category":0,"footnotes":""},"brizy_media":[{"id":9591,"url":"https:\/\/paulalill.com\/wp-content\/uploads\/2022\/01\/DSC2920.jpg","name":"DSC2920.jpg","meta":{"brizy_attachment_uid":"wp-75616680daa406eaa185cc3e9c5cba79.jpg","brizy_post_uid":["7fe860b5cfe16d75e300654599e648f0","ecaf87fe33135544897c67f93fdb5e5f"]}},{"id":9592,"url":"https:\/\/paulalill.com\/wp-content\/uploads\/2022\/01\/DSC2910-2.jpg","name":"DSC2910-2.jpg","meta":{"brizy_attachment_uid":"wp-eb57fbb9df117cd5669adb485b6f0aff.jpg","brizy_post_uid":["ecaf87fe33135544897c67f93fdb5e5f"]}},{"id":9593,"url":"https:\/\/paulalill.com\/wp-content\/uploads\/2022\/01\/DSC2911.jpg","name":"DSC2911.jpg","meta":{"brizy_attachment_uid":"wp-eefe29d44e8111488e747efc86c1151d.jpg","brizy_post_uid":["ecaf87fe33135544897c67f93fdb5e5f"]}}],"_links":{"self":[{"href":"https:\/\/paulalill.com\/en\/wp-json\/wp\/v2\/pages\/9651"}],"collection":[{"href":"https:\/\/paulalill.com\/en\/wp-json\/wp\/v2\/pages"}],"about":[{"href":"https:\/\/paulalill.com\/en\/wp-json\/wp\/v2\/types\/page"}],"author":[{"embeddable":true,"href":"https:\/\/paulalill.com\/en\/wp-json\/wp\/v2\/users\/1"}],"replies":[{"embeddable":true,"href":"https:\/\/paulalill.com\/en\/wp-json\/wp\/v2\/comments?post=9651"}],"version-history":[{"count":5,"href":"https:\/\/paulalill.com\/en\/wp-json\/wp\/v2\/pages\/9651\/revisions"}],"predecessor-version":[{"id":9674,"href":"https:\/\/paulalill.com\/en\/wp-json\/wp\/v2\/pages\/9651\/revisions\/9674"}],"wp:attachment":[{"href":"https:\/\/paulalill.com\/en\/wp-json\/wp\/v2\/media?parent=9651"}],"curies":[{"name":"wp","href":"https:\/\/api.w.org\/{rel}","templated":true}]}}