{"id":9339,"date":"2021-09-24T15:37:34","date_gmt":"2021-09-24T15:37:34","guid":{"rendered":"https:\/\/paulalill.com\/?page_id=9339"},"modified":"2026-04-07T09:13:09","modified_gmt":"2026-04-07T09:13:09","slug":"sooduskood","status":"publish","type":"page","link":"https:\/\/paulalill.com\/en\/sooduskood\/","title":{"rendered":"sooduskood"},"content":{"rendered":"<div class=\"brz-root__container brz-reset-all brz brz-root__container-page\">\n<section id=\"_mebbpvxuhorwtgzjyweegeylckaowkggpbjz\" class=\"brz-section brz-css-9cs4xw\">\n<div class=\"brz-section__content brz-section--boxed brz-css-sxifrh brz-css-1p373dt\" data-brz-custom-id=\"sqjihleudkqruhtaihruojazfzlnzxwfptbj\">\n<div class=\"brz-bg\">\n<div class=\"brz-bg-image brz-bg-image-parallax\"><\/div>\n<\/div>\n<div class=\"brz-container brz-css-cn4m4g brz-css-b1jzho\">\n<div id=\"\" class=\"brz-css-llbzkg brz-wrapper\">\n<div class=\"brz-rich-text brz-rich-text__custom brz-css-188stb9\" data-brz-custom-id=\"rmwimnisfhhhwjokdsgulqonzcipflffrhpq\">\n<div data-brz-translate-text=\"1\">\n<h2 class=\"brz-fs-lg-34 brz-ft-google brz-ff-montserrat brz-tp-lg-empty brz-lh-lg-1_3 brz-ls-lg-m_1_5 brz-fw-lg-400 brz-fss-lg-px brz-text-lg-center brz-css-jDxvM\" data-uniq-id=\"anxsk\" data-generated-css=\"brz-css-mnigv\"><span class=\"brz-cp-color5\"> paulalill.com\/sooduskood<\/span><\/h2>\n<\/div>\n<\/div>\n<\/div>\n<\/div>\n<\/div>\n<\/section>\n<section id=\"_dwqskozfzfcyxpuqivnpxkwdzgcvmdltfxjo\" class=\"brz-section brz-css-9cs4xw\">\n<div class=\"brz-section__content brz-section--boxed brz-css-sxifrh brz-css-zskhkq\" data-brz-custom-id=\"kgkkbylgkmrgiowrmjdyxqmajctlsfgflepj\">\n<div class=\"brz-container brz-css-cn4m4g\">\n<div class=\"brz-row__container brz-css-jbt0kp\" data-brz-custom-id=\"pkyvxaxnnbavrplhilbnyrftphljieiqgmhm\">\n<div class=\"brz-bg\"><\/div>\n<div class=\"brz-row brz-css-pu06u9 brz-css-o02r2e\">\n<div class=\"brz-columns brz-css-1t0crrk\" data-brz-custom-id=\"vjohxjolicoqbaxowgsfcepvjcwntlrpcypl\">\n<div class=\"brz-bg\"><\/div>\n<div class=\"brz-column__items brz-css-18k3kln brz-css-1s1mnf2\">\n<div class=\"brz-wrapper-clone brz-css-2hbnt5\">\n<div class=\"brz-d-xs-flex brz-flex-xs-wrap brz-css-x84jq8 brz-css-13yoyfs\" data-brz-custom-id=\"\">\n<div class=\"brz-wrapper-clone__item\" id=\"jdivrircovwxqsyvdyecdmoiyjmpvbyczovz\">\n<div class=\"brz-icon__container\" data-brz-custom-id=\"jdivrircovwxqsyvdyecdmoiyjmpvbyczovz\"><span class=\"brz-icon brz-span brz-css-1q6gtjd brz-css-1ckmptx\"><\/span><\/div>\n<\/div>\n<\/div>\n<\/div>\n<div id=\"\" class=\"brz-css-llbzkg brz-wrapper\">\n<div class=\"brz-rich-text brz-rich-text__custom brz-css-188stb9\" data-brz-custom-id=\"bewmbbtzynuzzpndiktosuwzfpygwckllzut\">\n<div data-brz-translate-text=\"1\">\n<h4 class=\"brz-tp-lg-heading4 brz-css-nplUk\" data-uniq-id=\"ztzla\" data-generated-css=\"brz-css-agkfy\">dermorganic.ee<\/h4>\n<\/div>\n<\/div>\n<\/div>\n<div id=\"\" class=\"brz-css-llbzkg brz-css-1jhj1tt brz-wrapper\">\n<div class=\"brz-rich-text brz-rich-text__custom brz-css-188stb9\" data-brz-custom-id=\"sqsgoyszmdtfkfhofateiaxoxfidigxlipbx\">\n<div data-brz-translate-text=\"1\">\n<p class=\"brz-tp-lg-paragraph brz-css-fU78N\" data-uniq-id=\"amjob\" data-generated-css=\"brz-css-ydojs\">Ma kasutan v\u00e4ga palju aastaid juba Dermorganic tooteid!<\/p>\n<p class=\"brz-tp-lg-paragraph brz-css-raPNg\" data-uniq-id=\"gchey\" data-generated-css=\"brz-css-rzwwh\">Ma ei saa muuga pesta, kuna mul on dermatiit, mis suurema stressi v\u00f5i \u00e4revusega tahab ilmneda, aga need tooted on meeletud abilised leevendamaks s\u00fcgelust ja kuivust.<\/p>\n<p class=\"brz-tp-lg-paragraph brz-css-zCM8x\" data-uniq-id=\"xzzeb\" data-generated-css=\"brz-css-sldrj\">Mina nende toodeteta lihtsalt enam elada ei saa!<\/p>\n<p class=\"brz-tp-lg-paragraph brz-css-lUQxF\" data-uniq-id=\"icnnq\" data-generated-css=\"brz-css-zakda\">Need on \u00fclimalt puhtad ja ei sisalda aineid, mida Sinu organism ei vaja! Ja ka peanahk on \u00fclimalt oluline, et seal poleks ladestunud keemiat, peanahk saab hingata ja juuksed saavad vohada. N\u00e4en oma t\u00f6\u00f6s tihti klientidel \u00e4rritunud, punetavat ning stressis peanahka. Pea meeles, et nagu Sinu n\u00e4onahk, tahab ka peanahk niisutust, seda DermOrganic ka annab. Looduslik kookos peseb \u00f5rnalt peanaha ning juuksed ning ka samal ajal niisutab.<\/p>\n<p class=\"brz-ft-google brz-fs-lg-16 brz-fss-lg-px brz-fw-lg-400 brz-ls-lg-0 brz-lh-lg-1_9 brz-tp-lg-empty brz-ff-lato brz-css-qyDkj\" data-uniq-id=\"lqzoi\" data-generated-css=\"brz-css-ivpcv\"><span class=\"brz-cp-color5\">SOODUSKOOD: <\/span><\/p>\n<p class=\"brz-tp-lg-empty brz-ff-overpass brz-ft-google brz-fs-lg-16 brz-fss-lg-px brz-fw-lg-400 brz-ls-lg-0 brz-lh-lg-1_9 brz-css-k0UtY\" data-uniq-id=\"qfylh\" data-generated-css=\"brz-css-vbkaj\"><strong>Paula20 annab Sulle dermorganic.ee e-poes toodetele 20% soodustust! <\/strong><\/p>\n<\/div>\n<\/div>\n<\/div>\n<div class=\"brz-wrapper-clone brz-css-2hbnt5\">\n<div class=\"brz-d-xs-flex brz-flex-xs-wrap brz-css-x84jq8 brz-css-1cg0gbv\" data-brz-custom-id=\"\">\n<div class=\"brz-wrapper-clone__item\" id=\"fudhqxjqwuqaibnzqhtuuzftdlfmitqbyzfr\"><a class=\"brz-a brz-btn brz-css-y8tswj brz-css-sy7icw brz-css-oxorku brz-css-fuslc0\" href=\"https:\/\/dermorganic.ee\" target=\"_self\" rel=\"noopener\" data-brz-link-type=\"external\" data-brz-custom-id=\"fudhqxjqwuqaibnzqhtuuzftdlfmitqbyzfr\"><span data-brz-translate-text=\"1\" class=\"brz-span brz-text__editor\">DERMORGANIC.EE<\/span><\/a><\/div>\n<\/div>\n<\/div>\n<\/div>\n<\/div>\n<div class=\"brz-columns brz-css-1t0crrk\" data-brz-custom-id=\"wllejasfgbwjbnsaesnbduoikowhiduclase\">\n<div class=\"brz-column__items brz-css-18k3kln brz-css-9tuw51\">\n<div id=\"\" class=\"brz-css-llbzkg brz-wrapper\">\n<div class=\"brz-image brz-css-rb1ja0\" data-brz-custom-id=\"gmmxwthmthwixppjabbshuvceayxjhfoemcy\"><img decoding=\"async\" class=\"brz-img\" src=\"https:\/\/paulalill.com\/wp-content\/uploads\/brizy\/imgs\/DSC8922-scaled-470x707x0x36x470x635x1692557221.jpg\" alt=\"\" loading=\"lazy\"><\/div>\n<\/div>\n<\/div>\n<\/div>\n<\/div>\n<\/div>\n<\/div>\n<\/div>\n<\/section>\n<section id=\"_ohfjqwdntqfundqvafvwqyfnxcxgydkoyjpx\" class=\"brz-section brz-css-9cs4xw\">\n<div class=\"brz-section__content brz-section--boxed brz-css-sxifrh brz-css-1d3fiuh\" data-brz-custom-id=\"mirospuzmlstaprsspsxnjrjbtmknlttribd\">\n<div class=\"brz-container brz-css-cn4m4g\">\n<div class=\"brz-row__container brz-css-jbt0kp\" data-brz-custom-id=\"scdejyjoaxjoezcwzqbwiahaxlbxknrjfcoq\">\n<div class=\"brz-bg\"><\/div>\n<div class=\"brz-row brz-css-pu06u9 brz-css-o02r2e\">\n<div class=\"brz-columns brz-css-1t0crrk brz-css-4upbhs\" data-brz-custom-id=\"jsfpagliaqfabbwnuuizvxicqlqhktswtqbe\">\n<div class=\"brz-bg\"><\/div>\n<div class=\"brz-column__items brz-css-18k3kln brz-css-1rnq34u\">\n<div class=\"brz-wrapper-clone brz-css-2hbnt5\">\n<div class=\"brz-d-xs-flex brz-flex-xs-wrap brz-css-x84jq8 brz-css-18bux8s\" data-brz-custom-id=\"\">\n<div class=\"brz-wrapper-clone__item\" id=\"lsmcezvfjnpmtxbfvypcmrouytuqpamwgyvo\">\n<div class=\"brz-icon__container\" data-brz-custom-id=\"lsmcezvfjnpmtxbfvypcmrouytuqpamwgyvo\"><span class=\"brz-icon brz-span brz-css-1q6gtjd brz-css-1irq0ou\"><\/span><\/div>\n<\/div>\n<\/div>\n<\/div>\n<div id=\"\" class=\"brz-css-llbzkg brz-wrapper\">\n<div class=\"brz-rich-text brz-rich-text__custom brz-css-188stb9\" data-brz-custom-id=\"wwzaxaxfvjnnamjpuxkytpjmahcnfadvobgw\">\n<div data-brz-translate-text=\"1\">\n<h4 class=\"brz-tp-lg-heading4 brz-css-mceJG\" data-uniq-id=\"ssllb\" data-generated-css=\"brz-css-kvozf\">korilane.ee<\/h4>\n<\/div>\n<\/div>\n<\/div>\n<div id=\"\" class=\"brz-css-llbzkg brz-css-1srrbxn brz-wrapper\">\n<div class=\"brz-rich-text brz-rich-text__custom brz-css-188stb9\" data-brz-custom-id=\"vcfmqyfjmegwoiexxnxxdpfhnadohixlvhwn\">\n<div data-brz-translate-text=\"1\">\n<p class=\"brz-tp-lg-paragraph brz-css-dMtCu\" data-uniq-id=\"wwhrv\" data-generated-css=\"brz-css-tqtrv\">Info nende kodulehelt:<\/p>\n<p class=\"brz-tp-lg-paragraph brz-css-pT5ME\" data-uniq-id=\"rwmpw\" data-generated-css=\"brz-css-rqlvg\"><\/p>\n<p class=\"brz-tp-lg-paragraph brz-css-zzaCA\" data-uniq-id=\"eolgo\" data-generated-css=\"brz-css-mdere\">&#8220;Me usume, et hea tervis on \u00f5nnelikkuse ja pika eluea v\u00f5ti. P\u00fcsida terve t\u00e4nap\u00e4eva kiires elutempos n\u00f5uab meilt tugevat ja vastupidavat tervist. Siinkohal saame Sulle suureks toeks olla ja aidata kaasa Sinu paremale tervisele l\u00e4bi erakordselt puhaste toidulisanditega.&#8221; &#8211; Ain ja Rosalin S\u00fcld.<\/p>\n<p class=\"brz-tp-lg-paragraph brz-css-j5KMf\" data-uniq-id=\"eolgo\" data-generated-css=\"brz-css-mdere\">\n<p class=\"brz-ft-google brz-fs-lg-16 brz-fss-lg-px brz-fw-lg-400 brz-ls-lg-0 brz-lh-lg-1_9 brz-tp-lg-empty brz-ff-lato brz-css-kd6Q7\" data-uniq-id=\"wjuhs\" data-generated-css=\"brz-css-artsg\"><span class=\"brz-cp-color7\">Puhas \u00f5hk ja loodus on p\u00f5hjamaalaste t\u00f5eline trofee. Asume Saaremaal, Eesti suurimal saarel, kus keset \u00f6koloogilist puhast metsa on rajatud meie mahep\u00f5llud ja-tootmine. Kohalikud talunikud k\u00fclvavad mulda koostisainete seemned ning sorteerivad k\u00e4sitsi saagi, et tagada meiepoolt lubatud kvaliteeti k\u00f5ikides toodetes.&nbsp;<\/span><\/p>\n<p class=\"brz-ft-google brz-fs-lg-16 brz-fss-lg-px brz-fw-lg-400 brz-ls-lg-0 brz-lh-lg-1_9 brz-tp-lg-empty brz-ff-lato brz-css-vFihz\" data-uniq-id=\"ewpzo\" data-generated-css=\"brz-css-iutvd\"><span class=\"brz-cp-color7\">Meie toorained ja tootmine on sertifitseeritult mahe. Oma tegevuses juhindume kontrollitud mahep\u00f5llumajandusest tulenevatest juhistest vastavalt Euroopa Liidu m\u00e4\u00e4rustele. Lisaks p\u00f6\u00f6rame t\u00e4helepanu meie keskkonnam\u00f5jule, mist\u00f5ttu oleme kasutusele v\u00f5tnud taaskasutavad tootekarbid ja biolagunevad riidekotid. <\/span><\/p>\n<p class=\"brz-ft-google brz-fs-lg-16 brz-fss-lg-px brz-fw-lg-400 brz-ls-lg-0 brz-lh-lg-1_9 brz-tp-lg-empty brz-ff-lato brz-css-cNogP\" data-uniq-id=\"wuzoy\" data-generated-css=\"brz-css-yohoj\"><span class=\"brz-cp-color5\"> <\/span><\/p>\n<p class=\"brz-ft-google brz-fs-lg-16 brz-fss-lg-px brz-fw-lg-400 brz-ls-lg-0 brz-lh-lg-1_9 brz-tp-lg-empty brz-ff-lato brz-css-swXbR\" data-uniq-id=\"yhmpo\" data-generated-css=\"brz-css-ivrap\"><span class=\"brz-cp-color5\">SOODUSKOOD: <\/span><\/p>\n<p class=\"brz-tp-lg-empty brz-ff-overpass brz-ft-google brz-fs-lg-16 brz-fss-lg-px brz-fw-lg-400 brz-ls-lg-0 brz-lh-lg-1_9 brz-css-y5UFp\" data-uniq-id=\"xdlud\" data-generated-css=\"brz-css-agmoj\"><strong>Paula15 annab Sulle korilane.ee e-poes tavahinnaga toodetelt 15% soodustust! <\/strong><\/p>\n<\/div>\n<\/div>\n<\/div>\n<div class=\"brz-wrapper-clone brz-css-2hbnt5\">\n<div class=\"brz-d-xs-flex brz-flex-xs-wrap brz-css-x84jq8 brz-css-uhw4pz\" data-brz-custom-id=\"\">\n<div class=\"brz-wrapper-clone__item\" id=\"xornvmatezjmggquuskrvbnmzglciacnzzal\"><a class=\"brz-a brz-btn brz-css-y8tswj brz-css-7m7nq7 brz-css-oxorku brz-css-6l7jal\" href=\"https:\/\/korilane.ee\/collections\/koik-tervisetooted\" target=\"_blank\" rel=\"noopener\" data-brz-link-type=\"external\" data-brz-custom-id=\"xornvmatezjmggquuskrvbnmzglciacnzzal\"><span data-brz-translate-text=\"1\" class=\"brz-span brz-text__editor\">KORILANE.EE<\/span><\/a><\/div>\n<\/div>\n<\/div>\n<\/div>\n<\/div>\n<div class=\"brz-columns brz-css-1t0crrk brz-css-21pa13\" data-brz-custom-id=\"fqpqnqklgvgedtpesocsfcpinfjvrjzfugmn\">\n<div class=\"brz-column__items brz-css-18k3kln brz-css-m1vyar\">\n<div id=\"\" class=\"brz-css-llbzkg brz-wrapper\">\n<div class=\"brz-image brz-css-ykc6yu\" data-brz-custom-id=\"mxvspvvvgdndbrqpnjxpixtvhesjbtuzyzxf\"><img decoding=\"async\" class=\"brz-img\" src=\"https:\/\/paulalill.com\/wp-content\/uploads\/brizy\/imgs\/DSC0631-scaled-535x804x3x0x486x804x1692119384.jpg\" alt=\"\" loading=\"lazy\"><\/div>\n<\/div>\n<\/div>\n<\/div>\n<\/div>\n<\/div>\n<\/div>\n<\/div>\n<\/section>\n<section id=\"_enlhrabdelgyxfjnefbyxuomybpzoughkwdh\" class=\"brz-section brz-css-9cs4xw\">\n<div class=\"brz-section__content brz-section--boxed brz-css-sxifrh brz-css-h3kgzq\" data-brz-custom-id=\"qfqooxmprywjsgwpmlcbplfwztoatxufmrmu\">\n<div class=\"brz-container brz-css-cn4m4g\">\n<div class=\"brz-row__container brz-css-jbt0kp\" data-brz-custom-id=\"fsqydrlwoumqpctedewyainaxxirdirvteqv\">\n<div class=\"brz-bg\"><\/div>\n<div class=\"brz-row brz-css-pu06u9 brz-css-o02r2e\">\n<div class=\"brz-columns brz-css-1t0crrk\" data-brz-custom-id=\"yxlreoljiezpgkgxiaplwvrrotvjdxdxxkay\">\n<div class=\"brz-bg\"><\/div>\n<div class=\"brz-column__items brz-css-18k3kln brz-css-14f8hu6\">\n<div class=\"brz-wrapper-clone brz-css-2hbnt5\">\n<div class=\"brz-d-xs-flex brz-flex-xs-wrap brz-css-x84jq8 brz-css-92golm\" data-brz-custom-id=\"\">\n<div class=\"brz-wrapper-clone__item\" id=\"qbvbjntdntufcnxyzzcbsrzbyjizyjehgjcn\">\n<div class=\"brz-icon__container\" data-brz-custom-id=\"qbvbjntdntufcnxyzzcbsrzbyjizyjehgjcn\"><span class=\"brz-icon brz-span brz-css-1q6gtjd brz-css-1gdfc0f\"><\/span><\/div>\n<\/div>\n<\/div>\n<\/div>\n<div id=\"\" class=\"brz-css-llbzkg brz-wrapper\">\n<div class=\"brz-rich-text brz-rich-text__custom brz-css-188stb9\" data-brz-custom-id=\"gflvshjusxukjluxnsydzhwbiaajxefpdvrm\">\n<div data-brz-translate-text=\"1\">\n<h4 class=\"brz-tp-lg-heading4 brz-css-vc5Gr\" data-generated-css=\"brz-css-zwdfv\" data-uniq-id=\"itvpk\">isebabies.com<\/h4>\n<\/div>\n<\/div>\n<\/div>\n<div id=\"\" class=\"brz-css-llbzkg brz-css-1c82ktf brz-wrapper\">\n<div class=\"brz-rich-text brz-rich-text__custom brz-css-188stb9\" data-brz-custom-id=\"klojfkhcyxrugtrphfflpmseklaqqglknruy\">\n<div data-brz-translate-text=\"1\">\n<p class=\"brz-tp-lg-paragraph brz-css-kPbxk\" data-generated-css=\"brz-css-hmjfh\" data-uniq-id=\"ofruz\">Ma tutvustan teile selliseid vingeid emmesid nagu Kea ja Liis!<\/p>\n<p class=\"brz-tp-lg-paragraph brz-css-dpdsC\" data-generated-css=\"brz-css-mmkzj\" data-uniq-id=\"senfk\">Nad on saanud hakkama nii vinge ISE babies e-poega!<\/p>\n<p class=\"brz-tp-lg-paragraph brz-css-wjYS2\" data-generated-css=\"brz-css-vfeje\" data-uniq-id=\"yasfz\">Mina saan aru, et ISEbabies motoks on see, et lapsed saaksid r\u00f5\u00f5msalt, aga emmedele ja ka endale mugavamalt maailma avastada. N\u00e4iteks on nende valikus silikoonist vahvad kausikesed ja lusikad. Lusikad on puidust k\u00e4epidemetega. Nii armsad, p\u00fcsivad kergemini laual ja aitavad p\u00f5nnil ISE s\u00fc\u00fca. Segadust tema s\u00fcles aitab \u00e4ra hoida silikoonist p\u00f5lleke. Samuti on neil vahvaid kaarte beebi minis\u00fcnnadeks, m\u00e4ngudeks, kutseid jne..<\/p>\n<p class=\"brz-tp-lg-paragraph brz-css-taOsZ\" data-generated-css=\"brz-css-pwvqw\" data-uniq-id=\"neyoa\">Kes hullub \u00fcllatuseks oleva babyshoweri v\u00f5i lihtsamalt \u00f6eldes beebipeoga, siis telli neilt m\u00e4ngukaardid, kus juba on vahvad k\u00fcsimused peal olemad ning boonuseks on ilus disain.<\/p>\n<p class=\"brz-tp-lg-paragraph brz-css-dva5g\" data-generated-css=\"brz-css-aumvf\" data-uniq-id=\"geolx\">Kindlasti vaata ka \u00fcli\u00e4gedaid k\u00e4sit\u00f6\u00f6na valminud m\u00e4lestuskarpe! Neid on erinevad, need on \u00fcsna suured ning mahukad. Sinna saad panna m\u00e4lestuseks beebi esimesed riided, uh-pildid, luti, jalaj\u00e4lje, pildid, esimesed armsad joonistused. M\u00e4lestused!<\/p>\n<p class=\"brz-tp-lg-paragraph brz-css-mCVxp\" data-generated-css=\"brz-css-yfbzi\" data-uniq-id=\"gchrq\"><\/p>\n<p class=\"brz-tp-lg-empty brz-ff-lato brz-ft-google brz-fs-lg-16 brz-fss-lg-px brz-fw-lg-400 brz-ls-lg-0 brz-lh-lg-1_9 brz-css-mS3gN\" data-generated-css=\"brz-css-pqnue\" data-uniq-id=\"fyfya\"><span class=\"brz-cp-color5\">SOODUSKOOD: <\/span><\/p>\n<p class=\"brz-lh-lg-1_9 brz-ls-lg-0 brz-fw-lg-400 brz-fss-lg-px brz-fs-lg-16 brz-ft-google brz-ff-overpass brz-tp-lg-empty brz-css-vVz0a\" data-generated-css=\"brz-css-psgrm\" data-uniq-id=\"wueke\"><strong>Paulalill15 annab Sulle isebabies.com e-poes toodetele 15% soodustust! <\/strong><\/p>\n<\/div>\n<\/div>\n<\/div>\n<div class=\"brz-wrapper-clone brz-css-2hbnt5\">\n<div class=\"brz-d-xs-flex brz-flex-xs-wrap brz-css-x84jq8 brz-css-1u6aet1\" data-brz-custom-id=\"\">\n<div class=\"brz-wrapper-clone__item\" id=\"mlnzpravnystnkgskevmizywdncmlcsupkoz\"><a class=\"brz-a brz-btn brz-css-y8tswj brz-css-wvrlr1 brz-css-oxorku brz-css-9d3hj9\" href=\"https:\/\/isebabies.com\" target=\"_self\" rel=\"noopener\" data-brz-link-type=\"external\" data-brz-custom-id=\"mlnzpravnystnkgskevmizywdncmlcsupkoz\"><span data-brz-translate-text=\"1\" class=\"brz-span brz-text__editor\">ISEBABIES.COM<\/span><\/a><\/div>\n<\/div>\n<\/div>\n<\/div>\n<\/div>\n<div class=\"brz-columns brz-css-1t0crrk\" data-brz-custom-id=\"phwqufwmmblvsjsevhleqliatsctuvbshtlr\">\n<div class=\"brz-column__items brz-css-18k3kln brz-css-57d2e4\">\n<div id=\"\" class=\"brz-css-llbzkg brz-wrapper\">\n<div class=\"brz-image brz-css-1hc9iwt\" data-brz-custom-id=\"pdvduslkvayouoebpssupgxuljmkjyrkvpln\"><img decoding=\"async\" class=\"brz-img\" src=\"https:\/\/paulalill.com\/?brizy_media=wp-e66797511a7f2e66cb6240bc2c8a0fa8.jpg&amp;brizy_crop=iW%3D498%26iH%3D664%26oX%3D14%26oY%3D0%26cW%3D470%26cH%3D664\" alt=\"\" loading=\"lazy\"><\/div>\n<\/div>\n<\/div>\n<\/div>\n<\/div>\n<\/div>\n<\/div>\n<\/div>\n<\/section>\n<\/div>\n<p>    <!-- version:1737016554 --><\/p>","protected":false},"excerpt":{"rendered":"<p>paulalill.com\/sooduskood dermorganic.ee Ma kasutan v\u00e4ga palju aastaid juba Dermorganic tooteid! Ma ei saa muuga pesta, kuna mul on dermatiit, mis suurema stressi v\u00f5i \u00e4revusega tahab ilmneda, aga need tooted on meeletud abilised leevendamaks s\u00fcgelust ja kuivust. Mina nende toodeteta lihtsalt enam elada ei saa! Need on \u00fclimalt puhtad ja ei sisalda aineid, mida Sinu organism [&hellip;]<\/p>","protected":false},"author":1,"featured_media":0,"parent":0,"menu_order":0,"comment_status":"closed","ping_status":"closed","template":"brizy-blank-template.php","meta":{"_monsterinsights_skip_tracking":false,"_monsterinsights_sitenote_active":false,"_monsterinsights_sitenote_note":"","_monsterinsights_sitenote_category":0,"footnotes":""},"brizy_media":[{"id":8949,"url":"https:\/\/paulalill.com\/wp-content\/uploads\/2021\/07\/20FC502E-942E-4C6F-BEE2-439521AA621D.jpg","name":"20FC502E-942E-4C6F-BEE2-439521AA621D.jpg","meta":{"brizy_attachment_uid":"wp-e682a3c651cb31975d04b2f31da439be.jpg","brizy_post_uid":["7fe860b5cfe16d75e300654599e648f0","f0bdc9671567504357f9ead1da1fc2de","721cf2b73abcec1b044be03850231651"]}},{"id":9224,"url":"https:\/\/paulalill.com\/wp-content\/uploads\/2021\/08\/IMG_6543_Facetune_31-08-2021-19-12-22-scaled.jpg","name":"IMG_6543_Facetune_31-08-2021-19-12-22.jpg","meta":{"brizy_attachment_uid":"wp-0e5a1e993f82a85037f6384089cb2f65.jpg","brizy_post_uid":["ad3ee19b1fd06dbc256b8fb920a4f54a","721cf2b73abcec1b044be03850231651"]}},{"id":9346,"url":"https:\/\/paulalill.com\/wp-content\/uploads\/2021\/09\/IMG_0836.jpg","name":"IMG_0836.jpg","meta":{"brizy_attachment_uid":"wp-a25ba8004ec1f995415ad82cceda57ab.jpg","brizy_post_uid":["721cf2b73abcec1b044be03850231651"]}},{"id":9359,"url":"https:\/\/paulalill.com\/wp-content\/uploads\/2021\/09\/IMG_0837.jpg","name":"IMG_0837.jpg","meta":{"brizy_attachment_uid":"wp-edcc9fc37ff5e0d0fb95ebda073732ba.jpg","brizy_post_uid":["721cf2b73abcec1b044be03850231651"]}},{"id":9448,"url":"https:\/\/paulalill.com\/wp-content\/uploads\/2021\/10\/EB1FC57A-680C-4652-8A96-CB04FDD5CEC3-2.jpg","name":"EB1FC57A-680C-4652-8A96-CB04FDD5CEC3-2.jpg","meta":{"brizy_attachment_uid":"wp-3b8e4965617d03b207c087a52dc65a9f.jpg","brizy_post_uid":["721cf2b73abcec1b044be03850231651"]}},{"id":9470,"url":"https:\/\/paulalill.com\/wp-content\/uploads\/2021\/12\/IMG_1990_Facetune_19-12-2021-20-26-10.jpg","name":"IMG_1990_Facetune_19-12-2021-20-26-10.jpg","meta":{"brizy_attachment_uid":"wp-e66797511a7f2e66cb6240bc2c8a0fa8.jpg","brizy_post_uid":["721cf2b73abcec1b044be03850231651"]}},{"id":10392,"url":"https:\/\/paulalill.com\/wp-content\/uploads\/2022\/12\/DSC4524-scaled.jpg","name":"DSC4524.jpg","meta":{"brizy_attachment_uid":"wp-01ddda1648ac5524aade9d74b4d004e2.jpg","brizy_post_uid":["721cf2b73abcec1b044be03850231651"]}},{"id":10656,"url":"https:\/\/paulalill.com\/wp-content\/uploads\/2022\/12\/DSC5422-scaled.jpg","name":"DSC5422.jpg","meta":{"brizy_attachment_uid":"wp-1a456e4542f34571937ba9868d64abee.jpg","brizy_post_uid":["721cf2b73abcec1b044be03850231651"]}},{"id":10903,"url":"https:\/\/paulalill.com\/wp-content\/uploads\/2023\/02\/DSC0628-2-scaled.jpg","name":"DSC0628-2.jpg","meta":{"brizy_attachment_uid":"wp-bb4349d183e9fcebc8f5c09f62b144dd.jpg","brizy_post_uid":["5b0c7887dd09fe22b6736dcb6020defb","721cf2b73abcec1b044be03850231651"]}},{"id":11107,"url":"https:\/\/paulalill.com\/wp-content\/uploads\/2023\/08\/DSC0631-scaled.jpg","name":"DSC0631.jpg","meta":{"brizy_attachment_uid":"wp-5930a096a673953852026ef9d2024dcd.jpg","brizy_post_uid":["7fe860b5cfe16d75e300654599e648f0","721cf2b73abcec1b044be03850231651","5b0c7887dd09fe22b6736dcb6020defb"]}},{"id":11215,"url":"https:\/\/paulalill.com\/wp-content\/uploads\/2023\/08\/DSC8922-scaled.jpg","name":"DSC8922.jpg","meta":{"brizy_attachment_uid":"wp-5e428550317cf8ec113031da87db54b3.jpg","brizy_post_uid":["721cf2b73abcec1b044be03850231651"]}}],"_links":{"self":[{"href":"https:\/\/paulalill.com\/en\/wp-json\/wp\/v2\/pages\/9339"}],"collection":[{"href":"https:\/\/paulalill.com\/en\/wp-json\/wp\/v2\/pages"}],"about":[{"href":"https:\/\/paulalill.com\/en\/wp-json\/wp\/v2\/types\/page"}],"author":[{"embeddable":true,"href":"https:\/\/paulalill.com\/en\/wp-json\/wp\/v2\/users\/1"}],"replies":[{"embeddable":true,"href":"https:\/\/paulalill.com\/en\/wp-json\/wp\/v2\/comments?post=9339"}],"version-history":[{"count":5,"href":"https:\/\/paulalill.com\/en\/wp-json\/wp\/v2\/pages\/9339\/revisions"}],"predecessor-version":[{"id":11217,"href":"https:\/\/paulalill.com\/en\/wp-json\/wp\/v2\/pages\/9339\/revisions\/11217"}],"wp:attachment":[{"href":"https:\/\/paulalill.com\/en\/wp-json\/wp\/v2\/media?parent=9339"}],"curies":[{"name":"wp","href":"https:\/\/api.w.org\/{rel}","templated":true}]}}