{"id":927,"date":"2020-01-26T18:18:01","date_gmt":"2020-01-26T18:18:01","guid":{"rendered":"http:\/\/paulalill.com\/?page_id=927"},"modified":"2026-04-06T21:46:52","modified_gmt":"2026-04-06T21:46:52","slug":"eestidisain","status":"publish","type":"page","link":"https:\/\/paulalill.com\/en\/eestidisain\/","title":{"rendered":"eestidisain"},"content":{"rendered":"<div class=\"brz-root__container brz-reset-all brz brz-root__container-page\">\n<section id=\"_sssvjyvqwcrjjepmzpijhvbtkjunacgmagyx\" class=\"brz-section brz-css-11syz9\">\n<div class=\"brz-section__content brz-section--boxed brz-css-91rs1b brz-css-1nuea6o\" data-brz-custom-id=\"wokivnmaevxqcwcoppyiwhzfirviskavgicf\">\n<div class=\"brz-container brz-css-1vsul67\">\n<div class=\"brz-row__container brz-css-oukntm\" data-brz-custom-id=\"debsvqojilmvvwjkfdhuglurmpegxuxuxqdy\">\n<div class=\"brz-bg\"><\/div>\n<div class=\"brz-row brz-css-1myde9o brz-css-1jrbdn2\">\n<div class=\"brz-columns brz-css-1m5w9ui brz-css-1qf5ogt\" data-brz-custom-id=\"jyjkcgkzyhtkxtlpsddhgdgctucbelesydha\">\n<div class=\"brz-bg\"><\/div>\n<div class=\"brz-column__items brz-css-1w5o526 brz-css-1sk2e7b\">\n<div id=\"\" class=\"brz-css-1j6o9wb brz-wrapper\">\n<div class=\"brz-rich-text brz-rich-text__custom brz-css-7dv7ic\" data-brz-custom-id=\"wzwoivwftrxnertzlmjbovvjowyobvsityio\">\n<div data-brz-translate-text=\"1\">\n<p class=\"brz-tp-abovetitle brz-css-upgzO\"><a class=\"link--external brz-cp-color7\" href=\"\/en\/www.paulalill.com\/\" data-brz-link-type=\"external\"><span>Paula Lill Design<\/span><\/a><\/p>\n<\/div>\n<\/div>\n<\/div>\n<\/div>\n<\/div>\n<div class=\"brz-columns brz-css-1m5w9ui brz-css-1c0ukpv\" data-brz-custom-id=\"otxsnxzuglulmnpngwhuzmqdiocqshzrcaiw\">\n<div class=\"brz-bg\"><\/div>\n<div class=\"brz-column__items brz-css-1w5o526 brz-css-1qn73jy\">\n<div id=\"\" class=\"brz-css-1j6o9wb brz-wrapper\">\n<div class=\"brz-rich-text brz-rich-text__custom brz-css-7dv7ic\" data-brz-custom-id=\"kwyptjblpjemlgunnuqsquktsazuwpsqjlqr\">\n<div data-brz-translate-text=\"1\">\n<h3 class=\"brz-tp-heading3 brz-text-lg-right brz-css-olKpo\"><span class=\"brz-cp-color2 brz-pre-population-visible\">#suitsup\u00e4\u00e4sus\u00fcda on tehtud s\u00fcdamega! <\/span><span class=\"brz-cp-color2\"> <\/span><\/h3>\n<\/div>\n<\/div>\n<\/div>\n<\/div>\n<\/div>\n<\/div>\n<\/div>\n<div id=\"\" class=\"brz-css-1j6o9wb brz-css-99v073 brz-wrapper\">\n<div class=\"brz-spacer brz-css-vg22ec brz-css-1tfmelk\"><\/div>\n<\/div>\n<div class=\"brz-row__container brz-css-oukntm\" data-brz-custom-id=\"uwybbnubyulyaeeopqcgqqietruuksfnnvbk\">\n<div class=\"brz-bg\"><\/div>\n<div class=\"brz-row brz-css-1myde9o brz-css-1jrbdn2\">\n<div class=\"brz-columns brz-css-1m5w9ui brz-css-126jgrd\" data-brz-custom-id=\"cbvwapcuvrhhklwwmrfgpplynfnthsudlgwa\">\n<div class=\"brz-bg\">\n<div class=\"brz-bg-color\"><\/div>\n<\/div>\n<div class=\"brz-column__items brz-css-1w5o526 brz-css-ovwer4\">\n<div id=\"\" class=\"brz-css-1j6o9wb brz-css-99v073 brz-wrapper\">\n<div class=\"brz-spacer brz-css-vg22ec brz-css-sxzs2b\"><\/div>\n<\/div>\n<div class=\"brz-wrapper-clone brz-css-gnkv9b\">\n<div class=\"brz-d-xs-flex brz-flex-xs-wrap brz-css-r3emef\" data-brz-custom-id=\"\">\n<div class=\"brz-wrapper-clone__item\" id=\"goinjgyvawmstukgviuehflvsjlahimfygmw\">\n<div class=\"brz-icon__container\" data-brz-custom-id=\"goinjgyvawmstukgviuehflvsjlahimfygmw\"><span class=\"brz-icon brz-span brz-css-a9c061 brz-css-bimhxb\"><\/span><\/div>\n<\/div>\n<\/div>\n<\/div>\n<div id=\"\" class=\"brz-css-1j6o9wb brz-css-99v073 brz-wrapper\">\n<div class=\"brz-spacer brz-css-vg22ec brz-css-hzeev2\"><\/div>\n<\/div>\n<div id=\"\" class=\"brz-css-1j6o9wb brz-css-1gxzg15 brz-wrapper\">\n<div class=\"brz-rich-text brz-rich-text__custom brz-css-7dv7ic\" data-brz-custom-id=\"tluptugjldfpcjfgebjqdiccvqjgswtjqruh\">\n<div data-brz-translate-text=\"1\">\n<h4 class=\"brz-tp-heading4 brz-text-lg-center brz-css-gTQv8\"><span class=\"brz-cp-color8\"><span>ARMASTA<\/span><\/span><\/h4>\n<\/div>\n<\/div>\n<\/div>\n<div id=\"\" class=\"brz-css-1j6o9wb brz-css-1vfrq1d brz-wrapper\">\n<div class=\"brz-rich-text brz-rich-text__custom brz-css-7dv7ic\" data-brz-custom-id=\"uucnvsuferfkhehtbepjytodhfpyzdaxvaeg\">\n<div data-brz-translate-text=\"1\">\n<p class=\"brz-text-lg-center brz-tp-paragraph brz-css-yHbT2\"><span class=\"brz-cp-color8\">loodust ja hoia seda! <\/span><\/p>\n<\/div>\n<\/div>\n<\/div>\n<div id=\"\" class=\"brz-css-1j6o9wb brz-css-99v073 brz-wrapper\">\n<div class=\"brz-spacer brz-css-vg22ec brz-css-15gkddl\"><\/div>\n<\/div>\n<\/div>\n<\/div>\n<div class=\"brz-columns brz-css-1m5w9ui brz-css-5umiuw\" data-brz-custom-id=\"hljvigckrzseoqpzppwwwbbwehzzvcavbzay\">\n<div class=\"brz-bg\"><\/div>\n<div class=\"brz-column__items brz-css-1w5o526 brz-css-12ny64r\">\n<div id=\"\" class=\"brz-css-1j6o9wb brz-css-99v073 brz-wrapper\">\n<div class=\"brz-spacer brz-css-vg22ec brz-css-hu60zk\"><\/div>\n<\/div>\n<div class=\"brz-wrapper-clone brz-css-gnkv9b\">\n<div class=\"brz-d-xs-flex brz-flex-xs-wrap brz-css-r3emef\" data-brz-custom-id=\"\">\n<div class=\"brz-wrapper-clone__item\" id=\"ykaoqvjypenpzipwpjwobkiknbjymipaoijd\">\n<div class=\"brz-icon__container\" data-brz-custom-id=\"ykaoqvjypenpzipwpjwobkiknbjymipaoijd\"><span class=\"brz-icon brz-span brz-css-a9c061 brz-css-1f078a\"><\/span><\/div>\n<\/div>\n<\/div>\n<\/div>\n<div id=\"\" class=\"brz-css-1j6o9wb brz-css-99v073 brz-wrapper\">\n<div class=\"brz-spacer brz-css-vg22ec brz-css-1jmsw53\"><\/div>\n<\/div>\n<div id=\"\" class=\"brz-css-1j6o9wb brz-css-512jgs brz-wrapper\">\n<div class=\"brz-rich-text brz-rich-text__custom brz-css-7dv7ic\" data-brz-custom-id=\"nlzswoeawdmtygpwfdqtjfbnakxamjouclhg\">\n<div data-brz-translate-text=\"1\">\n<h4 class=\"brz-text-lg-center brz-tp-heading4 brz-css-yHn3F\"><span class=\"brz-cp-color2\"><span>ELA<\/span><\/span><\/h4>\n<\/div>\n<\/div>\n<\/div>\n<div id=\"\" class=\"brz-css-1j6o9wb brz-css-gwd3 brz-wrapper\">\n<div class=\"brz-rich-text brz-rich-text__custom brz-css-7dv7ic\" data-brz-custom-id=\"erevrplwfnbuimrovrnwtwxmvloqjixeespa\">\n<div data-brz-translate-text=\"1\">\n<p class=\"brz-tp-paragraph brz-text-lg-center brz-css-rLuF_\"><span class=\"brz-cp-color7\"><span> puhtalt ja rohelisemalt!<\/span><\/span><\/p>\n<\/div>\n<\/div>\n<\/div>\n<div id=\"\" class=\"brz-css-1j6o9wb brz-css-99v073 brz-wrapper\">\n<div class=\"brz-spacer brz-css-vg22ec brz-css-lvan0i\"><\/div>\n<\/div>\n<\/div>\n<\/div>\n<div class=\"brz-columns brz-css-1m5w9ui brz-css-qx19q1\" data-brz-custom-id=\"jkpizolsllmizqppokquehbtcxqlkpftkjbk\">\n<div class=\"brz-bg\">\n<div class=\"brz-bg-color\"><\/div>\n<\/div>\n<div class=\"brz-column__items brz-css-1w5o526 brz-css-jnypdl\">\n<div id=\"\" class=\"brz-css-1j6o9wb brz-css-99v073 brz-wrapper\">\n<div class=\"brz-spacer brz-css-vg22ec brz-css-10qq06t\"><\/div>\n<\/div>\n<div class=\"brz-wrapper-clone brz-css-gnkv9b\">\n<div class=\"brz-d-xs-flex brz-flex-xs-wrap brz-css-r3emef\" data-brz-custom-id=\"\">\n<div class=\"brz-wrapper-clone__item\" id=\"speibheuansdulynavqrxjkcudkivrvljwvc\">\n<div class=\"brz-icon__container\" data-brz-custom-id=\"speibheuansdulynavqrxjkcudkivrvljwvc\"><span class=\"brz-icon brz-span brz-css-a9c061 brz-css-expvsx\"><\/span><\/div>\n<\/div>\n<\/div>\n<\/div>\n<div id=\"\" class=\"brz-css-1j6o9wb brz-css-99v073 brz-wrapper\">\n<div class=\"brz-spacer brz-css-vg22ec brz-css-po2tw6\"><\/div>\n<\/div>\n<div id=\"\" class=\"brz-css-1j6o9wb brz-css-xm89uc brz-wrapper\">\n<div class=\"brz-rich-text brz-rich-text__custom brz-css-7dv7ic\" data-brz-custom-id=\"idyxxtkhddxfozejjujwcnbgadcchsxgbtdj\">\n<div data-brz-translate-text=\"1\">\n<h4 class=\"brz-text-lg-center brz-tp-heading4 brz-css-qVK8M\"><span class=\"brz-cp-color8\"><span>HINDA<\/span><\/span><\/h4>\n<\/div>\n<\/div>\n<\/div>\n<div id=\"\" class=\"brz-css-1j6o9wb brz-css-1hkfixg brz-wrapper\">\n<div class=\"brz-rich-text brz-rich-text__custom brz-css-7dv7ic\" data-brz-custom-id=\"eawemmugljcwxgoswixylvqlemmtmpujnypz\">\n<div data-brz-translate-text=\"1\">\n<p class=\"brz-tp-paragraph brz-text-lg-center brz-css-bO0yZ\"><span class=\"brz-cp-color8\"><span>seda mis on T\u00c4HTIS!<\/span><\/span><\/p>\n<\/div>\n<\/div>\n<\/div>\n<div id=\"\" class=\"brz-css-1j6o9wb brz-css-99v073 brz-wrapper\">\n<div class=\"brz-spacer brz-css-vg22ec brz-css-aeieme\"><\/div>\n<\/div>\n<\/div>\n<\/div>\n<div class=\"brz-columns brz-css-1m5w9ui brz-css-lnno15\" data-brz-custom-id=\"xjnbkvyxvdsykugohfqotxlugsxghktlrdad\">\n<div class=\"brz-bg\"><\/div>\n<div class=\"brz-column__items brz-css-1w5o526 brz-css-37s41o\">\n<div id=\"\" class=\"brz-css-1j6o9wb brz-css-99v073 brz-wrapper\">\n<div class=\"brz-spacer brz-css-vg22ec brz-css-rgyezh\"><\/div>\n<\/div>\n<div class=\"brz-wrapper-clone brz-css-gnkv9b\">\n<div class=\"brz-d-xs-flex brz-flex-xs-wrap brz-css-r3emef\" data-brz-custom-id=\"\">\n<div class=\"brz-wrapper-clone__item\" id=\"hlozyxdokvzxcbrvkqpldzpnuymuwcyxmepo\">\n<div class=\"brz-icon__container\" data-brz-custom-id=\"hlozyxdokvzxcbrvkqpldzpnuymuwcyxmepo\"><span class=\"brz-icon brz-span brz-css-a9c061 brz-css-17qgw6l\"><\/span><\/div>\n<\/div>\n<\/div>\n<\/div>\n<div id=\"\" class=\"brz-css-1j6o9wb brz-css-99v073 brz-wrapper\">\n<div class=\"brz-spacer brz-css-vg22ec brz-css-jmz4w2\"><\/div>\n<\/div>\n<div id=\"\" class=\"brz-css-1j6o9wb brz-css-1tiy3m brz-wrapper\">\n<div class=\"brz-rich-text brz-rich-text__custom brz-css-7dv7ic\" data-brz-custom-id=\"wqormcbutyfdpewysfowauwlsdetbjzpispx\">\n<div data-brz-translate-text=\"1\">\n<h4 class=\"brz-tp-heading4 brz-text-lg-center brz-css-tXMnN\"><span class=\"brz-cp-color2\">TARBI <\/span><\/h4>\n<\/div>\n<\/div>\n<\/div>\n<div id=\"\" class=\"brz-css-1j6o9wb brz-css-147w34u brz-wrapper\">\n<div class=\"brz-rich-text brz-rich-text__custom brz-css-7dv7ic\" data-brz-custom-id=\"smymrimfmxxckxjrgeenqimilwvdxlinphcc\">\n<div data-brz-translate-text=\"1\">\n<p class=\"brz-tp-paragraph brz-text-lg-center brz-css-dtO2u\"><span class=\"brz-cp-color7\"><span>m\u00f5istlikult. <\/span><\/span><\/p>\n<\/div>\n<\/div>\n<\/div>\n<div id=\"\" class=\"brz-css-1j6o9wb brz-css-99v073 brz-wrapper\">\n<div class=\"brz-spacer brz-css-vg22ec brz-css-1tew3hk\"><\/div>\n<\/div>\n<\/div>\n<\/div>\n<\/div>\n<\/div>\n<\/div>\n<\/div>\n<\/section>\n<section id=\"_lnplehexmgbxxdfuaznlpkzvmptydzltozto\" class=\"brz-section brz-css-11syz9\">\n<div class=\"brz-section__content brz-section--boxed brz-css-91rs1b brz-css-14utlcc\" data-brz-custom-id=\"cqfhbimnamrlkxfatwweguyfaoyltlabwroc\">\n<div class=\"brz-container brz-css-1vsul67\">\n<div class=\"brz-row__container brz-css-oukntm\" data-brz-custom-id=\"gxqugwayaaeclefmywiqfnihkwnnxayyosym\">\n<div class=\"brz-bg\"><\/div>\n<div class=\"brz-row brz-css-1myde9o brz-css-1jrbdn2\">\n<div class=\"brz-columns brz-css-1m5w9ui\" data-brz-custom-id=\"wzyojqpylagrydzzhioomawuvlgszcvcpttt\">\n<div class=\"brz-bg\"><\/div>\n<div class=\"brz-column__items brz-css-1w5o526\">\n<div id=\"\" class=\"brz-css-1j6o9wb brz-wrapper\">\n<div class=\"brz-image brz-css-1s9gax1\" data-brz-custom-id=\"ijuxlkogdzqmscrwnzrphjjcmyolkhljxwtw\"><img decoding=\"async\" class=\"brz-img\" src=\"https:\/\/paulalill.com\/?brizy_media=wp-04abc7f5c9170f91cd6a62fbf726d81c&amp;brizy_crop=iW%3D555%26iH%3D834%26oX%3D0%26oY%3D0%26cW%3D555%26cH%3D792\" alt=\"\" loading=\"lazy\"><\/div>\n<\/div>\n<\/div>\n<\/div>\n<div class=\"brz-columns brz-css-1m5w9ui brz-css-1r61kqz\" data-brz-custom-id=\"yhlipkkfwhcllfqyraeehlgwxcktvpblwmhc\">\n<div class=\"brz-bg\"><\/div>\n<div class=\"brz-column__items brz-css-1w5o526 brz-css-1tb58cp\">\n<div id=\"\" class=\"brz-css-1j6o9wb brz-wrapper\">\n<div class=\"brz-rich-text brz-rich-text__custom brz-css-7dv7ic\" data-brz-custom-id=\"yvzojhvfvadmnvovpikeulvsejfxjljijqsf\">\n<div data-brz-translate-text=\"1\">\n<h2 class=\"brz-lh-lg-1_3 brz-lh-sm-im-1_2 brz-lh-xs-im-1_3 brz-ls-lg-m_1_5 brz-ls-sm-im-m_1 brz-ls-xs-im-m_1 brz-ff-overpass brz-ft-google brz-fw-lg-700 brz-fw-sm-im-700 brz-fw-xs-im-700 brz-fs-lg-34 brz-fs-sm-im-28 brz-fs-xs-im-26 brz-css-yQCoP\"><span class=\"brz-cp-color2\"><span>Puuvillane Suitsup\u00e4\u00e4sus\u00fcda hele<\/span><\/span><\/h2>\n<\/div>\n<\/div>\n<\/div>\n<div id=\"\" class=\"brz-css-1j6o9wb brz-css-99v073 brz-wrapper\">\n<div class=\"brz-spacer brz-css-vg22ec brz-css-74ce1e\"><\/div>\n<\/div>\n<div id=\"\" class=\"brz-css-1j6o9wb brz-css-qyfndq brz-wrapper\">\n<div class=\"brz-icon-text brz-css-13shnsw\" data-brz-custom-id=\"ptjuaimoveymqyhpeviwtrknwwyvcnkcwulj\">\n<div class=\"brz-icon__container\" data-brz-custom-id=\"xlrxenpcypapivptbaxlfnbzguqehjsmvhea\"><span class=\"brz-icon brz-span brz-css-a9c061 brz-css-1sswr2e\"><\/span><\/div>\n<div class=\"brz-text-btn\">\n<div class=\"brz-rich-text brz-rich-text__custom brz-css-7dv7ic\" data-brz-custom-id=\"bubrucxzazbnddofvfjrtwtahxaqgfaqbvcr\">\n<div data-brz-translate-text=\"1\">\n<h4 class=\"brz-mt-lg-10 brz-tp-heading4 brz-css-lHfpQ\"><span class=\"brz-cp-color2\"><span>Ilus ja tugev<\/span><\/span><\/h4>\n<p class=\"brz-tp-paragraph brz-mt-lg-10 brz-css-fRWbQ\">kott ostudeks. Mugavalt kahe sangaga, l\u00fchikese sangaga on raskeid oste kergem tassida, pika sangaga v\u00f5ta oma ilus kott kaasa randa, spaasse, laadale, toidupoodi, matkale, kooli, trenni&#8230;. <\/p>\n<\/div>\n<\/div>\n<\/div>\n<\/div>\n<\/div>\n<div id=\"\" class=\"brz-css-1j6o9wb brz-css-99v073 brz-wrapper\">\n<div class=\"brz-spacer brz-css-vg22ec brz-css-1mfrm9k\"><\/div>\n<\/div>\n<div id=\"\" class=\"brz-css-1j6o9wb brz-css-1vquuk1 brz-wrapper\">\n<div class=\"brz-icon-text brz-css-13shnsw\" data-brz-custom-id=\"mkonyiftwazemdrgpxpaeotiapatpinhetvo\">\n<div class=\"brz-icon__container\" data-brz-custom-id=\"ndsekmslwnifhbewjekftecvelabqwjiisjf\"><span class=\"brz-icon brz-span brz-css-a9c061 brz-css-8jn2n5\"><\/span><\/div>\n<div class=\"brz-text-btn\">\n<div class=\"brz-rich-text brz-rich-text__custom brz-css-7dv7ic\" data-brz-custom-id=\"bknovdcjsganpdzbagpkwekjoehcvyqnqzwr\">\n<div data-brz-translate-text=\"1\">\n<h4 class=\"brz-tp-heading4 brz-mt-lg-10 brz-css-n0VD7\"><span class=\"brz-cp-color2\">Ole rohelisem!  <\/span><\/h4>\n<p class=\"brz-mt-lg-10 brz-tp-paragraph brz-css-jzmyM\"><span class=\"brz-cp-color7\">Muidugi soovitame ka targemalt tarbida! Esiteks v\u00f5ta alati kott poodi kaasa, isegi kui l\u00e4hed riidepoodi, Sa ei vaja neid kilekotte, mida pead n\u00fc\u00fcdsest veel lisaks soetama, et ostetud riided koju viia.  Ja &#8221;kilekoti sahtel&#8221;ei ajagi kodus enam \u00fcle!  V\u00e4ike &#8221;tip&#8221; veel, Sa ei vaja ka n\u00e4iteks ka viie apelsini jaoks seda kilekotti, paned need apelsinid kaalule ning kleebid kleebise vaid \u00fchele peale. Kui alustad nende kolmega, oled juba v\u00e4ga  tubli ning minuga samal teel!<\/span><\/p>\n<p class=\"brz-mt-lg-10 brz-tp-paragraph brz-css-lLJ2l\"><span class=\"brz-cp-color7\">Foto: Rein Leib Photography <\/span><span class=\"brz-cp-color7\"><span> <\/span><\/span><\/p>\n<\/div>\n<\/div>\n<\/div>\n<\/div>\n<\/div>\n<\/div>\n<\/div>\n<\/div>\n<\/div>\n<\/div>\n<\/div>\n<\/section>\n<section id=\"_iqwcsenydqxrwsnyrmunhuchfqfqiztwxusr\" class=\"brz-section brz-css-11syz9\">\n<div class=\"brz-section__content brz-section--boxed brz-css-91rs1b brz-css-4tbg7e\" data-brz-custom-id=\"wbuxvkiwawdkrrvqsxvauttiyfglyqnexlet\">\n<div class=\"brz-container brz-css-1vsul67\">\n<div class=\"brz-row__container brz-css-oukntm\" data-brz-custom-id=\"ueqtrhedrkxnczmpgwvnloccfewvshcrhuug\">\n<div class=\"brz-bg\"><\/div>\n<div class=\"brz-row brz-css-1myde9o brz-css-1jrbdn2\">\n<div class=\"brz-columns brz-css-1m5w9ui\" data-brz-custom-id=\"pkdeltbtfgbtrncwtiffqamrxtjtospqbwgj\">\n<div class=\"brz-bg\"><\/div>\n<div class=\"brz-column__items brz-css-1w5o526\">\n<div id=\"\" class=\"brz-css-1j6o9wb brz-wrapper\">\n<div class=\"brz-image brz-css-18qau3q\" data-brz-custom-id=\"iwqpinjgbwhbtwaqjceqwjqdsnfmpgxbopah\"><img decoding=\"async\" class=\"brz-img\" src=\"https:\/\/paulalill.com\/?brizy_media=wp-13b9f62008cdc39fe339259378addcf9&amp;brizy_crop=iW%3D555%26iH%3D834%26oX%3D0%26oY%3D17%26cW%3D555%26cH%3D800\" alt=\"\" loading=\"lazy\"><\/div>\n<\/div>\n<\/div>\n<\/div>\n<div class=\"brz-columns brz-css-1m5w9ui brz-css-1acma7k\" data-brz-custom-id=\"qlxibgooxdjevmyjpacngmzwvldcwrkublvy\">\n<div class=\"brz-bg\"><\/div>\n<div class=\"brz-column__items brz-css-1w5o526 brz-css-12fo19\">\n<div id=\"\" class=\"brz-css-1j6o9wb brz-wrapper\">\n<div class=\"brz-rich-text brz-rich-text__custom brz-css-7dv7ic\" data-brz-custom-id=\"pbyhioezxolnkgshbeifummalhugejnlnbuo\">\n<div data-brz-translate-text=\"1\">\n<h2 class=\"brz-lh-lg-1_3 brz-lh-sm-im-1_2 brz-lh-xs-im-1_3 brz-ls-lg-m_1_5 brz-ls-sm-im-m_1 brz-ls-xs-im-m_1 brz-ff-overpass brz-ft-google brz-fw-lg-700 brz-fw-sm-im-700 brz-fw-xs-im-700 brz-fs-lg-33 brz-fs-sm-im-27 brz-fs-xs-im-25 brz-css-vh4a4\"><span class=\"brz-cp-color2\"><span>Puuvillane Suitsup\u00e4\u00e4sus\u00fcda tume<\/span><\/span><\/h2>\n<\/div>\n<\/div>\n<\/div>\n<div id=\"\" class=\"brz-css-1j6o9wb brz-css-99v073 brz-wrapper\">\n<div class=\"brz-spacer brz-css-vg22ec brz-css-p8kkz4\"><\/div>\n<\/div>\n<div id=\"\" class=\"brz-css-1j6o9wb brz-css-1abytn0 brz-wrapper\">\n<div class=\"brz-icon-text brz-css-13shnsw\" data-brz-custom-id=\"zcrcgixsournmckfifwtghypcjaexlciyhpd\">\n<div class=\"brz-icon__container\" data-brz-custom-id=\"nrbfiavaffmqqfcpwkipvzskjkyomriikngj\"><span class=\"brz-icon brz-span brz-css-a9c061 brz-css-vehngh\"><\/span><\/div>\n<div class=\"brz-text-btn\">\n<div class=\"brz-rich-text brz-rich-text__custom brz-css-7dv7ic\" data-brz-custom-id=\"ffvyntawurbhprylewlvwzqtnksmjdtzhhka\">\n<div data-brz-translate-text=\"1\">\n<h4 class=\"brz-tp-heading4 brz-mt-lg-10 brz-css-nGh5I\"><span class=\"brz-cp-color2\"><span>Tume kott<\/span><\/span><\/h4>\n<p class=\"brz-mt-lg-10 brz-tp-paragraph brz-css-tLZSm\">kott ostudeks v\u00f5i matkamiseks on parem variant, kui Sa juba aimad, et Sinu elustiiliga \u00fchinedes v\u00f5ib see kott kergemini m\u00e4\u00e4rduda. Siis ongi m\u00f5istlikum soetada tume kott, kuna me ei soovita neid liiga tihti pesta. Miks? Sest pesuga k\u00f5ik kulub, samuti hakkab kuluma ka meie print. Ka tume kott on mugavalt kahe sangaga, l\u00fchikese sangaga on raskeid oste kergem tassida, pika sangaga v\u00f5ta oma ilus kott kaasa randa, spaasse, laadale, toidupoodi, matkale, kooli, trenni&#8230;.<\/p>\n<\/div>\n<\/div>\n<\/div>\n<\/div>\n<\/div>\n<div id=\"\" class=\"brz-css-1j6o9wb brz-css-99v073 brz-wrapper\">\n<div class=\"brz-spacer brz-css-vg22ec brz-css-pahe20\"><\/div>\n<\/div>\n<div id=\"\" class=\"brz-css-1j6o9wb brz-css-agdrfe brz-wrapper\">\n<div class=\"brz-icon-text brz-css-13shnsw\" data-brz-custom-id=\"fsigmleqlehvmjsvnqdsmcdpfsmsvlewoule\">\n<div class=\"brz-icon__container\" data-brz-custom-id=\"sjziuwmqiactmxpvewwbsybvmrihmcqmibcb\"><span class=\"brz-icon brz-span brz-css-a9c061 brz-css-t396cg\"><\/span><\/div>\n<div class=\"brz-text-btn\">\n<div class=\"brz-rich-text brz-rich-text__custom brz-css-7dv7ic\" data-brz-custom-id=\"eveipqunopgjlhkwzjifzsahpzxhmaukjyaz\">\n<div data-brz-translate-text=\"1\">\n<h4 class=\"brz-mt-lg-10 brz-tp-heading4 brz-css-b_biq\"><span class=\"brz-cp-color2\"><span>Beebitarveteks? <\/span><\/span><\/h4>\n<p class=\"brz-tp-paragraph brz-mt-lg-10 brz-css-mQE7d\"><span class=\"brz-cp-color7\"><span> Muidugi! L\u00e4hed jalutama?! Haara Suitsup\u00e4\u00e4sus\u00fcda kott kaasa koos vajalikuga. <\/span><span> <\/span><\/span><\/p>\n<p class=\"brz-tp-paragraph brz-mt-lg-10 brz-css-ixUMc\"><span class=\"brz-cp-color7\">Fotod: Rein Leib Photography <\/span><\/p>\n<\/div>\n<\/div>\n<\/div>\n<\/div>\n<\/div>\n<\/div>\n<\/div>\n<\/div>\n<\/div>\n<\/div>\n<\/div>\n<\/section>\n<section id=\"_ggnzkwwdxvvyblppxtyjnznynrycsfxwpdzp\" class=\"brz-section brz-css-11syz9\">\n<div class=\"brz-section__content brz-section--boxed brz-css-91rs1b brz-css-7xve2m\" data-brz-custom-id=\"hepoznzfdnstoxrwexolezeakesztenggmzn\">\n<div class=\"brz-container brz-css-1vsul67\">\n<div class=\"brz-row__container brz-css-oukntm\" data-brz-custom-id=\"tucsskuxubjyrvhzzplqlzqayinjmzomsaoj\">\n<div class=\"brz-bg\"><\/div>\n<div class=\"brz-row brz-css-1myde9o brz-css-1jrbdn2\">\n<div class=\"brz-columns brz-css-1m5w9ui\" data-brz-custom-id=\"jnwuzdnaurtymeloubeyusuzettjmafnyufr\">\n<div class=\"brz-bg\"><\/div>\n<div class=\"brz-column__items brz-css-1w5o526 brz-css-8exjsz\">\n<div id=\"\" class=\"brz-css-1j6o9wb brz-wrapper\">\n<div class=\"brz-image brz-css-dq9dsl brz-css-139v7vo\" data-brz-custom-id=\"awkxnvhoehhsoezuizfgvurlvvnwnuwgbvhv\"><img decoding=\"async\" class=\"brz-img\" src=\"https:\/\/paulalill.com\/?brizy_media=wp-b8fb4e0b4736bf4ec9d3c698c13675b9&amp;brizy_crop=iW%3D470%26iH%3D706%26oX%3D0%26oY%3D145%26cW%3D470%26cH%3D487\" alt=\"\" loading=\"lazy\"><\/div>\n<\/div>\n<div id=\"\" class=\"brz-css-1j6o9wb brz-wrapper\">\n<div class=\"brz-rich-text brz-rich-text__custom brz-css-7dv7ic\" data-brz-custom-id=\"tkgsdbzstsqtljnvmgmsxtnsckcxjpbtktvf\">\n<div data-brz-translate-text=\"1\">\n<h4 class=\"brz-tp-heading4 brz-css-dEjPJ\"><span class=\"brz-cp-color2\">Mina hoolin.. <\/span><\/h4>\n<\/div>\n<\/div>\n<\/div>\n<div id=\"\" class=\"brz-css-1j6o9wb brz-css-ejowbs brz-wrapper\">\n<div class=\"brz-rich-text brz-rich-text__custom brz-css-7dv7ic\" data-brz-custom-id=\"qkczgfmrutqpnryigvlqmcalirfcemmrjbtu\">\n<div data-brz-translate-text=\"1\">\n<p class=\"brz-tp-paragraph brz-css-t5ill\"><span class=\"brz-cp-color7\"> Foto: Rein Leib Photography<\/span><\/p>\n<\/div>\n<\/div>\n<\/div>\n<\/div>\n<\/div>\n<div class=\"brz-columns brz-css-1m5w9ui\" data-brz-custom-id=\"skisvvkrkmsiukgkminiwftzfibubmjkydgc\">\n<div class=\"brz-column__items brz-css-1w5o526 brz-css-1grl5lz\">\n<div id=\"\" class=\"brz-css-1j6o9wb brz-wrapper\">\n<div class=\"brz-image brz-css-1471jcx brz-css-7csc4g\" data-brz-custom-id=\"motumfabbugsrunloyflxxenilgpglgqsikt\"><img decoding=\"async\" class=\"brz-img\" src=\"https:\/\/paulalill.com\/?brizy_media=wp-4cd036cc56af0f96215c4034957aa33c&amp;brizy_crop=iW%3D733%26iH%3D488%26oX%3D124%26oY%3D0%26cW%3D470%26cH%3D488\" alt=\"\" loading=\"lazy\"><\/div>\n<\/div>\n<div id=\"\" class=\"brz-css-1j6o9wb brz-wrapper\">\n<div class=\"brz-rich-text brz-rich-text__custom brz-css-7dv7ic\" data-brz-custom-id=\"ywkuzzcfbwhuvdijynpbjvdmaqrpapujhwyw\">\n<div data-brz-translate-text=\"1\">\n<h4 class=\"brz-tp-heading4 brz-css-nDzOr\"><span class=\"brz-cp-color2\"><span>Hooli Sina ka!<\/span><\/span><\/h4>\n<\/div>\n<\/div>\n<\/div>\n<div id=\"\" class=\"brz-css-1j6o9wb brz-css-w78zcv brz-wrapper\">\n<div class=\"brz-rich-text brz-rich-text__custom brz-css-7dv7ic\" data-brz-custom-id=\"kswntudatbarutewqwmptgttbvhunhasauqi\">\n<div data-brz-translate-text=\"1\">\n<p class=\"brz-tp-paragraph brz-css-rx770\"><span class=\"brz-cp-color7\"> Foto: Rein Leib Photography<\/span><span class=\"brz-cp-color7\"> <\/span><\/p>\n<\/div>\n<\/div>\n<\/div>\n<\/div>\n<\/div>\n<\/div>\n<\/div>\n<\/div>\n<\/div>\n<\/section>\n<section id=\"_qqyernywzoazozvlfjwfjvurtsbcwrwrghnq\" class=\"brz-section brz-css-11syz9\">\n<div class=\"brz-section__content brz-section--boxed brz-css-91rs1b\" data-brz-custom-id=\"xedvzntypfthxlfaajzwyxyesnqlfkhsboeg\">\n<div class=\"brz-container brz-css-1vsul67\">\n<div class=\"brz-row__container brz-css-oukntm\" data-brz-custom-id=\"dqblniyeecxbfqzbvdcwcsaykjfgeciknqxk\">\n<div class=\"brz-bg\"><\/div>\n<div class=\"brz-row brz-css-1myde9o brz-css-1jrbdn2\">\n<div class=\"brz-columns brz-css-1m5w9ui\" data-brz-custom-id=\"ozuefgsagwprfdlpyrbwnscwpfynnqkkurkl\">\n<div class=\"brz-bg\"><\/div>\n<div class=\"brz-column__items brz-css-1w5o526\"><\/div>\n<\/div>\n<div class=\"brz-columns brz-css-1m5w9ui\" data-brz-custom-id=\"evgrzebexhqaywjtnvizfeofyfoqraobsxhj\">\n<div class=\"brz-bg\"><\/div>\n<div class=\"brz-column__items brz-css-1w5o526\"><\/div>\n<\/div>\n<\/div>\n<\/div>\n<\/div>\n<\/div>\n<\/section>\n<\/div>\n<p>    <!-- version:1737020126 --><\/p>","protected":false},"excerpt":{"rendered":"<p>Paula Lill Design #suitsup\u00e4\u00e4sus\u00fcda on tehtud s\u00fcdamega! ARMASTA loodust ja hoia seda! ELA puhtalt ja rohelisemalt! HINDA seda mis on T\u00c4HTIS! TARBI m\u00f5istlikult. Puuvillane Suitsup\u00e4\u00e4sus\u00fcda hele Ilus ja tugev kott ostudeks. Mugavalt kahe sangaga, l\u00fchikese sangaga on raskeid oste kergem tassida, pika sangaga v\u00f5ta oma ilus kott kaasa randa, spaasse, laadale, toidupoodi, matkale, kooli, trenni&#8230;. [&hellip;]<\/p>","protected":false},"author":1,"featured_media":0,"parent":0,"menu_order":0,"comment_status":"closed","ping_status":"closed","template":"brizy-blank-template.php","meta":{"_monsterinsights_skip_tracking":false,"_monsterinsights_sitenote_active":false,"_monsterinsights_sitenote_note":"","_monsterinsights_sitenote_category":0,"footnotes":""},"brizy_media":[{"id":151,"url":"https:\/\/paulalill.com\/wp-content\/uploads\/brizy\/11\/assets\/images\/d03-Img-Bottle-Organic.jpg","name":"d03-Img-Bottle-Organic.jpg","meta":{"brizy_attachment_uid":"d03-Img-Bottle-Organic.jpg","brizy_post_uid":["33c76559255a3bc5430fa464f508d985"]}},{"id":959,"url":"https:\/\/paulalill.com\/wp-content\/uploads\/2020\/01\/IMG_6910-scaled.jpg","name":"IMG_6910.jpg","meta":{"brizy_attachment_uid":"wp-04abc7f5c9170f91cd6a62fbf726d81c","brizy_post_uid":["33c76559255a3bc5430fa464f508d985","f5787e20fcd2ab0ae4fea1883db2c07b"]}},{"id":1008,"url":"https:\/\/paulalill.com\/wp-content\/uploads\/2020\/01\/IMG_6889-scaled.jpg","name":"IMG_6889.jpg","meta":{"brizy_attachment_uid":"wp-13b9f62008cdc39fe339259378addcf9","brizy_post_uid":["33c76559255a3bc5430fa464f508d985"]}},{"id":1076,"url":"https:\/\/paulalill.com\/wp-content\/uploads\/2020\/01\/IMG_6890-scaled.jpg","name":"IMG_6890.jpg","meta":{"brizy_attachment_uid":"wp-b8fb4e0b4736bf4ec9d3c698c13675b9","brizy_post_uid":["33c76559255a3bc5430fa464f508d985","43feb7b108ccc43c32da20898ce9aeab"]}},{"id":1086,"url":"https:\/\/paulalill.com\/wp-content\/uploads\/2020\/01\/IMG_6888-scaled.jpg","name":"IMG_6888.jpg","meta":{"brizy_attachment_uid":"wp-18a0e32f4736163457f8ac871da9a61c","brizy_post_uid":["33c76559255a3bc5430fa464f508d985","43feb7b108ccc43c32da20898ce9aeab"]}},{"id":1093,"url":"https:\/\/paulalill.com\/wp-content\/uploads\/2020\/01\/DSC7966.jpg","name":"DSC7966.jpg","meta":{"brizy_attachment_uid":"wp-4cd036cc56af0f96215c4034957aa33c","brizy_post_uid":["33c76559255a3bc5430fa464f508d985"]}}],"_links":{"self":[{"href":"https:\/\/paulalill.com\/en\/wp-json\/wp\/v2\/pages\/927"}],"collection":[{"href":"https:\/\/paulalill.com\/en\/wp-json\/wp\/v2\/pages"}],"about":[{"href":"https:\/\/paulalill.com\/en\/wp-json\/wp\/v2\/types\/page"}],"author":[{"embeddable":true,"href":"https:\/\/paulalill.com\/en\/wp-json\/wp\/v2\/users\/1"}],"replies":[{"embeddable":true,"href":"https:\/\/paulalill.com\/en\/wp-json\/wp\/v2\/comments?post=927"}],"version-history":[{"count":5,"href":"https:\/\/paulalill.com\/en\/wp-json\/wp\/v2\/pages\/927\/revisions"}],"predecessor-version":[{"id":6360,"href":"https:\/\/paulalill.com\/en\/wp-json\/wp\/v2\/pages\/927\/revisions\/6360"}],"wp:attachment":[{"href":"https:\/\/paulalill.com\/en\/wp-json\/wp\/v2\/media?parent=927"}],"curies":[{"name":"wp","href":"https:\/\/api.w.org\/{rel}","templated":true}]}}