{"id":9264,"date":"2021-09-08T12:25:16","date_gmt":"2021-09-08T12:25:16","guid":{"rendered":"https:\/\/paulalill.com\/?page_id=9264"},"modified":"2026-04-07T11:06:41","modified_gmt":"2026-04-07T11:06:41","slug":"domeen","status":"publish","type":"page","link":"https:\/\/paulalill.com\/en\/domeen\/","title":{"rendered":"domeen"},"content":{"rendered":"<div class=\"brz-root__container brz-reset-all brz brz-root__container-page\">\n<section id=\"_enujhvypbuefomzqqfbjsvgfnvwthejvatkl\" class=\"brz-section brz-css-ok59a0\">\n<div class=\"brz-section__content brz-section--boxed brz-css-15jlnyk brz-css-1rk4p09\" data-brz-custom-id=\"mujghhqxcsxfgocpfegdozxgmjdqesfqajdf\">\n<div class=\"brz-bg\">\n<div class=\"brz-bg-image\"><\/div>\n<\/div>\n<div class=\"brz-container brz-css-1sy83pl\">\n<div class=\"brz-row__container brz-css-ajc3am\" data-brz-custom-id=\"yvoghnsejzrrsxyewgdsbqclojyulqosfsda\">\n<div class=\"brz-bg\"><\/div>\n<div class=\"brz-row brz-css-1ae3t8 brz-css-160nqrb\">\n<div class=\"brz-columns brz-css-1ovbl brz-css-dq4hyx\" data-brz-custom-id=\"yuejtjemufuzjbudgxwdsgserbecwoddvypg\">\n<div class=\"brz-bg\"><\/div>\n<div class=\"brz-column__items brz-css-1cb6rar brz-css-7g1pmo\">\n<div id=\"\" class=\"brz-css-8w2g4p brz-wrapper\">\n<div class=\"brz-rich-text brz-rich-text__custom brz-css-d28sv8\" data-brz-custom-id=\"pdjlatdhkkvufvodpxlcgpzazfnunwtmuarm\">\n<div data-brz-translate-text=\"1\">\n<h2 class=\"brz-text-xs-center brz-tp-heading2 brz-css-fS02s\"><strong class=\"brz-cp-color2\"> <\/strong><\/h2>\n<\/div>\n<\/div>\n<\/div>\n<\/div>\n<\/div>\n<div class=\"brz-columns brz-css-1ovbl\" data-brz-custom-id=\"huxhknajmvzpuhqqnnqtmjsomehsvblashmz\">\n<div class=\"brz-bg\"><\/div>\n<div class=\"brz-column__items brz-css-1cb6rar\">\n<div class=\"brz-wrapper-clone brz-css-qu4jgf\">\n<div class=\"brz-d-xs-flex brz-flex-xs-wrap brz-css-12q2zrm\" data-brz-custom-id=\"\">\n<div class=\"brz-wrapper-clone__item\" id=\"fdevuamshstcvxermdlqovyrjgybdetanlqf\"><a class=\"brz-a brz-btn brz-css-1jcyqy1 brz-css-18psja4 brz-css-1mcpsl brz-css-117fn8c\" href=\"http:\/\/lildevil.ee\" target=\"_self\" rel=\"noopener\" data-brz-link-type=\"external\" data-brz-custom-id=\"fdevuamshstcvxermdlqovyrjgybdetanlqf\"><span data-brz-translate-text=\"1\" class=\"brz-span brz-text__editor\">M\u00dc\u00dcA DOMEEN KOOS E-POE JA KAUBAGA<\/span><\/a><\/div>\n<\/div>\n<\/div>\n<\/div>\n<\/div>\n<\/div>\n<\/div>\n<div id=\"\" class=\"brz-css-8w2g4p brz-wrapper\">\n<div class=\"brz-rich-text brz-rich-text__custom brz-css-d28sv8\" data-brz-custom-id=\"ribzqasojxuuazalhvlwepxhilmvuiwqufjg\">\n<div data-brz-translate-text=\"1\">\n<p class=\"brz-tp-paragraph brz-css-jX6DN\"><span class=\"brz-cp-color7\">lildevil.ee lildevil.ee lildevil.ee lildevil.ee lildevil.ee lildevil.ee lildevil.ee lildevil.ee lildevil.ee lildevil.ee lildevil.ee lildevil.ee lildevil.ee lildevil.ee lildevil.ee  lildevil.ee  <\/span><\/p>\n<\/div>\n<\/div>\n<\/div>\n<div class=\"brz-row__container brz-css-ajc3am\" data-brz-custom-id=\"qulyihjtssthmqpwwmnwsjhtpzztsmtjgpbx\">\n<div class=\"brz-bg\"><\/div>\n<div class=\"brz-row brz-css-1ae3t8 brz-css-160nqrb\">\n<div class=\"brz-columns brz-css-1ovbl brz-css-dv83ad\" data-brz-custom-id=\"dsarijmxjvqsfrwjnphgiyzpdkematvdxbnd\">\n<div class=\"brz-bg\"><\/div>\n<div class=\"brz-column__items brz-css-1cb6rar brz-css-151udpm\">\n<div id=\"\" class=\"brz-css-8w2g4p brz-wrapper\">\n<div class=\"brz-image brz-css-10w0ktw\" data-brz-custom-id=\"iieyixshtnlfnlxgxbrrlrqpyeuphgcmdecp\"><img decoding=\"async\" class=\"brz-img\" src=\"https:\/\/paulalill.com\/?brizy_media=107c41ee8e853b481d46e9c25d70a45b.jpg&amp;brizy_crop=iW%3D583%26iH%3D269%26oX%3D111%26oY%3D0%26cW%3D360%26cH%3D269\" alt=\"\" loading=\"lazy\"><\/div>\n<\/div>\n<\/div>\n<\/div>\n<div class=\"brz-columns brz-css-1ovbl brz-css-13ndjag\" data-brz-custom-id=\"urmdmpcguecyvqyzlcuidhqrtfncndgtckae\">\n<div class=\"brz-column__items brz-css-1cb6rar brz-css-zwc6dw\"><\/div>\n<\/div>\n<div class=\"brz-columns brz-css-1ovbl brz-css-1hf4fx0\" data-brz-custom-id=\"syscrxychoszmcxwhsxcxvlcdirmzocwdhwd\">\n<div class=\"brz-bg\"><\/div>\n<div class=\"brz-column__items brz-css-1cb6rar\"><\/div>\n<\/div>\n<\/div>\n<\/div>\n<div class=\"brz-row__container brz-css-ajc3am\" data-brz-custom-id=\"jpkgckxxmokygkkyqkvdtrdccqearglrzxeb\">\n<div class=\"brz-bg\"><\/div>\n<div class=\"brz-row brz-css-1ae3t8 brz-css-160nqrb\">\n<div class=\"brz-columns brz-css-1ovbl brz-css-x2d898\" data-brz-custom-id=\"tkjhqqahdsknqbgdytjqgtengqvwfepxddlo\">\n<div class=\"brz-column__items brz-css-1cb6rar brz-css-15eppyk\">\n<div class=\"brz-row__container brz-css-ajc3am\" data-brz-custom-id=\"tspscmgxbzhyycyhwhzlzoaijmhmhjohrwwg\">\n<div class=\"brz-bg\"><\/div>\n<div class=\"brz-row brz-row--inner brz-css-1ae3t8 brz-css-160nqrb\">\n<div class=\"brz-columns brz-css-1ovbl brz-css-14emlv4\" data-brz-custom-id=\"mmrmgmzxopolxbsecugsjxhzvfkhsbojgjzh\">\n<div class=\"brz-bg\"><\/div>\n<div class=\"brz-column__items brz-css-1cb6rar\"><\/div>\n<\/div>\n<\/div>\n<\/div>\n<\/div>\n<\/div>\n<\/div>\n<\/div>\n<\/div>\n<\/div>\n<\/section>\n<section id=\"_rzfufmbhtmqwvxxfvsqtbiffhfrmmigkqsrc\" class=\"brz-section brz-css-ok59a0\">\n<div class=\"brz-section__content brz-section--boxed brz-css-15jlnyk brz-css-1k6rhhh\" data-brz-custom-id=\"aawiifbaqoyahugbpmtnetdmzblvqfdatrxu\">\n<div class=\"brz-container brz-css-1sy83pl\">\n<div class=\"brz-row__container brz-css-ajc3am brz-css-kde2ec\" data-brz-custom-id=\"bdwetszfspqnzqwphepscawdcwsegnsrzvwj\">\n<div class=\"brz-bg\"><\/div>\n<div class=\"brz-row brz-css-1ae3t8 brz-css-160nqrb\">\n<div class=\"brz-columns brz-css-1ovbl brz-css-17uix0n\" data-brz-custom-id=\"xgsvkpmbvpwmjuqjlqdabefzfbndzadojzsq\">\n<div class=\"brz-bg\"><\/div>\n<div class=\"brz-column__items brz-css-1cb6rar brz-css-9ueyct\">\n<div id=\"\" class=\"brz-css-8w2g4p brz-wrapper\">\n<div class=\"brz-rich-text brz-rich-text__custom brz-css-d28sv8\" data-brz-custom-id=\"rcxeflmakagcbdjsxipxshgslrkzynjlqiwp\">\n<div data-brz-translate-text=\"1\">\n<p class=\"brz-text-lg-left brz-tp-lg-abovetitle brz-css-wYbdA\" data-uniq-id=\"kzllt\" data-generated-css=\"brz-css-yafer\"><span class=\"brz-cp-color7\">M\u00dc\u00dcA<\/span><\/p>\n<\/div>\n<\/div>\n<\/div>\n<div id=\"\" class=\"brz-css-8w2g4p brz-css-1af8ddi brz-wrapper\">\n<div class=\"brz-rich-text brz-rich-text__custom brz-css-d28sv8\" data-brz-custom-id=\"hgcmwredjzrymvyvabzbkoqrjjulrircgkyc\">\n<div data-brz-translate-text=\"1\">\n<h2 class=\"brz-text-lg-left brz-fss-lg-px brz-fw-lg-700 brz-ls-lg-m_1_5 brz-lh-lg-1_3 brz-tp-lg-empty brz-ff-overpass brz-ft-google brz-fs-lg-32 brz-css-h3AbY\" data-uniq-id=\"tahtu\" data-generated-css=\"brz-css-rcxja\">ALUSTA OMA \u00c4RI KOHE! <\/h2>\n<\/div>\n<\/div>\n<\/div>\n<div id=\"\" class=\"brz-css-8w2g4p brz-wrapper\">\n<div class=\"brz-rich-text brz-rich-text__custom brz-css-d28sv8\" data-brz-custom-id=\"ilyxjbobjgqcaojtalaaafwzzvocfuybvwfo\">\n<div data-brz-translate-text=\"1\">\n<p class=\"brz-text-lg-left brz-tp-lg-subtitle brz-css-zII5K\" data-uniq-id=\"jcsfs\" data-generated-css=\"brz-css-pscrx\"><span class=\"brz-cp-color7\">M\u00fc\u00fca domeen lildevil.ee koos kauba ning t\u00f6\u00f6tava e-poega. Koduleht on loodud platvormil WordPress ja e-pood on loodud Woocommerce pluginaga ning m\u00f5lemaid on  v\u00e4ga kerge hallata. <\/span><\/p>\n<p class=\"brz-text-lg-left brz-tp-lg-subtitle brz-css-hyIJO\" data-uniq-id=\"jcsfs\" data-generated-css=\"brz-css-pscrx\"><span class=\"brz-cp-color7\"> <\/span><\/p>\n<p class=\"brz-text-lg-left brz-tp-lg-subtitle brz-css-yvaBy\" data-uniq-id=\"jcsfs\" data-generated-css=\"brz-css-pscrx\"><span class=\"brz-cp-color7\">Hinnas sisaldub ka kogu kaup, mis e-poes m\u00fc\u00fcgis on.  <\/span><\/p>\n<p class=\"brz-text-lg-left brz-tp-lg-subtitle brz-css-j1Kct\" data-uniq-id=\"jcsfs\" data-generated-css=\"brz-css-pscrx\"><span class=\"brz-cp-color7\"> <\/span><\/p>\n<p class=\"brz-text-lg-left brz-tp-lg-subtitle brz-css-yUUin\" data-uniq-id=\"jcsfs\" data-generated-css=\"brz-css-pscrx\"><span class=\"brz-cp-color7\">Hind 2500\u20ac (sisaldab 20% KM)  <\/span><\/p>\n<p class=\"brz-text-lg-left brz-tp-lg-subtitle brz-css-tp1hw\" data-uniq-id=\"jcsfs\" data-generated-css=\"brz-css-pscrx\"><span class=\"brz-cp-color7\"> <\/span><\/p>\n<p data-uniq-id=\"jcsfs\" data-generated-css=\"brz-css-pscrx\" class=\"brz-text-lg-left brz-tp-lg-subtitle brz-css-gDfMk\"><span class=\"brz-cp-color7\">Ostusoovi korral v\u00f5ta \u00fchendust paula@paulalill.com <\/span><\/p>\n<\/div>\n<\/div>\n<\/div>\n<div id=\"\" class=\"brz-css-8w2g4p brz-css-1bjoqy brz-wrapper\">\n<div class=\"brz-spacer brz-css-1psqj8z brz-css-l7k7kl\"><\/div>\n<\/div>\n<\/div>\n<\/div>\n<div class=\"brz-columns brz-css-1ovbl brz-css-erlnfy\" data-brz-custom-id=\"fonrggtxrwyciqfzvblyegkdaasppdnpwuxq\">\n<div class=\"brz-bg\"><\/div>\n<div class=\"brz-column__items brz-css-1cb6rar brz-css-1jprqzy\">\n<div id=\"\" class=\"brz-css-8w2g4p brz-css-vb71eb brz-wrapper\">\n<div class=\"brz-image brz-css-11dyad5 brz-css-122rf57\" data-brz-custom-id=\"bwikcvhzbalfkipwjhunikdevvvoghzdqgqe\"><img decoding=\"async\" class=\"brz-img\" src=\"https:\/\/paulalill.com\/?brizy_media=wp-bfb1db2afd48f848ba328bb6b0017072.jpg&amp;brizy_crop=iW%3D494%26iH%3D868%26oX%3D0%26oY%3D0%26cW%3D494%26cH%3D764\" alt=\"\" loading=\"lazy\"><\/div>\n<\/div>\n<\/div>\n<\/div>\n<\/div>\n<\/div>\n<\/div>\n<\/div>\n<\/section>\n<\/div>\n<p>    <!-- version:1737201826 --><\/p>","protected":false},"excerpt":{"rendered":"<p>M\u00dc\u00dcA DOMEEN KOOS E-POE JA KAUBAGA lildevil.ee lildevil.ee lildevil.ee lildevil.ee lildevil.ee lildevil.ee lildevil.ee lildevil.ee lildevil.ee lildevil.ee lildevil.ee lildevil.ee lildevil.ee lildevil.ee lildevil.ee lildevil.ee M\u00dc\u00dcA ALUSTA OMA \u00c4RI KOHE! M\u00fc\u00fca domeen lildevil.ee koos kauba ning t\u00f6\u00f6tava e-poega. Koduleht on loodud platvormil WordPress ja e-pood on loodud Woocommerce pluginaga ning m\u00f5lemaid on v\u00e4ga kerge hallata. Hinnas sisaldub ka [&hellip;]<\/p>","protected":false},"author":1,"featured_media":0,"parent":0,"menu_order":0,"comment_status":"closed","ping_status":"closed","template":"brizy-blank-template.php","meta":{"_monsterinsights_skip_tracking":false,"_monsterinsights_sitenote_active":false,"_monsterinsights_sitenote_note":"","_monsterinsights_sitenote_category":0,"footnotes":""},"brizy_media":[{"id":9270,"url":"https:\/\/paulalill.com\/wp-content\/uploads\/brizy\/9264\/assets\/images\/107c41ee8e853b481d46e9c25d70a45b.jpg","name":"107c41ee8e853b481d46e9c25d70a45b.jpg","meta":{"brizy_attachment_uid":"107c41ee8e853b481d46e9c25d70a45b.jpg","brizy_post_uid":["ef74fbd6480649a23b324b11bac12f32"]}},{"id":9271,"url":"https:\/\/paulalill.com\/wp-content\/uploads\/brizy\/9264\/assets\/images\/a967975fef1dc156e68f1e9deb33d2fb.jpg","name":"a967975fef1dc156e68f1e9deb33d2fb.jpg","meta":{"brizy_attachment_uid":"a967975fef1dc156e68f1e9deb33d2fb.jpg","brizy_post_uid":["ef74fbd6480649a23b324b11bac12f32"]}},{"id":9273,"url":"https:\/\/paulalill.com\/wp-content\/uploads\/brizy\/9264\/assets\/images\/d03-Color-2-1.jpg","name":"d03-Color-2-1.jpg","meta":{"brizy_attachment_uid":"d03-Color-2-1.jpg","brizy_post_uid":["ef74fbd6480649a23b324b11bac12f32"]}},{"id":9274,"url":"https:\/\/paulalill.com\/wp-content\/uploads\/2021\/09\/IMG_8297.jpg","name":"IMG_8297.jpg","meta":{"brizy_attachment_uid":"wp-bfb1db2afd48f848ba328bb6b0017072.jpg","brizy_post_uid":["ef74fbd6480649a23b324b11bac12f32"]}}],"_links":{"self":[{"href":"https:\/\/paulalill.com\/en\/wp-json\/wp\/v2\/pages\/9264"}],"collection":[{"href":"https:\/\/paulalill.com\/en\/wp-json\/wp\/v2\/pages"}],"about":[{"href":"https:\/\/paulalill.com\/en\/wp-json\/wp\/v2\/types\/page"}],"author":[{"embeddable":true,"href":"https:\/\/paulalill.com\/en\/wp-json\/wp\/v2\/users\/1"}],"replies":[{"embeddable":true,"href":"https:\/\/paulalill.com\/en\/wp-json\/wp\/v2\/comments?post=9264"}],"version-history":[{"count":5,"href":"https:\/\/paulalill.com\/en\/wp-json\/wp\/v2\/pages\/9264\/revisions"}],"predecessor-version":[{"id":9286,"href":"https:\/\/paulalill.com\/en\/wp-json\/wp\/v2\/pages\/9264\/revisions\/9286"}],"wp:attachment":[{"href":"https:\/\/paulalill.com\/en\/wp-json\/wp\/v2\/media?parent=9264"}],"curies":[{"name":"wp","href":"https:\/\/api.w.org\/{rel}","templated":true}]}}