{"id":9076,"date":"2021-07-22T19:52:09","date_gmt":"2021-07-22T19:52:09","guid":{"rendered":"https:\/\/paulalill.com\/?page_id=9076"},"modified":"2026-04-06T21:19:14","modified_gmt":"2026-04-06T21:19:14","slug":"bday","status":"publish","type":"page","link":"https:\/\/paulalill.com\/en\/bday\/","title":{"rendered":"bday"},"content":{"rendered":"<div class=\"brz-root__container brz-reset-all brz brz-root__container-page\">\n<section id=\"_ctirjhruhmkxubqzhrablpdcwddbhjhclfch\" class=\"brz-section brz-css-1nv66xd\">\n<div class=\"brz-section__content brz-section--boxed brz-css-1bzbdw0 brz-css-tt6xhe\" data-brz-custom-id=\"sxkyfoyepkxqfckavisucywhtcedvapzlasn\">\n<div class=\"brz-bg\">\n<div class=\"brz-bg-color\"><\/div>\n<\/div>\n<div class=\"brz-container brz-css-krvwk6\">\n<div class=\"brz-row__container brz-css-88s0bo brz-css-ojpw2i\" data-brz-custom-id=\"trtzdagcsvmdeylsmjhylyavroekhqjcenye\">\n<div class=\"brz-bg\"><\/div>\n<div class=\"brz-row brz-css-4mpa0j brz-css-1cto6qc\">\n<div class=\"brz-columns brz-css-1qfmpio brz-css-13rzlom\" data-brz-custom-id=\"ibobjledwvdlfxhdrgkxzlhuagelperjklnr\">\n<div class=\"brz-column__items brz-css-7fo7g2 brz-css-od99nq\">\n<div id=\"\" class=\"brz-css-1q5afd5 brz-css-prtzlu brz-wrapper\">\n<div class=\"brz-rich-text brz-rich-text__custom brz-css-1b0q3an\" data-brz-custom-id=\"oqirehrtqqtsbpjryofhxfuikkcgogkegjab\">\n<div data-brz-translate-text=\"1\">\n<h2 class=\"brz-ff-lato brz-fw-xs-im-700 brz-fw-sm-im-700 brz-fw-lg-700 brz-ft-google brz-ls-xs-im-m_1 brz-ls-sm-im-m_1 brz-ls-lg-m_1_5 brz-fs-xs-im-28 brz-fs-sm-im-30 brz-fs-lg-36 brz-lh-xs-im-1_3 brz-lh-sm-im-1_2 brz-lh-lg-1_3 brz-text-xs-center brz-css-n_ZKO\"><span class=\"text-gradient brz-image-gradient\" data-gradient_type=\"linear-gradient\" data-gradient_radial_position=\"90\" data-gradient_linear_angle=\"90\" data-gradient_start_pointer=\"10\" data-gradient_finish_pointer=\"99\" data-gradient_active_pointer=\"finishPointer\" data-gradient_start_hex=\"#f0fa97\" data-gradient_finish_hex=\"#009900\" data-gradient_start_opacity=\"1\" data-gradient_finish_opacity=\"0.57\" data-gradient_start_palette=\"\" data-gradient_finish_palette=\"\">Sweet 30!<\/span><\/h2>\n<\/div>\n<\/div>\n<\/div>\n<div id=\"\" class=\"brz-css-1q5afd5 brz-wrapper\">\n<div class=\"brz-rich-text brz-rich-text__custom brz-css-1b0q3an\" data-brz-custom-id=\"warnlnaxjhltankpnisknqxmwoqimdhbkadr\">\n<div data-brz-translate-text=\"1\">\n<p class=\"brz-ls-xs-im-0 brz-ls-sm-im-0 brz-ls-lg-0 brz-fs-xs-im-16 brz-fs-sm-im-17 brz-fs-lg-17 brz-lh-xs-im-1_5 brz-lh-sm-im-1_5 brz-lh-lg-1_8 brz-text-xs-center brz-ff-reem_kufi brz-ft-google brz-fw-lg-400 brz-fw-sm-im-400 brz-fw-xs-im-400 brz-css-pizGx\">Ma ei varja, et ma jumaldan s\u00fcnnip\u00e4evi ja nende t\u00e4histamist. See pole minu jaoks vananemine. See on t\u00e4histamine, et Sa oled siia ilma s\u00fcndinud ning saad osa igast v\u00f5rratust p\u00e4evast siin elus. Nii nii nii vahva on meenutada ja veeta see MINU P\u00c4EV  oma kallitega &#8211; nendega, kes teevad Sinu argip\u00e4eva ilusamaks, lohutavad Sinu kurba meelt v\u00f5i vajadusel raputavad Sind!<\/p>\n<p class=\"brz-ls-xs-im-0 brz-ls-sm-im-0 brz-ls-lg-0 brz-fs-xs-im-16 brz-fs-sm-im-17 brz-fs-lg-17 brz-lh-xs-im-1_5 brz-lh-sm-im-1_5 brz-lh-lg-1_8 brz-text-xs-center brz-ff-reem_kufi brz-ft-google brz-fw-lg-400 brz-fw-sm-im-400 brz-fw-xs-im-400 brz-css-wyZQZ\">Sel korral keeran kuidagi uue lehe ja v\u00f5tan uue eluetapi vastu.<\/p>\n<p class=\"brz-ls-xs-im-0 brz-ls-sm-im-0 brz-ls-lg-0 brz-fs-xs-im-16 brz-fs-sm-im-17 brz-fs-lg-17 brz-lh-xs-im-1_5 brz-lh-sm-im-1_5 brz-lh-lg-1_8 brz-text-xs-center brz-ff-reem_kufi brz-ft-google brz-fw-lg-400 brz-fw-sm-im-400 brz-fw-xs-im-400 brz-css-oLwdT\">L\u00f5vil lakk lehvib! \u264c\ufe0e Uhke v\u00e4rk!<\/p>\n<p class=\"brz-ls-xs-im-0 brz-ls-sm-im-0 brz-ls-lg-0 brz-fs-xs-im-16 brz-fs-sm-im-17 brz-fs-lg-17 brz-lh-xs-im-1_5 brz-lh-sm-im-1_5 brz-lh-lg-1_8 brz-text-xs-center brz-ff-reem_kufi brz-ft-google brz-fw-lg-400 brz-fw-sm-im-400 brz-fw-xs-im-400 brz-css-xnpzl\"><\/p>\n<p class=\"brz-ls-xs-im-0 brz-ls-sm-im-0 brz-ls-lg-0 brz-fs-xs-im-16 brz-fs-sm-im-17 brz-fs-lg-17 brz-lh-xs-im-1_5 brz-lh-sm-im-1_5 brz-lh-lg-1_8 brz-text-xs-center brz-ff-reem_kufi brz-ft-google brz-fw-lg-400 brz-fw-sm-im-400 brz-fw-xs-im-400 brz-css-gSrBN\">Olen elevil, varun hunnikutega \u00f5hupalle ja s\u00e4delevaid vidinaid. Muidugi panen selles uues l\u00f5vifaasis ka oma kivikesed laadima. Lae oma energiat!<\/p>\n<p class=\"brz-ls-xs-im-0 brz-ls-sm-im-0 brz-ls-lg-0 brz-fs-xs-im-16 brz-fs-sm-im-17 brz-fs-lg-17 brz-lh-xs-im-1_5 brz-lh-sm-im-1_5 brz-lh-lg-1_8 brz-text-xs-center brz-ff-reem_kufi brz-ft-google brz-fw-lg-400 brz-fw-sm-im-400 brz-fw-xs-im-400 brz-css-xkGKj\"><\/p>\n<p class=\"brz-ls-xs-im-0 brz-ls-sm-im-0 brz-ls-lg-0 brz-fs-xs-im-16 brz-fs-sm-im-17 brz-fs-lg-17 brz-lh-xs-im-1_5 brz-lh-sm-im-1_5 brz-lh-lg-1_8 brz-text-xs-center brz-ff-reem_kufi brz-ft-google brz-fw-lg-400 brz-fw-sm-im-400 brz-fw-xs-im-400 brz-css-jNKfi\">Ja ma suurest lahkest s\u00fcdamest kingiksin teile k\u00f5igile kogu maailma.. Kuna see minu v\u00f5imuses ei ole, siis on minu v\u00f5imuses kinkida teile selline soodustus, millist % te varem \u00fchegi koodiga n\u00e4inud pole <img decoding=\"async\" role=\"img\" class=\"emoji\" alt=\"\ud83d\udcab\" src=\"https:\/\/s.w.org\/images\/core\/emoji\/13.0.0\/svg\/1f4ab.svg\">!<\/p>\n<p class=\"brz-ls-xs-im-0 brz-ls-sm-im-0 brz-ls-lg-0 brz-fs-xs-im-16 brz-fs-sm-im-17 brz-fs-lg-17 brz-lh-xs-im-1_5 brz-lh-sm-im-1_5 brz-lh-lg-1_8 brz-text-xs-center brz-ff-reem_kufi brz-ft-google brz-fw-lg-400 brz-fw-sm-im-400 brz-fw-xs-im-400 brz-css-bVwLL\"><\/p>\n<p class=\"brz-ls-xs-im-0 brz-ls-sm-im-0 brz-ls-lg-0 brz-fs-xs-im-16 brz-fs-sm-im-17 brz-fs-lg-17 brz-lh-xs-im-1_5 brz-lh-sm-im-1_5 brz-lh-lg-1_8 brz-text-xs-center brz-ff-reem_kufi brz-ft-google brz-fw-lg-400 brz-fw-sm-im-400 brz-fw-xs-im-400 brz-css-zB_JI\">Dermorganic.ee kodulehelt saad 23. ja 24. juulil tellida tooteid 30% soodsamalt kasutades koodi &#8211; \u00b4\u00b4PAULABDAY\u00b4\u00b4<\/p>\n<p class=\"brz-ls-xs-im-0 brz-ls-sm-im-0 brz-ls-lg-0 brz-fs-xs-im-16 brz-fs-sm-im-17 brz-fs-lg-17 brz-lh-xs-im-1_5 brz-lh-sm-im-1_5 brz-lh-lg-1_8 brz-text-xs-center brz-ff-reem_kufi brz-ft-google brz-fw-lg-400 brz-fw-sm-im-400 brz-fw-xs-im-400 brz-css-bfNeK\"><\/p>\n<p class=\"brz-ls-xs-im-0 brz-ls-sm-im-0 brz-ls-lg-0 brz-fs-xs-im-16 brz-fs-sm-im-17 brz-fs-lg-17 brz-lh-xs-im-1_5 brz-lh-sm-im-1_5 brz-lh-lg-1_8 brz-text-xs-center brz-ff-reem_kufi brz-ft-google brz-fw-lg-400 brz-fw-sm-im-400 brz-fw-xs-im-400 brz-css-i1Sow\">23. ja 24. juulil kullerit me ei tee, pakid saad tellida pakiautomaati v\u00f5i eelneval kokkuleppel Tartus Pikk 12c &#8211; Paula juuksestuudiosse ise j\u00e4rgi tulla.<\/p>\n<p class=\"brz-ls-xs-im-0 brz-ls-sm-im-0 brz-ls-lg-0 brz-fs-xs-im-16 brz-fs-sm-im-17 brz-fs-lg-17 brz-lh-xs-im-1_5 brz-lh-sm-im-1_5 brz-lh-lg-1_8 brz-text-xs-center brz-ff-reem_kufi brz-ft-google brz-fw-lg-400 brz-fw-sm-im-400 brz-fw-xs-im-400 brz-css-bCQ6g\"><\/p>\n<p class=\"brz-ls-xs-im-0 brz-ls-sm-im-0 brz-ls-lg-0 brz-fs-xs-im-16 brz-fs-sm-im-17 brz-fs-lg-17 brz-lh-xs-im-1_5 brz-lh-sm-im-1_5 brz-lh-lg-1_8 brz-text-xs-center brz-ff-reem_kufi brz-ft-google brz-fw-lg-400 brz-fw-sm-im-400 brz-fw-xs-im-400 brz-css-mI6ra\">Nautige oma p\u00e4eva!<\/p>\n<\/div>\n<\/div>\n<\/div>\n<div id=\"\" class=\"brz-css-1q5afd5 brz-css-1s2ynui brz-css-10p53gf brz-wrapper\">\n<div class=\"brz-spacer brz-css-1pts3gm brz-css-si44tf\"><\/div>\n<\/div>\n<div id=\"\" class=\"brz-css-1q5afd5 brz-wrapper\">\n<div class=\"brz-rich-text brz-rich-text__custom brz-css-1b0q3an\" data-brz-custom-id=\"ddqpoygbfwvmuffapjhxwfznhripkrtfunel\">\n<div data-brz-translate-text=\"1\">\n<p class=\"brz-lh-lg-1_9 brz-lh-sm-im-1_6 brz-lh-xs-im-1_6 brz-fs-lg-16 brz-fs-sm-im-15 brz-fs-xs-im-15 brz-ls-lg-0 brz-ls-sm-im-0 brz-ls-xs-im-0 brz-ff-reem_kufi brz-ft-google brz-fw-lg-400 brz-fw-sm-im-400 brz-fw-xs-im-400 brz-css-j48fd\"><strong class=\"brz-cp-color7\"> <\/strong><span class=\"brz-cp-color7\">FOTOD : Rein Leib<\/span><\/p>\n<\/div>\n<\/div>\n<\/div>\n<div class=\"brz-wrapper-clone brz-css-pugs69\">\n<div class=\"brz-d-xs-flex brz-flex-xs-wrap brz-css-17zw19w brz-css-1x3gl8\" data-brz-custom-id=\"\">\n<div class=\"brz-wrapper-clone__item\" id=\"sknhdbffjunybkyiodmjukidaxdgvlqljhpk\"><a class=\"brz-a brz-btn brz-css-d5ruoq brz-css-ihwwb6 brz-css-ldwi8h brz-css-1hm4v4c\" href=\"https:\/\/dermorganic.ee\" target=\"_self\" rel=\"noopener\" data-brz-link-type=\"external\" data-brz-custom-id=\"sknhdbffjunybkyiodmjukidaxdgvlqljhpk\"><span data-brz-translate-text=\"1\" class=\"brz-span brz-text__editor\">DERMORGANIC.EE<\/span><\/a><\/div>\n<\/div>\n<\/div>\n<div id=\"\" class=\"brz-css-1q5afd5 brz-css-1s2ynui brz-css-1wv62aa brz-wrapper\">\n<div class=\"brz-spacer brz-css-1pts3gm brz-css-snh3jk\"><\/div>\n<\/div>\n<\/div>\n<\/div>\n<div class=\"brz-columns brz-css-1qfmpio brz-css-w8ajel\" data-brz-custom-id=\"vczxqxduchmhanheywfrowhphjdjtletusok\">\n<div class=\"brz-bg\"><\/div>\n<div class=\"brz-column__items brz-css-7fo7g2 brz-css-16kmbse\">\n<div id=\"\" class=\"brz-css-1q5afd5 brz-css-1q944tw brz-wrapper\">\n<div class=\"brz-image brz-css-trg86q\" data-brz-custom-id=\"yocmycdlppjtivmviuufjczclwgkaswcckwg\"><img decoding=\"async\" class=\"brz-img\" src=\"https:\/\/paulalill.com\/?brizy_media=wp-e8fd380530aea0a1fe1bf42c94fb69f7.jpg&amp;brizy_crop=iW%3D525%26iH%3D788%26oX%3D0%26oY%3D24%26cW%3D525%26cH%3D740\" alt=\"\" loading=\"lazy\"><\/div>\n<\/div>\n<\/div>\n<\/div>\n<\/div>\n<\/div>\n<\/div>\n<\/div>\n<\/section>\n<section id=\"_mltgdbmauafkrwrmxjqdwzxndxezjvlmpbjz\" class=\"brz-section brz-css-1nv66xd\">\n<div class=\"brz-section__content brz-section--boxed brz-css-1bzbdw0 brz-css-1vbp1vw\" data-brz-custom-id=\"dlcrjaqrlcorqeknwzoptvwbyninzbgxzlxl\">\n<div class=\"brz-container brz-css-krvwk6\">\n<div class=\"brz-row__container brz-css-88s0bo\" data-brz-custom-id=\"omxaugpizpbtqvsyqjkmhjepqwfktgfbredx\">\n<div class=\"brz-bg\"><\/div>\n<div class=\"brz-row brz-css-4mpa0j brz-css-1cto6qc\">\n<div class=\"brz-columns brz-css-1qfmpio brz-css-x1tb3m\" data-brz-custom-id=\"utqdrkepdrnnpmndxmaifsengaqdybaedmou\">\n<div class=\"brz-bg\"><\/div>\n<div class=\"brz-column__items brz-css-7fo7g2 brz-css-tzn375\">\n<div id=\"\" class=\"brz-css-1q5afd5 brz-wrapper\">\n<div class=\"brz-image brz-css-1i3fdbu brz-css-1fl0pqk\" data-brz-custom-id=\"zalyedfillxttomslvyutbeoaloonwjtonvf\"><img decoding=\"async\" class=\"brz-img\" src=\"https:\/\/paulalill.com\/?brizy_media=wp-bb53192c17b14552e2a14e922c0eba53.jpg&amp;brizy_crop=iW%3D270%26iH%3D404%26oX%3D0%26oY%3D22%26cW%3D270%26cH%3D360\" alt=\"\" loading=\"lazy\"><\/div>\n<\/div>\n<div id=\"\" class=\"brz-css-1q5afd5 brz-css-1vkhlbe brz-wrapper\">\n<div class=\"brz-rich-text brz-rich-text__custom brz-css-1b0q3an\" data-brz-custom-id=\"zxrnmdgelsqliqcgfskiwdnsoqyrupngtulx\">\n<div data-brz-translate-text=\"1\">\n<p class=\"brz-tp-paragraph brz-css-iVee3\"><span class=\"brz-cp-color7\">Naerata ja tee nalja ning maailm naeratab vastu. K\u00f5lab t\u00e4pselt nagu kulunud fraas, aga peab 100% paika!<\/span><\/p>\n<\/div>\n<\/div>\n<\/div>\n<\/div>\n<\/div>\n<div class=\"brz-columns brz-css-1qfmpio brz-css-1v8tv7p\" data-brz-custom-id=\"omxrgnkuzgbxahjibqagipczjncurrochotp\">\n<div class=\"brz-bg\"><\/div>\n<div class=\"brz-column__items brz-css-7fo7g2 brz-css-4eyb08\">\n<div id=\"\" class=\"brz-css-1q5afd5 brz-wrapper\">\n<div class=\"brz-image brz-css-1dloqqk brz-css-12j6koy\" data-brz-custom-id=\"mvjwqoyskjdliffhbcpwsblnrzqyqospgnto\"><img decoding=\"async\" class=\"brz-img\" src=\"https:\/\/paulalill.com\/?brizy_media=wp-b633942a5633ea9da0466f561f94d11a.jpg&amp;brizy_crop=iW%3D270%26iH%3D404%26oX%3D0%26oY%3D22%26cW%3D270%26cH%3D360\" alt=\"\" loading=\"lazy\"><\/div>\n<\/div>\n<div id=\"\" class=\"brz-css-1q5afd5 brz-css-smh2c1 brz-wrapper\">\n<div class=\"brz-rich-text brz-rich-text__custom brz-css-1b0q3an\" data-brz-custom-id=\"htdahzvpqjcyqimevtyeidzzedqzmwgpqzil\">\n<div data-brz-translate-text=\"1\">\n<p class=\"brz-tp-paragraph brz-css-tc2zu\"><span class=\"brz-cp-color7\">Maadle oma maadlused l\u00f5puni! <\/span><\/p>\n<\/div>\n<\/div>\n<\/div>\n<\/div>\n<\/div>\n<div class=\"brz-columns brz-css-1qfmpio brz-css-13wmie8\" data-brz-custom-id=\"cjglmbeferznialyuoxoitxwbhigwxjxbgsr\">\n<div class=\"brz-column__items brz-css-7fo7g2 brz-css-1v01kv0\">\n<div id=\"\" class=\"brz-css-1q5afd5 brz-wrapper\">\n<div class=\"brz-image brz-css-1gdbls1 brz-css-1qcv2ma\" data-brz-custom-id=\"mglwndrixkaltnqklwdeicnwpofyxtujwbzj\"><img decoding=\"async\" class=\"brz-img\" src=\"https:\/\/paulalill.com\/?brizy_media=wp-b15c63d9dcb81684096253232a53cff4.jpg&amp;brizy_crop=iW%3D271%26iH%3D406%26oX%3D0%26oY%3D22%26cW%3D271%26cH%3D361\" alt=\"\" loading=\"lazy\"><\/div>\n<\/div>\n<div id=\"\" class=\"brz-css-1q5afd5 brz-css-1nmef3j brz-wrapper\">\n<div class=\"brz-rich-text brz-rich-text__custom brz-css-1b0q3an\" data-brz-custom-id=\"yousedglgpczwhuqohkwrqrakigszuoimnvc\">\n<div data-brz-translate-text=\"1\">\n<h5 class=\"brz-mb-lg-10 brz-mt-lg-10 brz-mt-xs-0 brz-mb-xs-0 brz-lh-lg-1_6 brz-lh-sm-im-1_7 brz-lh-xs-im-1_8 brz-ls-lg-0 brz-ls-sm-im-0 brz-ls-xs-im-0 brz-ff-reem_kufi brz-ft-google brz-fw-lg-400 brz-fw-sm-im-400 brz-fw-xs-im-400 brz-fs-lg-16 brz-fs-sm-im-13 brz-fs-xs-im-13 brz-css-uPOVZ\"><span class=\"brz-cp-color2\">Ja sa v\u00f5idad k\u00f5ik siin elus, mida vaid julged soovida!<\/span><\/h5>\n<\/div>\n<\/div>\n<\/div>\n<\/div>\n<\/div>\n<\/div>\n<\/div>\n<\/div>\n<\/div>\n<\/section>\n<section id=\"_gciygasiebrnmcezwbvcnlsrdlinjqzorope\" class=\"brz-section brz-css-1nv66xd\">\n<div class=\"brz-section__content brz-section--boxed brz-css-1bzbdw0 brz-css-1344dho\" data-brz-custom-id=\"fhtagtnirlqmyzqubbtexknfurnchqkadgeg\">\n<div class=\"brz-container brz-css-krvwk6\">\n<div class=\"brz-row__container brz-css-88s0bo\" data-brz-custom-id=\"grogszhgwixwjrfaysxanthsrfrzzqdxeadx\">\n<div class=\"brz-bg\"><\/div>\n<div class=\"brz-row brz-css-4mpa0j brz-css-1cto6qc\">\n<div class=\"brz-columns brz-css-1qfmpio brz-css-nl8521\" data-brz-custom-id=\"yjvfubdkpjrhsyeiqryaqmmrmopxqhxdzpgq\">\n<div class=\"brz-bg\"><\/div>\n<div class=\"brz-column__items brz-css-7fo7g2 brz-css-8ty7ic\">\n<div id=\"\" class=\"brz-css-1q5afd5 brz-css-14dwm3q brz-wrapper\">\n<div class=\"brz-image brz-css-pjce8d brz-css-56vpse\" data-brz-custom-id=\"gfyjegapxseugqvijvxbmvnlgwdehcxfrzlt\"><img decoding=\"async\" class=\"brz-img\" src=\"https:\/\/paulalill.com\/?brizy_media=wp-e313f0b706aedf76da781b5fb60f7df7.jpg&amp;brizy_crop=iW%3D595%26iH%3D794%26oX%3D70%26oY%3D22%26cW%3D525%26cH%3D749\" alt=\"\" loading=\"lazy\"><\/div>\n<\/div>\n<\/div>\n<\/div>\n<div class=\"brz-columns brz-css-1qfmpio brz-css-4ypbvk\" data-brz-custom-id=\"tulchzzyyyiapbtwktuqsmyrvmyauzopsckw\">\n<div class=\"brz-bg\"><\/div>\n<div class=\"brz-column__items brz-css-7fo7g2 brz-css-1lnng5o\">\n<div id=\"\" class=\"brz-css-1q5afd5 brz-css-i5d3is brz-wrapper\">\n<div class=\"brz-rich-text brz-rich-text__custom brz-css-1b0q3an\" data-brz-custom-id=\"dqzjigymfmuxwylqfdrmtxknwlbywrskczwm\">\n<div data-brz-translate-text=\"1\">\n<h1 class=\"brz-fs-xs-im-10 brz-fs-sm-im-12 brz-fs-lg-20 brz-fw-xs-im-400 brz-fw-sm-im-400 brz-fw-lg-400 brz-ft-google brz-ff-palanquin brz-lh-lg-1_3 brz-lh-sm-im-1_2 brz-lh-xs-im-1_3 brz-ls-lg-m_1_5 brz-ls-sm-im-m_1 brz-ls-xs-im-m_1 brz-css-asxWv\"><span class=\"text-gradient brz-image-gradient\" data-gradient_type=\"linear-gradient\" data-gradient_radial_position=\"90\" data-gradient_linear_angle=\"90\" data-gradient_start_pointer=\"0\" data-gradient_finish_pointer=\"100\" data-gradient_active_pointer=\"startPointer\" data-gradient_start_hex=\"#05CAB6\" data-gradient_finish_hex=\"#009900\" data-gradient_start_opacity=\"0.75\" data-gradient_finish_opacity=\"0.8\" data-gradient_start_palette=\"color3\" data-gradient_finish_palette=\"\">Self care isnt selfish! <\/span><\/h1>\n<h1 class=\"brz-fs-xs-im-10 brz-fs-sm-im-12 brz-fs-lg-20 brz-fw-xs-im-400 brz-fw-sm-im-400 brz-fw-lg-400 brz-ft-google brz-ff-palanquin brz-lh-lg-1_3 brz-lh-sm-im-1_2 brz-lh-xs-im-1_3 brz-ls-lg-m_1_5 brz-ls-sm-im-m_1 brz-ls-xs-im-m_1 brz-css-iAo9p\"><span class=\"text-gradient brz-image-gradient\" data-gradient_type=\"linear-gradient\" data-gradient_radial_position=\"90\" data-gradient_linear_angle=\"90\" data-gradient_start_pointer=\"0\" data-gradient_finish_pointer=\"100\" data-gradient_active_pointer=\"startPointer\" data-gradient_start_hex=\"#05CAB6\" data-gradient_finish_hex=\"#009900\" data-gradient_start_opacity=\"0.75\" data-gradient_finish_opacity=\"0.8\" data-gradient_start_palette=\"color3\" data-gradient_finish_palette=\"\">Not treating yourself as you deserve should be criminal! <\/span><\/h1>\n<\/div>\n<\/div>\n<\/div>\n<div id=\"\" class=\"brz-css-1q5afd5 brz-css-1s2ynui brz-css-1h9m339 brz-wrapper\">\n<div class=\"brz-spacer brz-css-1pts3gm brz-css-12rl7h6\"><\/div>\n<\/div>\n<div id=\"\" class=\"brz-css-1q5afd5 brz-wrapper\">\n<div class=\"brz-icon-text brz-css-74j552 brz-css-zjm0rv\" data-brz-custom-id=\"ewihiqhiucajfzfkfqwwvigryfdohqlzldzv\">\n<div class=\"brz-icon__container\" data-brz-custom-id=\"xlljksonmeunxpmiblqjpowxfypwnyhnlcrt\"><span class=\"brz-icon brz-span brz-css-1qrc3e8 brz-css-h9xwrx\"><\/span><\/div>\n<div class=\"brz-text-btn\">\n<div class=\"brz-rich-text brz-rich-text__custom brz-css-1b0q3an\" data-brz-custom-id=\"jubaebujeppzyxtzgszrpdspemeshywbhecg\">\n<div data-brz-translate-text=\"1\">\n<ul>\n<li class=\"brz-fs-xs-im-12 brz-fs-sm-im-12 brz-fs-lg-15 brz-fw-xs-im-400 brz-fw-sm-im-400 brz-fw-lg-400 brz-ft-google brz-ff-reem_kufi brz-mb-lg-10 brz-mt-lg-5 brz-lh-lg-1_6 brz-lh-sm-im-1_7 brz-lh-xs-im-1_8 brz-ls-lg-0 brz-ls-sm-im-0 brz-ls-xs-im-0 brz-bcp-color2 brz-css-yYwd3\"><span class=\"brz-cp-color2,color7\">Pranamat.ee kodulehelt saad samuti komplektidelt m\u00f5nusa 30% sooduka, kui kasutad koodi lahtris &#8211; \u00b4\u00b4PAULA\u00b4\u00b4.  <\/span><\/li>\n<\/ul>\n<p class=\"brz-fs-xs-im-12 brz-fs-sm-im-12 brz-fs-lg-15 brz-fw-xs-im-400 brz-fw-sm-im-400 brz-fw-lg-400 brz-ft-google brz-ff-reem_kufi brz-mb-lg-10 brz-mt-lg-5 brz-lh-lg-1_6 brz-lh-sm-im-1_7 brz-lh-xs-im-1_8 brz-ls-lg-0 brz-ls-sm-im-0 brz-ls-xs-im-0 brz-bcp-color2 brz-css-nVnu2\"><span class=\"brz-cp-color2,color7\">Pranamati komplekt on mulle suureks abiliseks, muidugi saad Sa tellida endale ka \u00fcksiku toote! <\/span><\/p>\n<p class=\"brz-fs-xs-im-12 brz-fs-sm-im-12 brz-fs-lg-15 brz-fw-xs-im-400 brz-fw-sm-im-400 brz-fw-lg-400 brz-ft-google brz-ff-reem_kufi brz-mb-lg-10 brz-mt-lg-5 brz-lh-lg-1_6 brz-lh-sm-im-1_7 brz-lh-xs-im-1_8 brz-ls-lg-0 brz-ls-sm-im-0 brz-ls-xs-im-0 brz-bcp-color2 brz-css-lCuEM\"><span class=\"brz-cp-color2,color7\"> Padi ja pisem matt on super head ka reisile (kodumaisele ja ka v\u00e4lismaisele) kaasa v\u00f5tta. <\/span><\/p>\n<p class=\"brz-fs-xs-im-12 brz-fs-sm-im-12 brz-fs-lg-15 brz-fw-xs-im-400 brz-fw-sm-im-400 brz-fw-lg-400 brz-ft-google brz-ff-reem_kufi brz-mb-lg-10 brz-mt-lg-5 brz-lh-lg-1_6 brz-lh-sm-im-1_7 brz-lh-xs-im-1_8 brz-ls-lg-0 brz-ls-sm-im-0 brz-ls-xs-im-0 brz-bcp-color2 brz-css-z9nAR\"><span class=\"brz-cp-color2,color7\"> Aktuaalne Hiiumaa praami j\u00e4rjekord lausa n\u00f5uab l\u00f5\u00f5gastavat Pranamati patja. Istud seal, tige meel, s\u00e4tid padja kaela taha ja lihtsalt naudid. Pinged kaelast kaovad ja veri liigub j\u00e4lle nagu peab. <\/span><\/p>\n<p class=\"brz-fs-xs-im-12 brz-fs-sm-im-12 brz-fs-lg-15 brz-fw-xs-im-400 brz-fw-sm-im-400 brz-fw-lg-400 brz-ft-google brz-ff-reem_kufi brz-mb-lg-10 brz-mt-lg-5 brz-lh-lg-1_6 brz-lh-sm-im-1_7 brz-lh-xs-im-1_8 brz-ls-lg-0 brz-ls-sm-im-0 brz-ls-xs-im-0 brz-bcp-color2 brz-css-xREs2\"><span class=\"brz-cp-color2,color7\"> Tegelege rohkem iseendaga ja ennetage! Kerge on v\u00f5tta valuvaigisti v\u00f5i siis kord kuus\/kord poole aasta jooksul loivata massaa\u017ei. Seal on ikka \u00fclimalt hea k\u00e4ia, aga .. tee kodus v\u00f5i kontoris ja miks mitte autos oodates ka ise midagi enda heaks!<\/span><\/p>\n<p class=\"brz-fs-xs-im-12 brz-fs-sm-im-12 brz-fs-lg-15 brz-fw-xs-im-400 brz-fw-sm-im-400 brz-fw-lg-400 brz-ft-google brz-ff-reem_kufi brz-mb-lg-10 brz-mt-lg-5 brz-lh-lg-1_6 brz-lh-sm-im-1_7 brz-lh-xs-im-1_8 brz-ls-lg-0 brz-ls-sm-im-0 brz-ls-xs-im-0 brz-bcp-color2 brz-css-gjHL2\"><span class=\"brz-cp-color2,color7\"> Blogrollist leiad ka minu v\u00e4ikese artikli Pranamati kasutamise kohta. Mine piilu! <\/span><\/p>\n<p class=\"brz-fs-xs-im-12 brz-fs-sm-im-12 brz-fs-lg-15 brz-fw-xs-im-400 brz-fw-sm-im-400 brz-fw-lg-400 brz-ft-google brz-ff-reem_kufi brz-mb-lg-10 brz-mt-lg-5 brz-lh-lg-1_6 brz-lh-sm-im-1_7 brz-lh-xs-im-1_8 brz-ls-lg-0 brz-ls-sm-im-0 brz-ls-xs-im-0 brz-bcp-color2 brz-css-lhvG6\"><span class=\"brz-cp-color2,color7\"> <\/span><span class=\"brz-cp-color2,color7 brz-pre-population-visible\">#tselluliidistvabaks #bybye #tselluliit #h\u00fcvasti #terveskehastervevaim #supermoms #im30 #welcome <\/span><span class=\"brz-cp-color2,color7\"> <\/span><\/p>\n<p class=\"brz-fs-xs-im-12 brz-fs-sm-im-12 brz-fs-lg-15 brz-fw-xs-im-400 brz-fw-sm-im-400 brz-fw-lg-400 brz-ft-google brz-ff-reem_kufi brz-mb-lg-10 brz-mt-lg-5 brz-lh-lg-1_6 brz-lh-sm-im-1_7 brz-lh-xs-im-1_8 brz-ls-lg-0 brz-ls-sm-im-0 brz-ls-xs-im-0 brz-bcp-color2 brz-css-uCek1\"><span class=\"brz-cp-color2,color7\"> <\/span><\/p>\n<\/div>\n<\/div>\n<\/div>\n<\/div>\n<\/div>\n<div class=\"brz-wrapper-clone brz-css-pugs69\">\n<div class=\"brz-d-xs-flex brz-flex-xs-wrap brz-css-17zw19w brz-css-s42fgl\" data-brz-custom-id=\"\">\n<div class=\"brz-wrapper-clone__item\" id=\"ejtzjrqjatedwzzezflmbatkmbzmxqnohjmq\"><a class=\"brz-a brz-btn brz-css-d5ruoq brz-css-xlfnkv brz-css-ldwi8h brz-css-1kaxeew\" href=\"https:\/\/pranamat.ee\" target=\"_self\" rel=\"noopener\" data-brz-link-type=\"external\" data-brz-custom-id=\"ejtzjrqjatedwzzezflmbatkmbzmxqnohjmq\"><span data-brz-translate-text=\"1\" class=\"brz-span brz-text__editor\">PRANAMAT.EE<\/span><\/a><\/div>\n<\/div>\n<\/div>\n<\/div>\n<\/div>\n<\/div>\n<\/div>\n<\/div>\n<\/div>\n<\/section>\n<\/div>\n<p>    <!-- version:1737218232 --><\/p>","protected":false},"excerpt":{"rendered":"<p>Sweet 30! Ma ei varja, et ma jumaldan s\u00fcnnip\u00e4evi ja nende t\u00e4histamist. See pole minu jaoks vananemine. See on t\u00e4histamine, et Sa oled siia ilma s\u00fcndinud ning saad osa igast v\u00f5rratust p\u00e4evast siin elus. Nii nii nii vahva on meenutada ja veeta see MINU P\u00c4EV oma kallitega &#8211; nendega, kes teevad Sinu argip\u00e4eva ilusamaks, lohutavad [&hellip;]<\/p>","protected":false},"author":1,"featured_media":0,"parent":0,"menu_order":0,"comment_status":"closed","ping_status":"closed","template":"brizy-blank-template.php","meta":{"_monsterinsights_skip_tracking":false,"_monsterinsights_sitenote_active":false,"_monsterinsights_sitenote_note":"","_monsterinsights_sitenote_category":0,"footnotes":""},"brizy_media":[{"id":34,"url":"https:\/\/paulalill.com\/wp-content\/uploads\/brizy\/11\/assets\/images\/d03-Img-Bottle-Glass-1.jpg","name":"d03-Img-Bottle-Glass-1.jpg","meta":{"brizy_attachment_uid":"d03-Img-Bottle-Glass-1.jpg","brizy_post_uid":["cb1177478174e61ef852f5f3b8ac09f5"]}},{"id":35,"url":"https:\/\/paulalill.com\/wp-content\/uploads\/brizy\/11\/assets\/images\/d03-Img-Accesories.jpg","name":"d03-Img-Accesories.jpg","meta":{"brizy_attachment_uid":"d03-Img-Accesories.jpg","brizy_post_uid":["cb1177478174e61ef852f5f3b8ac09f5"]}},{"id":36,"url":"https:\/\/paulalill.com\/wp-content\/uploads\/brizy\/11\/assets\/images\/d03-Img-Lips-1.jpg","name":"d03-Img-Lips-1.jpg","meta":{"brizy_attachment_uid":"d03-Img-Lips-1.jpg","brizy_post_uid":["cb1177478174e61ef852f5f3b8ac09f5"]}},{"id":8504,"url":"https:\/\/paulalill.com\/wp-content\/uploads\/2021\/02\/IMG_0782-1.jpg","name":"IMG_0782-1.jpg","meta":{"brizy_attachment_uid":"wp-e313f0b706aedf76da781b5fb60f7df7.jpg","brizy_post_uid":["cb1177478174e61ef852f5f3b8ac09f5"]}},{"id":9080,"url":"https:\/\/paulalill.com\/wp-content\/uploads\/2021\/07\/IMG_1408-1-scaled.jpg","name":"IMG_1408-1.jpg","meta":{"brizy_attachment_uid":"wp-bb53192c17b14552e2a14e922c0eba53.jpg","brizy_post_uid":["cb1177478174e61ef852f5f3b8ac09f5"]}},{"id":9083,"url":"https:\/\/paulalill.com\/wp-content\/uploads\/2021\/07\/IMG_1405-scaled.jpg","name":"IMG_1405.jpg","meta":{"brizy_attachment_uid":"wp-b15c63d9dcb81684096253232a53cff4.jpg","brizy_post_uid":["cb1177478174e61ef852f5f3b8ac09f5"]}},{"id":9084,"url":"https:\/\/paulalill.com\/wp-content\/uploads\/2021\/07\/IMG_1404-scaled.jpg","name":"IMG_1404.jpg","meta":{"brizy_attachment_uid":"wp-b633942a5633ea9da0466f561f94d11a.jpg","brizy_post_uid":["cb1177478174e61ef852f5f3b8ac09f5"]}},{"id":9085,"url":"https:\/\/paulalill.com\/wp-content\/uploads\/2021\/07\/IMG_1403-scaled.jpg","name":"IMG_1403.jpg","meta":{"brizy_attachment_uid":"wp-e8fd380530aea0a1fe1bf42c94fb69f7.jpg","brizy_post_uid":["cb1177478174e61ef852f5f3b8ac09f5"]}},{"id":9089,"url":"https:\/\/paulalill.com\/wp-content\/uploads\/2021\/07\/IMG_1439.jpg","name":"IMG_1439.jpg","meta":{"brizy_attachment_uid":"wp-607121f6e8486ba4fd0fc6f7d7f71801.jpg","brizy_post_uid":["cb1177478174e61ef852f5f3b8ac09f5"]}}],"_links":{"self":[{"href":"https:\/\/paulalill.com\/en\/wp-json\/wp\/v2\/pages\/9076"}],"collection":[{"href":"https:\/\/paulalill.com\/en\/wp-json\/wp\/v2\/pages"}],"about":[{"href":"https:\/\/paulalill.com\/en\/wp-json\/wp\/v2\/types\/page"}],"author":[{"embeddable":true,"href":"https:\/\/paulalill.com\/en\/wp-json\/wp\/v2\/users\/1"}],"replies":[{"embeddable":true,"href":"https:\/\/paulalill.com\/en\/wp-json\/wp\/v2\/comments?post=9076"}],"version-history":[{"count":5,"href":"https:\/\/paulalill.com\/en\/wp-json\/wp\/v2\/pages\/9076\/revisions"}],"predecessor-version":[{"id":9129,"href":"https:\/\/paulalill.com\/en\/wp-json\/wp\/v2\/pages\/9076\/revisions\/9129"}],"wp:attachment":[{"href":"https:\/\/paulalill.com\/en\/wp-json\/wp\/v2\/media?parent=9076"}],"curies":[{"name":"wp","href":"https:\/\/api.w.org\/{rel}","templated":true}]}}