{"id":7455,"date":"2021-01-13T17:29:10","date_gmt":"2021-01-13T17:29:10","guid":{"rendered":"https:\/\/paulalill.com\/?page_id=7455"},"modified":"2026-04-08T00:34:04","modified_gmt":"2026-04-08T00:34:04","slug":"aastaalgus","status":"publish","type":"page","link":"https:\/\/paulalill.com\/en\/aastaalgus\/","title":{"rendered":"aastaalgus"},"content":{"rendered":"<div class=\"brz-root__container brz-reset-all brz brz-root__container-page\">\n<section id=\"_kgpmzpxbexxahovxzmonzivkxcfeovisgiax\" class=\"brz-section brz-css-1agocfo\">\n<div class=\"brz-section__content brz-section--boxed brz-css-l4hj0i brz-css-14i4hrc\" data-brz-custom-id=\"xqtrueisxiejtmjugixxazhinsxfaiaghpdk\">\n<div class=\"brz-bg\">\n<div class=\"brz-bg-color\"><\/div>\n<\/div>\n<div class=\"brz-container brz-css-1xol6jt\">\n<div class=\"brz-row__container brz-css-1cuh7kp brz-css-1rnuzjl\" data-brz-custom-id=\"srusxsnbgdmuylxmznaeswcuhlbiobcitpmp\">\n<div class=\"brz-bg\"><\/div>\n<div class=\"brz-row brz-css-1nxmtql brz-css-14xgvds\">\n<div class=\"brz-columns brz-css-w3ytp4 brz-css-1emuari\" data-brz-custom-id=\"yecjeyyioxyqnpjoncrznzxnlyvopizesnvk\">\n<div class=\"brz-column__items brz-css-bhs35t brz-css-1df1y19\">\n<div id=\"\" class=\"brz-css-19zlwoj brz-css-4cf7kb brz-wrapper\">\n<div class=\"brz-rich-text brz-rich-text__custom brz-css-l6mk9p\" data-brz-custom-id=\"jxjnqkwxquswiitnngssbnmmoladyncslnag\">\n<div data-brz-translate-text=\"1\">\n<h2 class=\"brz-text-xs-center brz-tp-abovetitle brz-css-hB94i\"><span class=\"brz-cp-color2\">2021<\/span><\/h2>\n<\/div>\n<\/div>\n<\/div>\n<div id=\"\" class=\"brz-css-19zlwoj brz-wrapper\">\n<div class=\"brz-rich-text brz-rich-text__custom brz-css-l6mk9p\" data-brz-custom-id=\"ufkoswdichgevopygklnjxsaxquwgezauskq\">\n<div data-brz-translate-text=\"1\">\n<p class=\"brz-text-xs-center brz-tp-subtitle brz-css-u_WC6\"><span class=\"brz-cp-color7\">Eelmisel aastal toimus paljude inimeste eludes suuri muutusi. Ka minu omas. K\u00e4ima l\u00e4ks Paula positiivne podcast, viisime l\u00e4bi p\u00f5nevaid koost\u00f6id, suutsin luua rohkem kunsti ja \u00fcle\u00fcldse toimetasin palju k\u00f5ige uuega! Hakkasin taas rohkem Paula juuksestuudios T\u00d6\u00d6LE! <\/span><\/p>\n<p class=\"brz-text-xs-center brz-tp-subtitle brz-css-jCa2j\"><span class=\"brz-cp-color7\">2021 aasta algus on juba v\u00e4ga p\u00f5nevalt kulgenud.. Pole kaua enam oodata, kui k\u00e4es on s\u00e4rav kevad! Aeg l\u00e4heb linnulennul!  Loe mida me juba teeme v\u00f5i mis on tulekul! <\/span><\/p>\n<\/div>\n<\/div>\n<\/div>\n<div class=\"brz-row__container brz-css-1cuh7kp\" data-brz-custom-id=\"rcmlldhbbzdsflezmmhfrvmahzaqejfomkjp\">\n<div class=\"brz-bg\"><\/div>\n<div class=\"brz-row brz-row--inner brz-css-1nxmtql brz-css-14xgvds\">\n<div class=\"brz-columns brz-css-w3ytp4 brz-css-frmjh5\" data-brz-custom-id=\"wttbaxabfjljrxkokzpzhmlxmjazhhgzjiio\">\n<div class=\"brz-bg\"><\/div>\n<div class=\"brz-column__items brz-css-bhs35t brz-css-emu3jk\">\n<div class=\"brz-wrapper-clone brz-css-naq2e5\">\n<div class=\"brz-d-xs-flex brz-flex-xs-wrap brz-css-yocl7t brz-css-1gen876\" data-brz-custom-id=\"\">\n<div class=\"brz-wrapper-clone__item\" id=\"mwrhtdqeuxpalfzaalpxdsvltwangwhvmnty\">\n<div class=\"brz-icon__container\" data-brz-custom-id=\"mwrhtdqeuxpalfzaalpxdsvltwangwhvmnty\"><span class=\"brz-icon brz-span brz-css-cy9wsp brz-css-1xzdpjr\"><\/span><\/div>\n<\/div>\n<\/div>\n<\/div>\n<div id=\"\" class=\"brz-css-19zlwoj brz-css-zqtr74 brz-wrapper\">\n<div class=\"brz-rich-text brz-rich-text__custom brz-css-l6mk9p\" data-brz-custom-id=\"wnhxdctgckimgmnzfakxkwuhlcqyktriawth\">\n<div data-brz-translate-text=\"1\">\n<h5 class=\"brz-tp-abovetitle brz-css-ot_8W\"><span class=\"brz-cp-color2\">Medkeskus.ee<\/span><\/h5>\n<\/div>\n<\/div>\n<\/div>\n<div id=\"\" class=\"brz-css-19zlwoj brz-wrapper\">\n<div class=\"brz-rich-text brz-rich-text__custom brz-css-l6mk9p\" data-brz-custom-id=\"nyzghsitpnffkkeztqnnimgrtslvauntzxlv\">\n<div data-brz-translate-text=\"1\">\n<p class=\"brz-tp-paragraph brz-css-rjwUG\"><span class=\"brz-cp-color7\">Turundame hetkel v\u00e4ga kasulikku e-poodi, milleks on www.medkeskus.ee!  Sealt leiad t\u00f5esti \u00fclimalt hea hinnaga vahendid k\u00e4te, pindade ja t\u00f6\u00f6vahendite desinfitseerimiseks. Leiad \u00fclimalt m\u00f5istliku hinnaga kvaliteetseid meditsiinilisi maske! Mina kandsin varem pigem korduvkasutatavaid, aga siis hakkas n\u00e4onahast kahju ning medkeskus.ee maskid on niiiiiiii mugavad ja super hea hinnaga, et pigem kasutan neid. Piilu kindlasti ka visiire, prillvisiir on minu lemmik. Nii ilusad helesinised prillid. <\/span><\/p>\n<\/div>\n<\/div>\n<\/div>\n<\/div>\n<\/div>\n<\/div>\n<\/div>\n<div id=\"\" class=\"brz-css-19zlwoj brz-css-bzg78b brz-css-d6p7k brz-wrapper\">\n<div class=\"brz-spacer brz-css-149uvq6 brz-css-ixn6l5\"><\/div>\n<\/div>\n<div class=\"brz-row__container brz-css-1cuh7kp\" data-brz-custom-id=\"uvbqsogafhqkzqfliktuhnwwtaorefydqlsh\">\n<div class=\"brz-bg\"><\/div>\n<div class=\"brz-row brz-row--inner brz-css-1nxmtql brz-css-14xgvds\">\n<div class=\"brz-columns brz-css-w3ytp4 brz-css-s67n2d\" data-brz-custom-id=\"bbnegefvynxecjjlssdilwigtjtstipffxus\">\n<div class=\"brz-bg\"><\/div>\n<div class=\"brz-column__items brz-css-bhs35t brz-css-z3aifi\">\n<div class=\"brz-wrapper-clone brz-css-naq2e5\">\n<div class=\"brz-d-xs-flex brz-flex-xs-wrap brz-css-yocl7t brz-css-1awlyzx\" data-brz-custom-id=\"\">\n<div class=\"brz-wrapper-clone__item\" id=\"ruacvqmkzbueyfeeznlfgvjuijsjsdoiqqlu\">\n<div class=\"brz-icon__container\" data-brz-custom-id=\"ruacvqmkzbueyfeeznlfgvjuijsjsdoiqqlu\"><span class=\"brz-icon brz-span brz-css-cy9wsp brz-css-4p28qc\"><\/span><\/div>\n<\/div>\n<\/div>\n<\/div>\n<div id=\"\" class=\"brz-css-19zlwoj brz-css-12zrzru brz-wrapper\">\n<div class=\"brz-rich-text brz-rich-text__custom brz-css-l6mk9p\" data-brz-custom-id=\"tfuglhbvubiawufadzqwvnipovigsvebtxfy\">\n<div data-brz-translate-text=\"1\">\n<h5 class=\"brz-tp-abovetitle brz-css-r3iwu\"><span class=\"brz-cp-color2\">Medicina.ee<\/span><\/h5>\n<\/div>\n<\/div>\n<\/div>\n<div id=\"\" class=\"brz-css-19zlwoj brz-wrapper\">\n<div class=\"brz-rich-text brz-rich-text__custom brz-css-l6mk9p\" data-brz-custom-id=\"hccjuwkqlfpznubwqhhaeivowkfilyresapr\">\n<div data-brz-translate-text=\"1\">\n<p class=\"brz-tp-paragraph brz-css-y9bVc\"><span class=\"brz-cp-color7\">Kindlasti hoia end kursis Eestis veel liiga v\u00e4he tuntud PRP protseduuriga. V\u00e4ga kahju, et inimesed ikka veel v\u00e4ga ei tea sellest midagi. Mina jagan aga teiega lahkelt oma kogemust. Kes pole veel n\u00e4inud, siis kindlasti vaadake minu Instagrami kontolt videot esimesest protseduurist! PRP protseduur ehk tuntud kui ka Vampire Facial..Plasmateraapia jne.. Staaride lemmik protseduur. Lihtsalt r\u00e4\u00e4kides.. Sinu veenist v\u00f5etakse veri (Elli-Maria v\u00f5tab seda nii, et ka mina suur minestaja ei minestanud ning valus ka polnud!), muidugi veri peab enne seda korras olema, vanusepiirangut pole. Seej\u00e4rel pannakse see \u00fchte aparaati, mis siis eraldab plasma verest. Plasma v\u00f5etakse s\u00fcstlasse ning tehakse s\u00fcsted peanahka v\u00f5i n\u00e4onahka. Mina teen sel korral 2. ja ka 3. protseduuri peanahale. Mis see teeb? Kui ma juuksed patsi panen, siis mind h\u00e4irib, et mul on h\u00f5redamad kohad peas. <\/span><\/p>\n<\/div>\n<\/div>\n<\/div>\n<\/div>\n<\/div>\n<\/div>\n<\/div>\n<\/div>\n<\/div>\n<div class=\"brz-columns brz-css-w3ytp4 brz-css-f3i2mm\" data-brz-custom-id=\"ixtodwfdsewbbbysgeyuqevuzbxmxufisebf\">\n<div class=\"brz-bg\"><\/div>\n<div class=\"brz-column__items brz-css-bhs35t brz-css-1n3hv66\">\n<div id=\"\" class=\"brz-css-19zlwoj brz-css-151ih5i brz-wrapper\">\n<div class=\"brz-image brz-css-1ea08jx\" data-brz-custom-id=\"lahddtrbaymixynaivykwcvtvajvegybrjrc\"><img decoding=\"async\" class=\"brz-img\" src=\"https:\/\/paulalill.com\/?brizy_media=wp-3be1fdd433ce34d7d9a3134c31a18d6e.jpg&amp;brizy_crop=iW%3D659%26iH%3D879%26oX%3D31%26oY%3D0%26cW%3D545%26cH%3D879\" alt=\"\" loading=\"lazy\"><\/div>\n<\/div>\n<div id=\"\" class=\"brz-css-19zlwoj brz-wrapper\">\n<div class=\"brz-rich-text brz-rich-text__custom brz-css-l6mk9p\" data-brz-custom-id=\"fqgsncmpwakxftnessxgccpcbakhxiiurphp\">\n<div data-brz-translate-text=\"1\">\n<p class=\"brz-tp-paragraph brz-css-iYIlE\"><span class=\"brz-cp-color7\">V\u00e4ga laheda PRP protseduuri video Medicina Kliinikus tegi Ken J\u00e4rveoja (Lakestream Media)! <\/span><\/p>\n<\/div>\n<\/div>\n<\/div>\n<div class=\"brz-wrapper-clone brz-css-naq2e5\">\n<div class=\"brz-d-xs-flex brz-flex-xs-wrap brz-css-yocl7t\" data-brz-custom-id=\"\">\n<div class=\"brz-wrapper-clone__item\" id=\"inpayljhaidokpoyukyteeqfovpnqrwbxygt\"><a class=\"brz-a brz-btn brz-css-66gpq8 brz-css-1lwkn15 brz-css-72vhfx brz-css-marvzy\" href=\"https:\/\/www.instagram.com\/p\/CJBS7anJ4VC\/\" target=\"_self\" rel=\"noopener\" data-brz-link-type=\"external\" data-brz-custom-id=\"inpayljhaidokpoyukyteeqfovpnqrwbxygt\"><span data-brz-translate-text=\"1\" class=\"brz-span brz-text__editor\">PRP VIDEO<\/span><\/a><\/div>\n<\/div>\n<\/div>\n<\/div>\n<\/div>\n<\/div>\n<\/div>\n<div id=\"\" class=\"brz-css-19zlwoj brz-wrapper\">\n<div class=\"brz-rich-text brz-rich-text__custom brz-css-l6mk9p\" data-brz-custom-id=\"kcqrhunlhtucefpcqgseklpkuexchgvpptdi\">\n<div data-brz-translate-text=\"1\">\n<p class=\"brz-tp-paragraph brz-css-jT0TD\"><span class=\"brz-cp-color7\">Jah, see veel pole nii hull, aga ma olen realist. Kui me j\u00e4\u00e4me vanemaks, siis juuksed ei l\u00e4he imekombel tihedamaks vaid just h\u00f5redamaks. Et vananeda uhkemalt, tahaksin ma ikkagi veidi tihedamaid juukseid. See pole ainult minu pisike mure. Igap\u00e4evaselt n\u00e4en naisi, kellel on tuka osa meeletult h\u00f5re, kellel on pealaelt super h\u00f5re, mujalt on tihe.. Ja \u00e4rge pange pahaks, ma alati hoiatan teid! Sest minu juures on k\u00e4inud umbes 6-7 aastat tagasi \u00fcks vanem naisterahvas (vanuses umbes 60 -ringis). Ta k\u00e4is pidevalt ja ikka tahtis midagi osta, et mis aitaks. Ta k\u00e4is lausa parukaga, sest enda juuksed olid t\u00f5esti &#8211; tohutult h\u00f5redad. See \u00f5petas mulle, et mingite iluprobleemidega v\u00f5iks varakult tegeleda, kui hiljem lootusrikkalt siis rohkem maksta sinna suunda, mis ei aitagi. Aga mina talle igasugu tooteid ei m\u00fc\u00fcnud. R\u00e4\u00e4kisingi talle, et need seerumid, mis niisama peanahale kantakse, need lihtsalt selles vanuses ei aita midagi sinna juurde tekitada. <\/span><\/p>\n<p class=\"brz-tp-paragraph brz-css-y4yeE\"><span class=\"brz-cp-color7\">PRP seevastu, selle protseduuri v\u00e4ltel tehakse s\u00fcsted ja Sinu oma vereplasma aitab t\u00f5esti juukseid p\u00e4he juurde saada. Inimesed, kellel on Alopeetsiaga probleem, neid muu praktiliselt ei aitagi. <\/span><\/p>\n<p class=\"brz-tp-paragraph brz-css-dfvKK\"><span class=\"brz-cp-color7\">Mina jagangi oma protseduuri kogemust suure hea meelega, sest nii palju on noori inimesi, kellel on h\u00f5redad kohad peas. Siinkohal pole abi kallitest \u0161ampoonidest ja seerumitest. \u0160ampoon peab olema \u00f5rnade pesuainetega ja puhas, peanahk peab olema balansis ehk ei tohi kestendada, kuivada, olla \u00fcle koormatud mingitest ladestustest. Ega puhast ja ilusat peanahka kohtan uute klientide seas v\u00e4he. Jah ka neid p\u00fcsikliente on, kellele j\u00f5uluvana midagi vahvat t\u00f5i &#8211; neid on. Peanahk annab sellest kohe m\u00e4rku! Enne seda PRP plasma protseduuri peab peanahk olema korras, ilma haavanditeta, puhas, niisutatud, ilusat naha v\u00e4rvi, mitte p\u00f5letikuliselt roosa jne.   <\/span><\/p>\n<\/div>\n<\/div>\n<\/div>\n<\/div>\n<\/div>\n<\/section>\n<section id=\"_bwcdgwivonpvfrjzygcbfrbirlzmbtcarfnu\" class=\"brz-section brz-css-1agocfo\">\n<div class=\"brz-section__content brz-section--boxed brz-css-l4hj0i brz-css-1vzeqbg\" data-brz-custom-id=\"lvimbbfatxfepznvlrczngetehloyexfzugi\">\n<div class=\"brz-bg\">\n<div class=\"brz-bg-color\"><\/div>\n<\/div>\n<div class=\"brz-container brz-css-1xol6jt\">\n<div class=\"brz-row__container brz-css-1cuh7kp brz-css-jzsoxw\" data-brz-custom-id=\"pthyxdzomlxnmbxgezwzwfoiktwtvxrtgphs\">\n<div class=\"brz-bg\"><\/div>\n<div class=\"brz-row brz-css-1nxmtql brz-css-14xgvds\">\n<div class=\"brz-columns brz-css-w3ytp4 brz-css-ufsah6\" data-brz-custom-id=\"njaoclnfbndftzbaovqdqmjotbyxgmviujxe\">\n<div class=\"brz-column__items brz-css-bhs35t brz-css-mnxl8q\">\n<div id=\"\" class=\"brz-css-19zlwoj brz-wrapper\">\n<div class=\"brz-rich-text brz-rich-text__custom brz-css-l6mk9p\" data-brz-custom-id=\"sedkvrmplgemmmepqxiwamwrjemaniayorbh\">\n<div data-brz-translate-text=\"1\">\n<p class=\"brz-tp-abovetitle brz-text-xs-center brz-css-sHQG3\">Migreen<\/p>\n<\/div>\n<\/div>\n<\/div>\n<div class=\"brz-row__container brz-css-1cuh7kp\" data-brz-custom-id=\"neyvzhxpqtkdtogxvhiescwzdpmnguflwuyc\">\n<div class=\"brz-bg\"><\/div>\n<div class=\"brz-row brz-row--inner brz-css-1nxmtql brz-css-14xgvds\">\n<div class=\"brz-columns brz-css-w3ytp4 brz-css-14ei3j\" data-brz-custom-id=\"juxihmuxpycjloozzzxzhprbuafqphpoceeh\">\n<div class=\"brz-bg\"><\/div>\n<div class=\"brz-column__items brz-css-bhs35t brz-css-zdfs4v\">\n<div class=\"brz-wrapper-clone brz-css-naq2e5\">\n<div class=\"brz-d-xs-flex brz-flex-xs-wrap brz-css-yocl7t brz-css-1gp5tkc\" data-brz-custom-id=\"\">\n<div class=\"brz-wrapper-clone__item\" id=\"zswnwxiojrvrkkzjyyzbbpteavbwoqginzsa\">\n<div class=\"brz-icon__container\" data-brz-custom-id=\"zswnwxiojrvrkkzjyyzbbpteavbwoqginzsa\"><span class=\"brz-icon brz-span brz-css-cy9wsp brz-css-hyft3v\"><\/span><\/div>\n<\/div>\n<\/div>\n<\/div>\n<div id=\"\" class=\"brz-css-19zlwoj brz-css-haox04 brz-wrapper\">\n<div class=\"brz-rich-text brz-rich-text__custom brz-css-l6mk9p\" data-brz-custom-id=\"ptxbjimkgjzltlrfgmvwojbndlgvtwgxfein\">\n<div data-brz-translate-text=\"1\">\n<h5 class=\"brz-tp-abovetitle brz-css-l_gIb\"><span class=\"brz-cp-color2\">Varsti saate teada.. <\/span><\/h5>\n<\/div>\n<\/div>\n<\/div>\n<div id=\"\" class=\"brz-css-19zlwoj brz-wrapper\">\n<div class=\"brz-rich-text brz-rich-text__custom brz-css-l6mk9p\" data-brz-custom-id=\"lqdpbifpnhdlvqszdasbgrdreobzhpurzekt\">\n<div data-brz-translate-text=\"1\">\n<p class=\"brz-tp-paragraph brz-css-lROeE\"><span class=\"brz-cp-color7\">Juba varsti r\u00e4\u00e4gin ma teile, kuidas ma oma migreenidest ja pingepeavaludest olen suutnud vabaneda! Minu stressi level on pidevalt \u00fcsna k\u00f5rge ning tegelikult on see suur ime, et ma saan hakkama ilma valuvaigistiteta! Neid, keda kimbutab migreen, on tegelikult meeletult palju. T\u00f6\u00f6d, rabelemist, kunsti, k\u00f5ike on ikkagi v\u00e4ga palju ning unetunde on v\u00e4he. \u00c4rge seda arvake, et ma olen rohkem magama hakanud. Oh ei! Seda v\u00f5lga ei saa niipea tasutud! <\/span><\/p>\n<p class=\"brz-tp-paragraph brz-css-dXOrE\"><span class=\"brz-cp-color7\"> <\/span><\/p>\n<p class=\"brz-tp-paragraph brz-css-rcsPC\"><span class=\"brz-cp-color7\">Sellest k\u00f5igest kuulete ja n\u00e4ete juba varsti!  <\/span><\/p>\n<\/div>\n<\/div>\n<\/div>\n<\/div>\n<\/div>\n<\/div>\n<\/div>\n<div class=\"brz-row__container brz-css-1cuh7kp\" data-brz-custom-id=\"dmcjlxleetiiyjhkvtmauqsgiivpwkaljrru\">\n<div class=\"brz-bg\"><\/div>\n<div class=\"brz-row brz-row--inner brz-css-1nxmtql brz-css-14xgvds\">\n<div class=\"brz-columns brz-css-w3ytp4 brz-css-kp4ha1\" data-brz-custom-id=\"ydkjcczufqhbfvgdrkmhxkynxqdmxbegahqg\">\n<div class=\"brz-bg\"><\/div>\n<div class=\"brz-column__items brz-css-bhs35t brz-css-ur7yk4\">\n<div class=\"brz-wrapper-clone brz-css-naq2e5\">\n<div class=\"brz-d-xs-flex brz-flex-xs-wrap brz-css-yocl7t brz-css-16sjyql\" data-brz-custom-id=\"\">\n<div class=\"brz-wrapper-clone__item\" id=\"ulbdckyyhkdfomstffbmtfrcggflkfjcvbie\">\n<div class=\"brz-icon__container\" data-brz-custom-id=\"ulbdckyyhkdfomstffbmtfrcggflkfjcvbie\"><span class=\"brz-icon brz-span brz-css-cy9wsp brz-css-1x7kyay\"><\/span><\/div>\n<\/div>\n<\/div>\n<\/div>\n<div id=\"\" class=\"brz-css-19zlwoj brz-css-5abse8 brz-wrapper\">\n<div class=\"brz-rich-text brz-rich-text__custom brz-css-l6mk9p\" data-brz-custom-id=\"ukngvilhiysoieuqnsynehmbkqusflboxhub\">\n<div data-brz-translate-text=\"1\">\n<h5 class=\"brz-tp-abovetitle brz-css-rLOZh\"><span class=\"brz-cp-color2\">Paula Lill Design  <\/span><\/h5>\n<\/div>\n<\/div>\n<\/div>\n<div id=\"\" class=\"brz-css-19zlwoj brz-wrapper\">\n<div class=\"brz-rich-text brz-rich-text__custom brz-css-l6mk9p\" data-brz-custom-id=\"kwkmxulcpkgevsucztuftdssjoisxbvzxvuk\">\n<div data-brz-translate-text=\"1\">\n<p class=\"brz-tp-paragraph brz-css-zLkim\"><span class=\"brz-cp-color7\">T\u00e4na pildistasime Reinuga koos \u00fcles uut disaini kottidele ja riietele! <\/span><\/p>\n<p class=\"brz-tp-paragraph brz-css-uFmNq\"><span class=\"brz-cp-color7\">Niiiiiii lahe! Ps. Kes veel ei tea, siis Suitsup\u00e4\u00e4sus\u00fcda meie helkurkottidel, riidest kottidel ja plastikpudelitest taaskasutatud kottidel olev print on tegelikult originaalmaalilt maha pildistatud. Ja veidi aega tagasi valmisid imeilusad mustad tiivad! Juba varsti on uued tooted teie ees!  <\/span><\/p>\n<p class=\"brz-tp-paragraph brz-css-z1gZc\"><span class=\"brz-cp-color7\"> <\/span><\/p>\n<p class=\"brz-tp-paragraph brz-css-xIkzG\"><span class=\"brz-cp-color7\">TULEMAS ON KA E-POOD, KUST SAATE OTSE TELLIDA <\/span><\/p>\n<p class=\"brz-tp-paragraph brz-css-oWeEV\"><span class=\"brz-cp-color7\">JA SOODSAMA HINNAGA! <img decoding=\"async\" role=\"img\" class=\"emoji\" alt=\"\ud83d\udda4\" src=\"https:\/\/s.w.org\/images\/core\/emoji\/13.0.0\/svg\/1f5a4.svg\"> <\/span><\/p>\n<\/div>\n<\/div>\n<\/div>\n<\/div>\n<\/div>\n<\/div>\n<\/div>\n<div id=\"\" class=\"brz-css-19zlwoj brz-css-bzg78b brz-css-7v5843 brz-wrapper\">\n<div class=\"brz-spacer brz-css-149uvq6 brz-css-1fvaxvi\"><\/div>\n<\/div>\n<\/div>\n<\/div>\n<div class=\"brz-columns brz-css-w3ytp4 brz-css-17s9v5p\" data-brz-custom-id=\"dnjmavdwowluhtjcdhokxdzdbsymynjlswpn\">\n<div class=\"brz-bg\"><\/div>\n<div class=\"brz-column__items brz-css-bhs35t brz-css-1gu07xq\">\n<div id=\"\" class=\"brz-css-19zlwoj brz-css-15ne79f brz-wrapper\">\n<div class=\"brz-image brz-css-s4wa6h\" data-brz-custom-id=\"jdewpimnleiorptfecxbveyhgvkkdvdzuomw\"><img decoding=\"async\" class=\"brz-img\" src=\"https:\/\/paulalill.com\/?brizy_media=wp-62688953d23196dd4a4d18327a1ba0de.jpg&amp;brizy_crop=iW%3D747%26iH%3D878%26oX%3D101%26oY%3D0%26cW%3D545%26cH%3D878\" alt=\"\" loading=\"lazy\"><\/div>\n<\/div>\n<\/div>\n<\/div>\n<\/div>\n<\/div>\n<\/div>\n<\/div>\n<\/section>\n<\/div>\n<p>    <!-- version:1737195125 --><\/p>","protected":false},"excerpt":{"rendered":"<p>2021 Eelmisel aastal toimus paljude inimeste eludes suuri muutusi. Ka minu omas. K\u00e4ima l\u00e4ks Paula positiivne podcast, viisime l\u00e4bi p\u00f5nevaid koost\u00f6id, suutsin luua rohkem kunsti ja \u00fcle\u00fcldse toimetasin palju k\u00f5ige uuega! Hakkasin taas rohkem Paula juuksestuudios T\u00d6\u00d6LE! 2021 aasta algus on juba v\u00e4ga p\u00f5nevalt kulgenud.. Pole kaua enam oodata, kui k\u00e4es on s\u00e4rav kevad! Aeg [&hellip;]<\/p>","protected":false},"author":1,"featured_media":0,"parent":0,"menu_order":0,"comment_status":"closed","ping_status":"closed","template":"brizy-blank-template.php","meta":{"_monsterinsights_skip_tracking":false,"_monsterinsights_sitenote_active":false,"_monsterinsights_sitenote_note":"","_monsterinsights_sitenote_category":0,"footnotes":""},"brizy_media":[{"id":6728,"url":"https:\/\/paulalill.com\/wp-content\/uploads\/brizy\/6670\/assets\/images\/d03-XR.png","name":"d03-XR.png","meta":{"brizy_attachment_uid":"d03-XR.png","brizy_post_uid":["08199c3741354b1007a5c8c496a4d09a"]}},{"id":7460,"url":"https:\/\/paulalill.com\/wp-content\/uploads\/2021\/01\/IMG_5029_Facetune_13-01-2021-14-52-38.jpg","name":"IMG_5029_Facetune_13-01-2021-14-52-38.jpg","meta":{"brizy_attachment_uid":"wp-3be1fdd433ce34d7d9a3134c31a18d6e.jpg","brizy_post_uid":["08199c3741354b1007a5c8c496a4d09a"]}},{"id":7597,"url":"https:\/\/paulalill.com\/wp-content\/uploads\/2021\/01\/CF1ED5C3-F576-4D62-A693-59A960A1BF05.jpg","name":"CF1ED5C3-F576-4D62-A693-59A960A1BF05.jpg","meta":{"brizy_attachment_uid":"wp-62688953d23196dd4a4d18327a1ba0de.jpg","brizy_post_uid":["08199c3741354b1007a5c8c496a4d09a"]}}],"_links":{"self":[{"href":"https:\/\/paulalill.com\/en\/wp-json\/wp\/v2\/pages\/7455"}],"collection":[{"href":"https:\/\/paulalill.com\/en\/wp-json\/wp\/v2\/pages"}],"about":[{"href":"https:\/\/paulalill.com\/en\/wp-json\/wp\/v2\/types\/page"}],"author":[{"embeddable":true,"href":"https:\/\/paulalill.com\/en\/wp-json\/wp\/v2\/users\/1"}],"replies":[{"embeddable":true,"href":"https:\/\/paulalill.com\/en\/wp-json\/wp\/v2\/comments?post=7455"}],"version-history":[{"count":5,"href":"https:\/\/paulalill.com\/en\/wp-json\/wp\/v2\/pages\/7455\/revisions"}],"predecessor-version":[{"id":7660,"href":"https:\/\/paulalill.com\/en\/wp-json\/wp\/v2\/pages\/7455\/revisions\/7660"}],"wp:attachment":[{"href":"https:\/\/paulalill.com\/en\/wp-json\/wp\/v2\/media?parent=7455"}],"curies":[{"name":"wp","href":"https:\/\/api.w.org\/{rel}","templated":true}]}}