{"id":4800,"date":"2020-04-07T07:19:46","date_gmt":"2020-04-07T07:19:46","guid":{"rendered":"http:\/\/paulalill.com\/?page_id=4800"},"modified":"2026-04-06T19:51:15","modified_gmt":"2026-04-06T19:51:15","slug":"kaerakupsised","status":"publish","type":"page","link":"https:\/\/paulalill.com\/en\/kaerakupsised\/","title":{"rendered":"kaerak\u00fcpsised"},"content":{"rendered":"<div class=\"brz-root__container brz-reset-all brz brz-root__container-page\">\n<section id=\"_mmbtxaatuksfdtqmyzjunhexnjziqbeeeory\" class=\"brz-section brz-css-uq5aq7\">\n<div class=\"brz-section__content brz-section--boxed brz-css-nsj8yl brz-css-gysotu\" data-brz-custom-id=\"cxshvrphzusucmhbwpndxruyqvyqiegmyaeb\">\n<div class=\"brz-container brz-css-1bvyvzb\">\n<div class=\"brz-wrapper-clone brz-css-tj4tvg\">\n<div class=\"brz-d-xs-flex brz-flex-xs-wrap brz-css-1usycx\" data-brz-custom-id=\"\">\n<div class=\"brz-wrapper-clone__item\" id=\"zvbeexfgygtudcolhhpanfiokmynghxavuse\">\n<div class=\"brz-icon__container\" data-brz-custom-id=\"zvbeexfgygtudcolhhpanfiokmynghxavuse\"><span class=\"brz-icon brz-span brz-css-g6f4f4 brz-css-q20p5o\"><\/span><\/div>\n<\/div>\n<\/div>\n<\/div>\n<div id=\"\" class=\"brz-css-10dyjqw brz-wrapper\">\n<div class=\"brz-rich-text brz-rich-text__custom brz-css-notufz\" data-brz-custom-id=\"swknfsqemfrmvpmiumosgdidufohulbfaqea\">\n<div data-brz-translate-text=\"1\">\n<h1 class=\"brz-tp-heading1 brz-text-lg-center brz-css-jpHpD\"><span class=\"brz-cp-color2\">KAERAK\u00dcPSISED <\/span><\/h1>\n<\/div>\n<\/div>\n<\/div>\n<div id=\"\" class=\"brz-css-10dyjqw brz-css-s2iqtf brz-wrapper\">\n<div class=\"brz-rich-text brz-rich-text__custom brz-css-notufz\" data-brz-custom-id=\"vkhmtmcovysqvkqrvlycvgqzxdowsoxyurfx\">\n<div data-brz-translate-text=\"1\">\n<p class=\"brz-text-lg-center brz-tp-subtitle brz-css-yrRzx\"><span class=\"brz-cp-color7\">LIHTNE JA KIIRE &#8211; 10 MIN NING AHJU<\/span><\/p>\n<\/div>\n<\/div>\n<\/div>\n<\/div>\n<\/div>\n<\/section>\n<section id=\"_rrcdzoabjwrtwyowgmdckqbkgumkmyjwuqxe\" class=\"brz-section brz-css-uq5aq7\">\n<div class=\"brz-section__content brz-section--boxed brz-css-nsj8yl brz-css-1qi5mgl\" data-brz-custom-id=\"lzqceszaqgadwozuliylezywguizggiaikes\">\n<div class=\"brz-container brz-css-1bvyvzb\">\n<div class=\"brz-row__container brz-css-kvjmf1\" data-brz-custom-id=\"aaakodhwdguqvrsxqecwsythbhjcabtycwwu\">\n<div class=\"brz-bg\"><\/div>\n<div class=\"brz-row brz-css-158srn3 brz-css-1andtxc\">\n<div class=\"brz-columns brz-css-ti9t35 brz-css-14qlv8s\" data-brz-custom-id=\"ghjmtjezitwqjhxyjeirhlnyjqeliwkddwof\">\n<div class=\"brz-bg\"><\/div>\n<div class=\"brz-column__items brz-css-nnqf6x brz-css-foatp8\">\n<div id=\"\" class=\"brz-css-10dyjqw brz-css-byn53p brz-wrapper\">\n<div class=\"brz-image brz-css-154afsk brz-css-1t70wbr\" data-brz-custom-id=\"gaoouciwpcdvlpaayhxoxmupbhvrcnyuxgpn\"><img decoding=\"async\" class=\"brz-img\" src=\"https:\/\/www.paulalill.com\/?brizy_media=wp-6e8ce566d4088dff1c3e816a9a468f42&amp;brizy_crop=iW%3D555%26iH%3D616%26oX%3D0%26oY%3D74%26cW%3D555%26cH%3D468\" alt=\"\" loading=\"lazy\"><\/div>\n<\/div>\n<\/div>\n<\/div>\n<div class=\"brz-columns brz-css-ti9t35 brz-css-ehyd1p\" data-brz-custom-id=\"sbabpxqzwzvnomfixrgztyfjipsstwykfbgj\">\n<div class=\"brz-bg\"><\/div>\n<div class=\"brz-column__items brz-css-nnqf6x brz-css-1xndf2z\">\n<div id=\"\" class=\"brz-css-10dyjqw brz-css-5xzcoc brz-wrapper\">\n<div class=\"brz-rich-text brz-rich-text__custom brz-css-notufz\" data-brz-custom-id=\"nlgekxnyyhivljbxyiweqkbshwlwstagngcs\">\n<div data-brz-translate-text=\"1\">\n<h1 class=\"brz-tp-heading1 brz-css-cOQ97\"><span class=\"brz-cp-color2\"><span>Vaja l\u00e4heb&#8230;<\/span><\/span><\/h1>\n<\/div>\n<\/div>\n<\/div>\n<div id=\"\" class=\"brz-css-10dyjqw brz-wrapper\">\n<div class=\"brz-rich-text brz-rich-text__custom brz-css-notufz\" data-brz-custom-id=\"jsbvscfyeywbvbdviwtdrmviowykzwkimpzd\">\n<div data-brz-translate-text=\"1\">\n<ul>\n<li class=\"brz-tp-paragraph brz-bcp-color7 brz-css-tEQwx\"><span class=\"brz-cp-color7\">P\u00f5hiline komponent on kaerahelbed ( Mina kasutasin enamuses Provena gluteenivabu kaerakaid, aga kuna neid polnud p\u00e4ris nii palju siis panin tavalisi viievilja omi juurde).<\/span><\/li>\n<li class=\"brz-tp-paragraph brz-bcp-color7 brz-css-rI5IG\"><span class=\"brz-cp-color7\">Vahtrasiirupit<\/span><\/li>\n<li class=\"brz-tp-paragraph brz-bcp-color7 brz-css-m7bDK\"><span class=\"brz-cp-color7\">Mandlilaaste <\/span><\/li>\n<li class=\"brz-tp-paragraph brz-bcp-color7 brz-css-oWezM\"><span class=\"brz-cp-color7\">Tumedat \u0161okolaadi<\/span><\/li>\n<li class=\"brz-tp-paragraph brz-bcp-color7 brz-css-yYIhR\"><span class=\"brz-cp-color7\">3 muna<\/span><\/li>\n<li class=\"brz-tp-paragraph brz-bcp-color7 brz-css-igEYM\"><span class=\"brz-cp-color7\">Vanilli <\/span><\/li>\n<li class=\"brz-tp-paragraph brz-bcp-color7 brz-css-wT9dc\"><span class=\"brz-cp-color7\">Mett<\/span><\/li>\n<\/ul>\n<p class=\"brz-bcp-color7 brz-tp-paragraph brz-css-tgQYk\"><span class=\"brz-cp-color7\"> <\/span><\/p>\n<p class=\"brz-bcp-color7 brz-tp-paragraph brz-css-ly11m\"><span class=\"brz-cp-color7\">Kui Sul pole neid asju, pole hullu!! Peaasi, et kaerahelbeid ja muna oleks. Muu asemel v\u00f5id vastavalt tujule ja olemasolule panna k\u00fcpsiste..k\u00e4kkide..batoonikeste sisse banaani, datleid sidumiseks ja magustamiseks (blenderdatud), piima\u0161okolaadi, soolap\u00e4hkleid (mmmmmmmm kui hea), kookost..mida iganes.. j\u00f5hvikaid&#8230; Mis aga p\u00e4he tuleb! Retseptid pole kivist, tee sellest, mida kapis on! <\/span><\/p>\n<p class=\"brz-bcp-color7 brz-tp-paragraph brz-css-dhSQ0\"><span class=\"brz-cp-color7\"> <\/span><\/p>\n<\/div>\n<\/div>\n<\/div>\n<div id=\"\" class=\"brz-css-10dyjqw brz-css-waowmj brz-css-fyu6by brz-wrapper\">\n<div class=\"brz-spacer brz-css-1675r71 brz-css-ni6pp\"><\/div>\n<\/div>\n<\/div>\n<\/div>\n<\/div>\n<\/div>\n<\/div>\n<\/div>\n<\/section>\n<section id=\"_mptrvymcljcdhpozupeuhulpqtdqezbojmqy\" class=\"brz-section brz-css-uq5aq7\">\n<div class=\"brz-section__content brz-section--boxed brz-css-nsj8yl brz-css-1v5k1\" data-brz-custom-id=\"harmcfpjblmozirsvlgbsznjpmqwhcymsihk\">\n<div class=\"brz-container brz-css-1bvyvzb\">\n<div class=\"brz-row__container brz-css-kvjmf1\" data-brz-custom-id=\"wbgtykxmgmkrzpkexjzftjxilnhpvgoqfuet\">\n<div class=\"brz-bg\"><\/div>\n<div class=\"brz-row brz-css-158srn3 brz-css-1andtxc\">\n<div class=\"brz-columns brz-css-ti9t35 brz-css-hm77gf\" data-brz-custom-id=\"qsgslpcogmlndrrvctabuwtuanqcofouwdrw\">\n<div class=\"brz-bg\"><\/div>\n<div class=\"brz-column__items brz-css-nnqf6x brz-css-8419wb\">\n<div id=\"\" class=\"brz-css-10dyjqw brz-wrapper\">\n<div class=\"brz-rich-text brz-rich-text__custom brz-css-notufz\" data-brz-custom-id=\"nannybeweoruganwdbuzkegolakddrvhsouu\">\n<div data-brz-translate-text=\"1\">\n<p class=\"brz-tp-heading3 brz-css-i28qO\"><strong class=\"brz-cp-color3\">01<\/strong><\/p>\n<\/div>\n<\/div>\n<\/div>\n<div id=\"\" class=\"brz-css-10dyjqw brz-css-1a7b99d brz-wrapper\">\n<div class=\"brz-rich-text brz-rich-text__custom brz-css-notufz\" data-brz-custom-id=\"lvhqpvjyskqsfnykukxarakylvqtjkjfxfwj\">\n<div data-brz-translate-text=\"1\">\n<h4 class=\"brz-lh-lg-1_5 brz-lh-sm-im-1_4 brz-lh-xs-im-1_4 brz-ls-lg-m_0_5 brz-ls-sm-im-m_0_5 brz-ls-xs-im-0 brz-ff-overpass brz-ft-google brz-fw-lg-700 brz-fw-sm-im-700 brz-fw-xs-im-700 brz-fs-lg-19 brz-fs-sm-im-19 brz-fs-xs-im-17 brz-css-uj7l2\"><span class=\"brz-cp-color2\">Kaerahelbed.. <\/span><\/h4>\n<\/div>\n<\/div>\n<\/div>\n<div id=\"\" class=\"brz-css-10dyjqw brz-wrapper\">\n<div class=\"brz-rich-text brz-rich-text__custom brz-css-notufz\" data-brz-custom-id=\"swcgmmddxphmjnvpfytcofeuzageacbtbgkh\">\n<div data-brz-translate-text=\"1\">\n<p class=\"brz-tp-paragraph brz-css-qx0bC\"><span class=\"brz-cp-color2\">V\u00f5ta \u00fcks suurem kauss ja vala kaerakad kaussi. Panin kolmveerand kaussi helbeid. Siis v\u00f5id muidugi ka seemneid lisada! Ole tervislik, seedimisele ka hea &#8211; lisa seemnesegu! N\u00e4mma! Siis viska sisse kolm muna, mina panin kolmveerand pakki mandlilaaste, mis mul oli. Siis valasin veidi vahtrasiirupit magusaks, vanilli s\u00f6rtsuke. Sulatasin veidike mett mikrokas. \u00c4ra seda sinna kaua j\u00e4ta!<\/span><\/p>\n<\/div>\n<\/div>\n<\/div>\n<\/div>\n<\/div>\n<div class=\"brz-columns brz-css-ti9t35 brz-css-1wwnytb\" data-brz-custom-id=\"kdxirnreyfwgvwknreobtnsorcrfwckxkwxx\">\n<div class=\"brz-bg\"><\/div>\n<div class=\"brz-column__items brz-css-nnqf6x brz-css-z2vns1\">\n<div id=\"\" class=\"brz-css-10dyjqw brz-wrapper\">\n<div class=\"brz-rich-text brz-rich-text__custom brz-css-notufz\" data-brz-custom-id=\"hievoizghwslkfkvhtlulsdxuilqgeobfmzy\">\n<div data-brz-translate-text=\"1\">\n<p class=\"brz-tp-heading3 brz-css-nVAq9\"><strong class=\"brz-cp-color3\">02<\/strong><\/p>\n<\/div>\n<\/div>\n<\/div>\n<div id=\"\" class=\"brz-css-10dyjqw brz-css-1j4oasu brz-wrapper\">\n<div class=\"brz-rich-text brz-rich-text__custom brz-css-notufz\" data-brz-custom-id=\"cqghhbihbkgcaedoswpfpgommetjpnhmnnek\">\n<div data-brz-translate-text=\"1\">\n<h4 class=\"brz-fs-xs-im-17 brz-fs-sm-im-19 brz-fs-lg-19 brz-fw-xs-im-700 brz-fw-sm-im-700 brz-fw-lg-700 brz-ft-google brz-ff-overpass brz-ls-xs-im-0 brz-ls-sm-im-m_0_5 brz-ls-lg-m_0_5 brz-lh-xs-im-1_4 brz-lh-sm-im-1_4 brz-lh-lg-1_5 brz-css-t4lhy\"><span class=\"brz-cp-color2\">K\u00e4ki kokku.<\/span><\/h4>\n<\/div>\n<\/div>\n<\/div>\n<div id=\"\" class=\"brz-css-10dyjqw brz-wrapper\">\n<div class=\"brz-rich-text brz-rich-text__custom brz-css-notufz\" data-brz-custom-id=\"dgzdodvckywxilpvwbshvrtogpxksfthfvgx\">\n<div data-brz-translate-text=\"1\">\n<p class=\"brz-tp-paragraph brz-css-fUgHL\">Mina nimelt j\u00e4tsin. See suutis mullitada v\u00f5i ujuda \u00fcle klaasi \u00e4\u00e4re, nii et klaasi p\u00f5hjas oli 3 cm mett ja hunnik mett oli alusel. Sega see ka sisse. Koogelmoogelda see v\u00e4rk \u00e4ra, vaatasin, et on veidike kuiv ja panin h\u00e4sti s\u00f6rtsu vett ja segasin l\u00e4bi. Seej\u00e4rel hakkisin Bitteri k\u00f5ige tumedama \u0161okolaadi (kolmveerand oli j\u00e4rel ehk  meil sellest suurest tahvlist) suure noaga \u00e4ra parajaks ja uhasin<\/p>\n<\/div>\n<\/div>\n<\/div>\n<\/div>\n<\/div>\n<div class=\"brz-columns brz-css-ti9t35 brz-css-1xixnab\" data-brz-custom-id=\"bymlqxxyataczowrzhctwjtvzudsjuitcrqc\">\n<div class=\"brz-bg\"><\/div>\n<div class=\"brz-column__items brz-css-nnqf6x brz-css-1e9iqcd\">\n<div id=\"\" class=\"brz-css-10dyjqw brz-wrapper\">\n<div class=\"brz-rich-text brz-rich-text__custom brz-css-notufz\" data-brz-custom-id=\"yeikfxicykfbhftbsqvbskuttpwgjouremtw\">\n<div data-brz-translate-text=\"1\">\n<p class=\"brz-tp-heading3 brz-css-mkanF\"><strong class=\"brz-cp-color3\">03<\/strong><\/p>\n<\/div>\n<\/div>\n<\/div>\n<div id=\"\" class=\"brz-css-10dyjqw brz-css-k4dasr brz-wrapper\">\n<div class=\"brz-rich-text brz-rich-text__custom brz-css-notufz\" data-brz-custom-id=\"ihaklnksdahwbcwmgxljbkggtkrnbphcoykp\">\n<div data-brz-translate-text=\"1\">\n<h4 class=\"brz-lh-lg-1_5 brz-lh-sm-im-1_4 brz-lh-xs-im-1_4 brz-ls-lg-m_0_5 brz-ls-sm-im-m_0_5 brz-ls-xs-im-0 brz-ff-overpass brz-ft-google brz-fw-lg-700 brz-fw-sm-im-700 brz-fw-xs-im-700 brz-fs-lg-19 brz-fs-sm-im-19 brz-fs-xs-im-17 brz-css-vQRS1\"><span class=\"brz-cp-color2\"><span>\u0160okolaad.. <\/span><\/span><\/h4>\n<\/div>\n<\/div>\n<\/div>\n<div id=\"\" class=\"brz-css-10dyjqw brz-wrapper\">\n<div class=\"brz-rich-text brz-rich-text__custom brz-css-notufz\" data-brz-custom-id=\"piabucyxqwsomyrlkhxaqzhuggwfgpebujks\">\n<div data-brz-translate-text=\"1\">\n<p class=\"brz-tp-paragraph brz-css-xO0da\"><span class=\"brz-cp-color2\">segu sisse. Siis k\u00e4kkisin k\u00fcpsise moodi kujud neist ja panin k\u00fcpsetuspaberile ahjuplaadile&#8230; jaa ahju! Need olid seal max 15-20 min 175-180 kraadises ahjus ringleva \u00f5huga. Vaata, et nad oleksid kenad kuldsed, lase \u00e4\u00e4red veidi kr\u00f5bedamaks isegi. Minu omad on alati seest pehmemad ja v\u00e4ljast kr\u00f5mpsumad. Nii on need ka \u00fclej\u00e4rgmine p\u00e4ev m\u00f5nusad s\u00fc\u00fca ja ei murra hambaid! <\/span><\/p>\n<\/div>\n<\/div>\n<\/div>\n<\/div>\n<\/div>\n<\/div>\n<\/div>\n<\/div>\n<\/div>\n<\/section>\n<section id=\"_lsbtbvhubgoadoyrkzfzaqckkztwyrigdyuk\" class=\"brz-section brz-css-uq5aq7\">\n<div class=\"brz-section__content brz-section--boxed brz-css-nsj8yl brz-css-1pda6e3\" data-brz-custom-id=\"qsitktfahvkerukokptjopyvelxjaegbkicm\">\n<div class=\"brz-container brz-css-1bvyvzb\">\n<div class=\"brz-row__container brz-css-kvjmf1\" data-brz-custom-id=\"yqcbqpovuledypvzlryionttwvfxjfwluaqo\">\n<div class=\"brz-bg\"><\/div>\n<div class=\"brz-row brz-css-158srn3 brz-css-1andtxc\">\n<div class=\"brz-columns brz-css-ti9t35 brz-css-16cy1ka\" data-brz-custom-id=\"tmfglvojrhmhnzaspdtqfvhpjjrczpctjrse\">\n<div class=\"brz-bg\"><\/div>\n<div class=\"brz-column__items brz-css-nnqf6x brz-css-1p0m5ew\">\n<div id=\"\" class=\"brz-css-10dyjqw brz-wrapper\">\n<div class=\"brz-image brz-css-677158 brz-css-j1hj5m\" data-brz-custom-id=\"kcgjlqhagngrbuakqtgqbpofucqtsinpflcz\"><img decoding=\"async\" class=\"brz-img\" src=\"https:\/\/www.paulalill.com\/?brizy_media=wp-1d59338997ce69861d388f7c26a0c5c6&amp;brizy_crop=iW%3D272%26iH%3D363%26oX%3D0%26oY%3D0%26cW%3D270%26cH%3D363\" alt=\"\" loading=\"lazy\"><\/div>\n<\/div>\n<\/div>\n<\/div>\n<div class=\"brz-columns brz-css-ti9t35 brz-css-1a1nvuw\" data-brz-custom-id=\"lzgigiahkypbxegnumgeamxhutxxuemvavnh\">\n<div class=\"brz-bg\"><\/div>\n<div class=\"brz-column__items brz-css-nnqf6x brz-css-1logdv3\">\n<div id=\"\" class=\"brz-css-10dyjqw brz-wrapper\">\n<div class=\"brz-image brz-css-39lnqz brz-css-1cjebzc\" data-brz-custom-id=\"joepmxjyxebgnvvnvonluqgrssmpccnqeymp\"><img decoding=\"async\" class=\"brz-img\" src=\"https:\/\/www.paulalill.com\/?brizy_media=wp-af16839e18a8a2c870fe8ee0396611cf&amp;brizy_crop=iW%3D270%26iH%3D362%26oX%3D0%26oY%3D0%26cW%3D270%26cH%3D362\" alt=\"\" loading=\"lazy\"><\/div>\n<\/div>\n<\/div>\n<\/div>\n<div class=\"brz-columns brz-css-ti9t35 brz-css-1fxx104\" data-brz-custom-id=\"loocsqjbaospmrybrozzghqmnapmqxbcxlwq\">\n<div class=\"brz-column__items brz-css-nnqf6x brz-css-1p69sw6\">\n<div id=\"\" class=\"brz-css-10dyjqw brz-wrapper\">\n<div class=\"brz-image brz-css-pjc6yc brz-css-3f2cgi\" data-brz-custom-id=\"wxgaxbvmjxurnpmesuypwecltxxcymnghtak\"><img decoding=\"async\" class=\"brz-img\" src=\"https:\/\/www.paulalill.com\/?brizy_media=wp-f2cc33dbbf3e379167b49b5989cc0b60&amp;brizy_crop=iW%3D274%26iH%3D365%26oX%3D0%26oY%3D0%26cW%3D271%26cH%3D365\" alt=\"\" loading=\"lazy\"><\/div>\n<\/div>\n<\/div>\n<\/div>\n<\/div>\n<\/div>\n<\/div>\n<\/div>\n<\/section>\n<section id=\"_aqwrvjeywsqertveedtahersakyqlbnjcuxk\" class=\"brz-section brz-css-uq5aq7\">\n<div class=\"brz-section__content brz-section--boxed brz-css-nsj8yl brz-css-4nowdk\" data-brz-custom-id=\"juizgsibxveodvtjnjiiugmztomniplazlqd\">\n<div class=\"brz-container brz-css-1bvyvzb\">\n<div class=\"brz-row__container brz-css-kvjmf1\" data-brz-custom-id=\"kvkrnurjtyrcrwmlybrrdbzmlgfiwgaqihba\">\n<div class=\"brz-bg\"><\/div>\n<div class=\"brz-row brz-css-158srn3 brz-css-1andtxc\">\n<div class=\"brz-columns brz-css-ti9t35\" data-brz-custom-id=\"yjzyqruytzdwlispjseytnykrvsvtuoursuf\">\n<div class=\"brz-bg\"><\/div>\n<div class=\"brz-column__items brz-css-nnqf6x brz-css-mletgq\">\n<div class=\"brz-wrapper-clone brz-css-tj4tvg\">\n<div class=\"brz-d-xs-flex brz-flex-xs-wrap brz-css-1usycx brz-css-i9nuku\" data-brz-custom-id=\"\">\n<div class=\"brz-wrapper-clone__item\" id=\"kzipadfjrscksljrjclpiibkeosyhtqzqcom\">\n<div class=\"brz-icon__container\" data-brz-custom-id=\"kzipadfjrscksljrjclpiibkeosyhtqzqcom\"><span class=\"brz-icon brz-span brz-css-g6f4f4 brz-css-1qot5vu\"><\/span><\/div>\n<\/div>\n<\/div>\n<\/div>\n<div id=\"\" class=\"brz-css-10dyjqw brz-wrapper\">\n<div class=\"brz-rich-text brz-rich-text__custom brz-css-notufz\" data-brz-custom-id=\"ocpcfnmeyqzytmumacapmkyyheokeodmfgne\">\n<div data-brz-translate-text=\"1\">\n<h4 class=\"brz-tp-heading4 brz-css-bLROk\"><span class=\"brz-cp-color2\">M\u00e4rka ilusat! <\/span><\/h4>\n<\/div>\n<\/div>\n<\/div>\n<div id=\"\" class=\"brz-css-10dyjqw brz-css-9o5lw0 brz-wrapper\">\n<div class=\"brz-rich-text brz-rich-text__custom brz-css-notufz\" data-brz-custom-id=\"phtyhjduvktrprexpczhbfnozczpoynhunkn\">\n<div data-brz-translate-text=\"1\">\n<p class=\"brz-tp-paragraph brz-css-jJdd0\">\n<p class=\"brz-tp-paragraph brz-css-bPzjL\">Minu eelmise aasta m\u00e4rkamine!<\/p>\n<p class=\"brz-tp-paragraph brz-css-gxnac\">\u00c4ra otsi kaugustest seda \u00f5nne ja neid ilusaid hetki. Tegelikult on palju ilusat siin ja praegu meie nina all&#8230;<\/p>\n<p class=\"brz-tp-paragraph brz-css-nhsD3\"><span class=\"brz-cp-color7\"> <\/span><\/p>\n<p class=\"brz-tp-paragraph brz-css-a0mKO\"><span class=\"brz-cp-color7\"> <\/span><\/p>\n<p class=\"brz-tp-paragraph brz-css-cOasB\"><span class=\"brz-cp-color7\"> <\/span><\/p>\n<p class=\"brz-bcp-color7 brz-tp-paragraph brz-css-iYeX8\"><span class=\"brz-cp-color2\"> Kui teed minu retsepti j\u00e4rgi &#8211; Tag\u00ed ka mind Instagramis, et n\u00e4eksin ja v\u00f5id anda omapoolseid soovitusi, nippe! <\/span><\/p>\n<p class=\"brz-text-lg-right brz-bcp-color7 brz-tp-paragraph brz-css-uulI0\"><span class=\"brz-cp-color2\"> <\/span><\/p>\n<p class=\"brz-text-lg-right brz-bcp-color7 brz-tp-paragraph brz-css-b6EDF\"><span class=\"brz-cp-color2\"> <\/span><\/p>\n<p class=\"brz-text-lg-right brz-bcp-color7 brz-tp-paragraph brz-css-uFoKt\"><span class=\"brz-cp-color2\">FOTO: Paula Lill<\/span><\/p>\n<p class=\"brz-tp-paragraph brz-text-lg-right brz-bcp-color7 brz-css-f5axs\"><span class=\"brz-cp-color2\"> <\/span><\/p>\n<p class=\"brz-tp-paragraph brz-css-m3Ei5\"><span class=\"brz-cp-color2\">Vaata rohkem m\u00e4rkamisi minu Instagrami lehelt! <\/span><\/p>\n<\/div>\n<\/div>\n<\/div>\n<div class=\"brz-wrapper-clone brz-css-tj4tvg\">\n<div class=\"brz-d-xs-flex brz-flex-xs-wrap brz-css-1usycx brz-css-1pgvqb5\" data-brz-custom-id=\"\">\n<div class=\"brz-wrapper-clone__item\" id=\"fwwhrhfpqdfineyybunitrfedtjvveevwlie\"><a class=\"brz-a brz-btn brz-css-1yi4gsj brz-css-1dvl9g6 brz-css-1y1iemg brz-css-m1e89n\" href=\"https:\/\/www.instagram.com\/paulalill\/\" target=\"_self\" rel=\"noopener\" data-brz-link-type=\"external\" data-brz-custom-id=\"fwwhrhfpqdfineyybunitrfedtjvveevwlie\"><span data-brz-translate-text=\"1\" class=\"brz-span brz-text__editor\">INSTAGRAM<\/span><\/a><\/div>\n<\/div>\n<\/div>\n<\/div>\n<\/div>\n<div class=\"brz-columns brz-css-ti9t35\" data-brz-custom-id=\"fzgxtvciwgcixpyiysnpriwcfktdldyyyvul\">\n<div class=\"brz-column__items brz-css-nnqf6x brz-css-6rwy0r\">\n<div id=\"\" class=\"brz-css-10dyjqw brz-wrapper\">\n<div class=\"brz-image brz-css-1iaalj\" data-brz-custom-id=\"znymgtnwzvbfoecbyfrwgdlrlazdvqpbayur\"><img decoding=\"async\" class=\"brz-img\" src=\"https:\/\/www.paulalill.com\/?brizy_media=wp-20899945d3030d5f47fdd9feed3053be&amp;brizy_crop=iW%3D479%26iH%3D639%26oX%3D5%26oY%3D0%26cW%3D470%26cH%3D639\" alt=\"\" loading=\"lazy\"><\/div>\n<\/div>\n<\/div>\n<\/div>\n<\/div>\n<\/div>\n<\/div>\n<\/div>\n<\/section>\n<\/div>\n<p>    <!-- version:1737063024 --><\/p>","protected":false},"excerpt":{"rendered":"<p>KAERAK\u00dcPSISED LIHTNE JA KIIRE &#8211; 10 MIN NING AHJU Vaja l\u00e4heb&#8230; P\u00f5hiline komponent on kaerahelbed ( Mina kasutasin enamuses Provena gluteenivabu kaerakaid, aga kuna neid polnud p\u00e4ris nii palju siis panin tavalisi viievilja omi juurde). Vahtrasiirupit Mandlilaaste Tumedat \u0161okolaadi 3 muna Vanilli Mett Kui Sul pole neid asju, pole hullu!! Peaasi, et kaerahelbeid ja muna [&hellip;]<\/p>","protected":false},"author":1,"featured_media":0,"parent":0,"menu_order":0,"comment_status":"closed","ping_status":"closed","template":"brizy-blank-template.php","meta":{"_monsterinsights_skip_tracking":false,"_monsterinsights_sitenote_active":false,"_monsterinsights_sitenote_note":"","_monsterinsights_sitenote_category":0,"footnotes":""},"brizy_media":[{"id":4779,"url":"https:\/\/paulalill.com\/wp-content\/uploads\/2020\/04\/IMG_3535_Facetune_07-04-2020-10-12-31-scaled.jpg","name":"IMG_3535_Facetune_07-04-2020-10-12-31.jpg","meta":{"brizy_attachment_uid":"wp-6e8ce566d4088dff1c3e816a9a468f42","brizy_post_uid":["e67aca778fa2bdc8d4d0885aa1c54206","79a45fe0ee9b4cdf8c786deebac8e89b"]}},{"id":4889,"url":"https:\/\/paulalill.com\/wp-content\/uploads\/2020\/04\/IMG_3525_Facetune_07-04-2020-10-13-45-scaled.jpg","name":"IMG_3525_Facetune_07-04-2020-10-13-45.jpg","meta":{"brizy_attachment_uid":"wp-1d59338997ce69861d388f7c26a0c5c6","brizy_post_uid":["79a45fe0ee9b4cdf8c786deebac8e89b"]}},{"id":4893,"url":"https:\/\/paulalill.com\/wp-content\/uploads\/2020\/04\/IMG_3530_Facetune_07-04-2020-10-13-00-scaled.jpg","name":"IMG_3530_Facetune_07-04-2020-10-13-00.jpg","meta":{"brizy_attachment_uid":"wp-af16839e18a8a2c870fe8ee0396611cf","brizy_post_uid":["79a45fe0ee9b4cdf8c786deebac8e89b"]}},{"id":4896,"url":"https:\/\/paulalill.com\/wp-content\/uploads\/2020\/04\/IMG_3532_Facetune_07-04-2020-10-14-10-scaled.jpg","name":"IMG_3532_Facetune_07-04-2020-10-14-10.jpg","meta":{"brizy_attachment_uid":"wp-f2cc33dbbf3e379167b49b5989cc0b60","brizy_post_uid":["79a45fe0ee9b4cdf8c786deebac8e89b"]}},{"id":4910,"url":"https:\/\/paulalill.com\/wp-content\/uploads\/2020\/04\/temp_92CA0063-44E4-4648-B0A9-6C26ADE17BE0-4121-0000045661A443E0-scaled.jpg","name":"temp_92CA0063-44E4-4648-B0A9-6C26ADE17BE0-4121-0000045661A443E0.jpg","meta":{"brizy_attachment_uid":"wp-20899945d3030d5f47fdd9feed3053be","brizy_post_uid":["79a45fe0ee9b4cdf8c786deebac8e89b"]}}],"_links":{"self":[{"href":"https:\/\/paulalill.com\/en\/wp-json\/wp\/v2\/pages\/4800"}],"collection":[{"href":"https:\/\/paulalill.com\/en\/wp-json\/wp\/v2\/pages"}],"about":[{"href":"https:\/\/paulalill.com\/en\/wp-json\/wp\/v2\/types\/page"}],"author":[{"embeddable":true,"href":"https:\/\/paulalill.com\/en\/wp-json\/wp\/v2\/users\/1"}],"replies":[{"embeddable":true,"href":"https:\/\/paulalill.com\/en\/wp-json\/wp\/v2\/comments?post=4800"}],"version-history":[{"count":5,"href":"https:\/\/paulalill.com\/en\/wp-json\/wp\/v2\/pages\/4800\/revisions"}],"predecessor-version":[{"id":6354,"href":"https:\/\/paulalill.com\/en\/wp-json\/wp\/v2\/pages\/4800\/revisions\/6354"}],"wp:attachment":[{"href":"https:\/\/paulalill.com\/en\/wp-json\/wp\/v2\/media?parent=4800"}],"curies":[{"name":"wp","href":"https:\/\/api.w.org\/{rel}","templated":true}]}}