{"id":2,"date":"2019-11-22T19:42:21","date_gmt":"2019-11-22T19:42:21","guid":{"rendered":"http:\/\/paulalill.com\/?page_id=2"},"modified":"2026-04-06T21:28:40","modified_gmt":"2026-04-06T21:28:40","slug":"tolm","status":"publish","type":"page","link":"https:\/\/paulalill.com\/en\/tolm\/","title":{"rendered":"Tolm"},"content":{"rendered":"<div class=\"brz-root__container brz-reset-all brz brz-root__container-page\">\n<section id=\"_ssmlqyhtygkolcftssrbwrgppzvagjpponbl\" class=\"brz-section brz-css-12czvmt\">\n<div class=\"brz-section__content brz-section--boxed brz-css-ym75dn brz-css-168al4g\" data-brz-custom-id=\"pltefmmmfeiauucbcmxzikjhkytcealmsibf\">\n<div class=\"brz-container brz-css-a69osd\">\n<div class=\"brz-row__container brz-css-1ofxu0u brz-css-1vbzc9k\" data-brz-custom-id=\"ivgieymaawmdqwhawfmoofvbekbkknwlvggm\">\n<div class=\"brz-bg\"><\/div>\n<div class=\"brz-row brz-css-o3o7cb brz-css-1gu22mr\">\n<div class=\"brz-columns brz-css-vy5tg3 brz-css-1hrp8ei\" data-brz-custom-id=\"yfyncrbdtitgmlragklkyowtxlbwgmpjhejl\">\n<div class=\"brz-bg\"><\/div>\n<div class=\"brz-column__items brz-css-scxocl brz-css-3iri8l\">\n<div id=\"\" class=\"brz-css-1e7s9nq brz-wrapper\">\n<div class=\"brz-rich-text brz-rich-text__custom brz-css-1cdjq53\" data-brz-custom-id=\"nlakizlaopgfbvqzwispjbcyftowggnilblv\">\n<div data-brz-translate-text=\"1\">\n<p class=\"brz-tp-abovetitle brz-text-lg-left brz-css-ryZzi\"><span class=\"brz-cp-color7\">Karvased s\u00f5brad?! Ei! Riided! <\/span><\/p>\n<\/div>\n<\/div>\n<\/div>\n<div id=\"\" class=\"brz-css-1e7s9nq brz-css-16qig20 brz-wrapper\">\n<div class=\"brz-rich-text brz-rich-text__custom brz-css-1cdjq53\" data-brz-custom-id=\"qypihrpelsqukfnsdnnhanrunjezlsbenlyf\">\n<div data-brz-translate-text=\"1\">\n<h2 class=\"brz-text-lg-left brz-tp-heading2 brz-css-ygFkq\"><span class=\"brz-cp-color2\">Ei hakka ma sokke kuduma, pole hakanud ka vilti kodus tootma&#8230;<\/span><\/h2>\n<\/div>\n<\/div>\n<\/div>\n<div id=\"\" class=\"brz-css-1e7s9nq brz-wrapper\">\n<div class=\"brz-rich-text brz-rich-text__custom brz-css-1cdjq53\" data-brz-custom-id=\"rjlwdecrxhiythwbslmguhsgslghnpvpifaq\">\n<div data-brz-translate-text=\"1\">\n<p class=\"brz-tp-subtitle brz-text-lg-left brz-css-iMNrC\"><span class=\"brz-cp-color7\">Me ostsime endale L\u00d5PUKS pesukuivati. Ma ei saa aru, miks meil seda varem pole olnud?! Meil ei ole \u00fchtegi kodulooma, ma olen \u00fcsnagi &#8221;koristaja&#8221; ning me lihtsalt aevastame, p\u00f5randad on pidevalt tolmurulle t\u00e4is, minu nahk \u00e4rritub iga lendleva tolmuk\u00fcbeme peale (n\u00e4onahk hakkab punetama, kui f\u00f6\u00f6niga tolmu \u00fcles t\u00f5mban). Igastahes, isegi tasuta reis Bahamale ei teeks mind vist isegi r\u00f5\u00f5msamaks. <\/span><span class=\"brz-cp-color7 brz-pre-population-visible\">#agegoals Lmao!<\/span><\/p>\n<\/div>\n<\/div>\n<\/div>\n<\/div>\n<\/div>\n<div class=\"brz-columns brz-css-vy5tg3 brz-css-olzkou\" data-brz-custom-id=\"xasafohsugfxcvthxwonufmawkroxhighvvr\">\n<div class=\"brz-bg\"><\/div>\n<div class=\"brz-column__items brz-css-scxocl brz-css-p3ys1y\">\n<div id=\"\" class=\"brz-css-1e7s9nq brz-css-1580b9y brz-wrapper\">\n<div class=\"brz-image brz-css-drjrby brz-css-2r5iy7\" data-brz-custom-id=\"nvftmlnntpndyvolutacfttuirzttyfvwwfr\"><img decoding=\"async\" class=\"brz-img\" src=\"https:\/\/www.paulalill.com\/wp-content\/uploads\/brizy\/imgs\/IMG_3883-scaled-555x740x0x122x555x451x1686348122.jpeg\" alt=\"\" loading=\"lazy\"><\/div>\n<\/div>\n<\/div>\n<\/div>\n<\/div>\n<\/div>\n<\/div>\n<\/div>\n<\/section>\n<section id=\"_unxhcdhnjtljszyvohptlpmuojzffmyiqewo\" class=\"brz-section brz-css-12czvmt\">\n<div class=\"brz-section__content brz-section--boxed brz-css-ym75dn brz-css-11cf7si\" data-brz-custom-id=\"akcclvsdewligjfnblsrloxkbfijajtnnzmz\">\n<div class=\"brz-container brz-css-a69osd\">\n<div class=\"brz-row__container brz-css-1ofxu0u\" data-brz-custom-id=\"gapdwdhjvxmtawkuxvrjfoqowlxcbanhqzyz\">\n<div class=\"brz-bg\"><\/div>\n<div class=\"brz-row brz-css-o3o7cb brz-css-1gu22mr\">\n<div class=\"brz-columns brz-css-vy5tg3 brz-css-1dhc56u\" data-brz-custom-id=\"rmglxgegcgcgkenzpayjeviiuabpdchtiixp\">\n<div class=\"brz-bg\"><\/div>\n<div class=\"brz-column__items brz-css-scxocl\">\n<div id=\"\" class=\"brz-css-1e7s9nq brz-wrapper\">\n<div class=\"brz-image brz-css-y00e79\" data-brz-custom-id=\"hzzyeafgblsnmjzqvznjgaqpggtwskpqejxb\"><img decoding=\"async\" class=\"brz-img\" src=\"https:\/\/www.paulalill.com\/wp-content\/uploads\/brizy\/imgs\/IMG_3798-scaled-457x609x0x33x457x457x1686348122.jpeg\" alt=\"\" loading=\"lazy\"><\/div>\n<\/div>\n<\/div>\n<\/div>\n<div class=\"brz-columns brz-css-vy5tg3 brz-css-1ph1sgh\" data-brz-custom-id=\"ztcprqyppaxcbfeskulepscrqaywcyhzcrbo\">\n<div class=\"brz-bg\"><\/div>\n<div class=\"brz-column__items brz-css-scxocl\">\n<div id=\"\" class=\"brz-css-1e7s9nq brz-wrapper\">\n<div class=\"brz-rich-text brz-rich-text__custom brz-css-1cdjq53\" data-brz-custom-id=\"mzmcjjgivauehilujdiisccqgvganlaltsbb\">\n<div data-brz-translate-text=\"1\">\n<p class=\"brz-tp-paragraph brz-css-qphRS\"><span class=\"brz-cp-color7\">Kui ma n\u00fc\u00fcd aus olen, siis peale teist kuivati tiiru, v\u00f5tsin vaevaks ja avasin selle blogi, et inimesi enda kogemusest &#8221;kuivati usku&#8221; p\u00f6\u00f6rata. On ebareaalne, et m\u00fc\u00fcakse igasugu \u00f5hupuhastajaid jne, aga keegi ei r\u00e4\u00e4gi mitte kui midagi, et kui palju pesukuivati \u00e4ra &#8221;toimetab&#8221;. Siin vasakpoolsel pildil oli pesus ehk kolm paari dressip\u00fckse ja \u00fcks pusa. On uskumatu, kui palju seda jama sinna filtrisse kinni j\u00e4i, mis muidu kodus ringi lendleks. <\/span><\/p>\n<p class=\"brz-tp-paragraph brz-css-feTgE\"><span class=\"brz-cp-color7\"> \u00dclemisel pildil oli juba rohkem pesu, mille t\u00f5ttu olid saadused filtrist juba suuremad. <\/span><\/p>\n<p class=\"brz-tp-paragraph brz-css-v0ctQ\"><span class=\"brz-cp-color7\">Ma ei teagi, miks ma varem pole kuivati kasutamisele tulnud. Varasemalt on see nagu laiskus tundunud ja kindlasti ka see arusaam, et enamus pesu ei tohi kuivatis kuivatada. <\/span><\/p>\n<p class=\"brz-tp-paragraph brz-css-z5xJJ\"><span class=\"brz-cp-color7\">T\u00e4naseks on minu arvamus muutunud. <\/span><\/p>\n<p class=\"brz-tp-paragraph brz-css-kOzAl\"><span class=\"brz-cp-color7\">Pealegi, soetasime sama firma kuivati, nagu on pesumasin. On silmale kena ja nad \u00fchilduvad kenasti \u00fcksteise peale \u00e4ra. Nii loogiline ja lihtne lahendus, aga enne tuleb allergiad ajada t\u00e4iesti hulluks, kuni m\u00f5istus hakkab muid lahendusi otsima. Ma lihtsalt ei arvanud kunagi, et riietest nii palju tolmu tekib. Alles hiljuti k\u00e4idi mulle \u00f5hupuhastajat pakkumas. See poleks ka ju midagi paremaks teinud, kui &#8221;tolmuallikas&#8221; siiani eksisteeris.  <\/span><\/p>\n<p class=\"brz-tp-paragraph brz-css-eFhtt\"><span class=\"brz-cp-color7\">Selline tunne on, nagu oleks \u00e4sja abiellunud.  Ootan juba, et saaks tiiru peale teha tervele kapile, siis on kodus seda tolukest ka v\u00e4hem. Parim kulutus \u00fcldse! <\/span><\/p>\n<\/div>\n<\/div>\n<\/div>\n<\/div>\n<\/div>\n<\/div>\n<\/div>\n<div id=\"\" class=\"brz-css-1e7s9nq brz-wrapper\">\n<div class=\"brz-rich-text brz-rich-text__custom brz-css-1cdjq53\" data-brz-custom-id=\"gjqvaejednzhsqittihgmzpamnznjfaljqof\">\n<div data-brz-translate-text=\"1\">\n<p class=\"brz-tp-paragraph brz-css-fflAN\"><span class=\"brz-cp-color7\">Kui enamik inimesi r\u00e4\u00e4givad koduloomadest, et ajavad kodu karva t\u00e4is, siis tegelikult teie enda seljas olevad riided ajavad selle kodu nii tolmuseks. <\/span><\/p>\n<p class=\"brz-tp-paragraph brz-css-zPPyI\"><span class=\"brz-cp-color7\">Just siin paar p\u00e4ev tagasi ma unustasin filtrit puhastada, mida peaks tegema peale igat kuivatuskorda, siiis.. Sealt tuli v\u00e4lja suurem kassipoeg. Ilma kuivatita oleks mu kodus vist 40 kassi igap\u00e4evaselt. Minul on Samsungi kuivati ja ma olen v\u00e4ga rahul. Sellel on igasugu programme ning v\u00e4ga mugav programm on air-wash. Ps. Kui v\u00f5tad riided kuumana v\u00e4lja ja voldid kohe ideaalselt \u00e4ra, siis isegi riideid ei pea enam triikima. On erandeid, aga ma olen meeletult rahul. Ja v\u00e4lja veninud riided t\u00f5mbavad ka l\u00f5puks parajaks (naeran). <\/span><\/p>\n<\/div>\n<\/div>\n<\/div>\n<\/div>\n<\/div>\n<\/section>\n<\/div>\n<p>    <!-- version:1737121359 --><\/p>","protected":false},"excerpt":{"rendered":"<p>Karvased s\u00f5brad?! Ei! Riided! Ei hakka ma sokke kuduma, pole hakanud ka vilti kodus tootma&#8230; Me ostsime endale L\u00d5PUKS pesukuivati. Ma ei saa aru, miks meil seda varem pole olnud?! Meil ei ole \u00fchtegi kodulooma, ma olen \u00fcsnagi &#8221;koristaja&#8221; ning me lihtsalt aevastame, p\u00f5randad on pidevalt tolmurulle t\u00e4is, minu nahk \u00e4rritub iga lendleva tolmuk\u00fcbeme peale [&hellip;]<\/p>","protected":false},"author":1,"featured_media":0,"parent":0,"menu_order":0,"comment_status":"closed","ping_status":"open","template":"brizy-blank-template.php","meta":{"_monsterinsights_skip_tracking":false,"_monsterinsights_sitenote_active":false,"_monsterinsights_sitenote_note":"","_monsterinsights_sitenote_category":0,"footnotes":""},"brizy_media":[{"id":204,"url":"https:\/\/paulalill.com\/wp-content\/uploads\/2019\/12\/IMG_3883-scaled.jpeg","name":"IMG_3883.jpeg","meta":{"brizy_attachment_uid":"wp-8052470054e9cdb2f8c457402eec9956","brizy_post_uid":["86084ae060a1ed38111861ebd2a92ba4"]}},{"id":239,"url":"https:\/\/paulalill.com\/wp-content\/uploads\/2019\/12\/IMG_3798-scaled.jpeg","name":"IMG_3798.jpeg","meta":{"brizy_attachment_uid":"wp-80b28f74c15c9ebae73d419f5d9659c4","brizy_post_uid":["86084ae060a1ed38111861ebd2a92ba4"]}}],"_links":{"self":[{"href":"https:\/\/paulalill.com\/en\/wp-json\/wp\/v2\/pages\/2"}],"collection":[{"href":"https:\/\/paulalill.com\/en\/wp-json\/wp\/v2\/pages"}],"about":[{"href":"https:\/\/paulalill.com\/en\/wp-json\/wp\/v2\/types\/page"}],"author":[{"embeddable":true,"href":"https:\/\/paulalill.com\/en\/wp-json\/wp\/v2\/users\/1"}],"replies":[{"embeddable":true,"href":"https:\/\/paulalill.com\/en\/wp-json\/wp\/v2\/comments?post=2"}],"version-history":[{"count":5,"href":"https:\/\/paulalill.com\/en\/wp-json\/wp\/v2\/pages\/2\/revisions"}],"predecessor-version":[{"id":7691,"href":"https:\/\/paulalill.com\/en\/wp-json\/wp\/v2\/pages\/2\/revisions\/7691"}],"wp:attachment":[{"href":"https:\/\/paulalill.com\/en\/wp-json\/wp\/v2\/media?parent=2"}],"curies":[{"name":"wp","href":"https:\/\/api.w.org\/{rel}","templated":true}]}}