{"id":12116,"date":"2023-09-22T16:22:54","date_gmt":"2023-09-22T16:22:54","guid":{"rendered":"https:\/\/www.paulalill.com\/?page_id=12116"},"modified":"2026-04-06T23:00:30","modified_gmt":"2026-04-06T23:00:30","slug":"reisiblogi","status":"publish","type":"page","link":"https:\/\/paulalill.com\/en\/reisiblogi\/","title":{"rendered":"reisiblogi"},"content":{"rendered":"<div class=\"brz-root__container brz-reset-all brz brz-root__container-page\">\n<section id=\"_wwqtrarxhlcfzimqhoxbdhrybmflywzmpphi\" class=\"brz-section brz-css-10zdp9g\">\n<div class=\"brz-section__content brz-section--boxed brz-css-se87nv brz-css-1j7oqaj\" data-brz-custom-id=\"qslxdufavactdngjzmsuofpxngwciosjxltc\">\n<div class=\"brz-container brz-css-hgd3f9\">\n<div class=\"brz-wrapper-clone brz-css-18ppi44\">\n<div class=\"brz-d-xs-flex brz-flex-xs-wrap brz-css-1gky8za\" data-brz-custom-id=\"\">\n<div class=\"brz-wrapper-clone__item\" id=\"phribodjljtxtdyvcevykvrkwmcbtejawrtx\">\n<div class=\"brz-icon__container\" data-brz-custom-id=\"phribodjljtxtdyvcevykvrkwmcbtejawrtx\"><span class=\"brz-icon brz-span brz-css-1e60b30 brz-css-mrqwcz\"><\/span><\/div>\n<\/div>\n<\/div>\n<\/div>\n<div id=\"\" class=\"brz-css-779mne brz-wrapper\">\n<div class=\"brz-rich-text brz-rich-text__custom brz-css-kk0a9l\" data-brz-custom-id=\"gdlueuulqvgekmfdnbfeyejljusezmbvfjws\">\n<div data-brz-translate-text=\"1\">\n<h1 class=\"brz-tp-lg-heading1 brz-text-lg-center brz-css-nxQMX\" data-uniq-id=\"hseym\" data-generated-css=\"brz-css-trqhg\"><span class=\"brz-cp-color2\">REISIBLOGI<\/span><\/h1>\n<\/div>\n<\/div>\n<\/div>\n<div id=\"\" class=\"brz-css-779mne brz-css-7c8624 brz-wrapper\">\n<div class=\"brz-rich-text brz-rich-text__custom brz-css-kk0a9l\" data-brz-custom-id=\"hhlwtpekdbenescbxmzgbacqswmkunokxgil\">\n<div data-brz-translate-text=\"1\">\n<p class=\"brz-text-lg-center brz-tp-lg-subtitle brz-css-wejCZ\" data-uniq-id=\"yihbn\" data-generated-css=\"brz-css-kipdh\"><span class=\"brz-cp-color7\">PIILU KINDLASTI KA INSTAGRAMI HIGHLIGHTSIDESSE<\/span><\/p>\n<\/div>\n<\/div>\n<\/div>\n<\/div>\n<\/div>\n<\/section>\n<section id=\"_pnatborjscqjvdobvyakwaqyeelrfmptdsnf\" class=\"brz-section brz-css-10zdp9g\">\n<div class=\"brz-section__content brz-section--boxed brz-css-se87nv brz-css-1v3gomf\" data-brz-custom-id=\"rvsvlmksfunsfnkxhyssljjbqsjoelhpveow\">\n<div class=\"brz-container brz-css-hgd3f9 brz-css-e3dsb1\">\n<div class=\"brz-row__container brz-css-1b66wv0\" data-brz-custom-id=\"fadgrgpsrtxnufaqytdmwmoitauedeiswrbp\">\n<div class=\"brz-bg\"><\/div>\n<div class=\"brz-row brz-css-1j3ulk3 brz-css-7psna3\">\n<div class=\"brz-columns brz-css-xihiny brz-css-13rx0c7\" data-brz-custom-id=\"navqhgwtftykbctznpprbvmxoxmfliazspvv\">\n<div class=\"brz-bg\"><\/div>\n<div class=\"brz-column__items brz-css-1cbdwmw brz-css-1vq3m6n\">\n<div id=\"\" class=\"brz-css-779mne brz-wrapper\">\n<div class=\"brz-rich-text brz-rich-text__custom brz-css-kk0a9l\" data-brz-custom-id=\"zevnzjiurhjxrluiqnipkqwqewmfhwdsudqe\">\n<div data-brz-translate-text=\"1\">\n<p class=\"brz-lh-lg-1_5 brz-ls-lg-1_1 brz-tp-lg-empty brz-ff-red_hat_text brz-ft-google brz-fs-lg-16 brz-fss-lg-px brz-fw-lg-400 brz-css-x6LsM\" data-uniq-id=\"ajdjk\" data-generated-css=\"brz-css-ssttg\"><a class=\"link--external brz-cp-color7\" href=\"https:\/\/www.instagram.com\/stories\/highlights\/18358830805014009\/\" data-brz-link-type=\"external\" target=\"_blank\" rel=\"noopener\">Instagram<\/a><\/p>\n<\/div>\n<\/div>\n<\/div>\n<\/div>\n<\/div>\n<div class=\"brz-columns brz-css-xihiny brz-css-441ps1\" data-brz-custom-id=\"irxmgtwcunkqjfvapwqyfoysmlczuvpmotzn\">\n<div class=\"brz-bg\"><\/div>\n<div class=\"brz-column__items brz-css-1cbdwmw brz-css-1i01onp\">\n<div id=\"\" class=\"brz-css-779mne brz-wrapper\">\n<div class=\"brz-rich-text brz-rich-text__custom brz-css-kk0a9l\" data-brz-custom-id=\"seorianqnwafxmqigwxnjruyyfqgpapoluhc\">\n<div data-brz-translate-text=\"1\">\n<p class=\"brz-tp-lg-empty brz-ff-red_hat_text brz-ft-google brz-fs-lg-16 brz-fss-lg-px brz-fw-lg-400 brz-ls-lg-1_1 brz-lh-lg-1_5 brz-css-u3u2g\" data-uniq-id=\"uunfa\" data-generated-css=\"brz-css-hyrhf\"><a class=\"link--external brz-cp-color7\" href=\"https:\/\/www.tiktok.com\/@paulalill\/video\/7247530324245220634?is_from_webapp=1&amp;sender_device=pc&amp;web_id=7251265370598180378\" data-brz-link-type=\"external\" target=\"_blank\" rel=\"noopener\">TikTok <\/a><\/p>\n<\/div>\n<\/div>\n<\/div>\n<\/div>\n<\/div>\n<div class=\"brz-columns brz-css-xihiny brz-css-1n2y19l\" data-brz-custom-id=\"qVC3jBFBfauo\">\n<div class=\"brz-bg\"><\/div>\n<div class=\"brz-column__items brz-css-1cbdwmw brz-css-1eohccp\">\n<div id=\"\" class=\"brz-css-779mne brz-wrapper\">\n<div class=\"brz-rich-text brz-rich-text__custom brz-css-kk0a9l\" data-brz-custom-id=\"wjvaNcGSsYKJ\">\n<div data-brz-translate-text=\"1\">\n<p class=\"brz-tp-lg-empty brz-ff-red_hat_text brz-ft-google brz-fs-lg-16 brz-fss-lg-px brz-fw-lg-400 brz-ls-lg-1_1 brz-lh-lg-1_5 brz-css-u4HnL\" data-uniq-id=\"xPhMv\" data-generated-css=\"brz-css-e_3A4\"><a class=\"brz-cp-color7 link--external\" href=\"https:\/\/www.youtube.com\/@paulalill701\" data-brz-link-type=\"external\" target=\"_blank\" rel=\"noopener\">YOUTUBE <\/a><\/p>\n<\/div>\n<\/div>\n<\/div>\n<\/div>\n<\/div>\n<div class=\"brz-columns brz-css-xihiny brz-css-1xx8miw\" data-brz-custom-id=\"nwsyfkpjzfypcgdghgkmreyzsbxsndpeywca\">\n<div class=\"brz-bg\"><\/div>\n<div class=\"brz-column__items brz-css-1cbdwmw\">\n<div id=\"\" class=\"brz-css-779mne brz-wrapper\">\n<div class=\"brz-rich-text brz-rich-text__custom brz-css-kk0a9l\" data-brz-custom-id=\"wuykiuhheeoevzgvsobgzzsmxorlnjcdspno\">\n<div data-brz-translate-text=\"1\">\n<h6 class=\"brz-text-lg-right brz-text-xs-left brz-tp-lg-empty brz-ff-lato brz-ft-google brz-fs-lg-16 brz-fss-lg-px brz-fw-lg-700 brz-ls-lg-0 brz-lh-lg-1_5 brz-css-mDMAj\" data-uniq-id=\"oezqy\" data-generated-css=\"brz-css-nvjaw\"><span class=\"brz-cp-color2\"><span class=\"ql-cursor\"><\/span><\/span><\/h6>\n<\/div>\n<\/div>\n<\/div>\n<\/div>\n<\/div>\n<div class=\"brz-columns brz-css-xihiny brz-css-1kev630\" data-brz-custom-id=\"k1Dc62A_eAgs\">\n<div class=\"brz-bg\"><\/div>\n<div class=\"brz-column__items brz-css-1cbdwmw\">\n<div id=\"\" class=\"brz-css-779mne brz-wrapper\">\n<div class=\"brz-rich-text brz-rich-text__custom brz-css-kk0a9l\" data-brz-custom-id=\"bZEYy9dDnz1G\">\n<div data-brz-translate-text=\"1\">\n<h6 class=\"brz-text-lg-right brz-text-xs-left brz-tp-lg-empty brz-ff-lato brz-ft-google brz-fs-lg-16 brz-fss-lg-px brz-fw-lg-700 brz-ls-lg-0 brz-lh-lg-1_5 brz-css-tPgjK\" data-uniq-id=\"oezqy\" data-generated-css=\"brz-css-nvjaw\"><span class=\"brz-cp-color2\"><span class=\"ql-cursor\"><\/span><\/span><\/h6>\n<\/div>\n<\/div>\n<\/div>\n<\/div>\n<\/div>\n<div class=\"brz-columns brz-css-xihiny brz-css-1i4oocv\" data-brz-custom-id=\"jhj4HoWja_v0\">\n<div class=\"brz-bg\"><\/div>\n<div class=\"brz-column__items brz-css-1cbdwmw\">\n<div id=\"\" class=\"brz-css-779mne brz-wrapper\">\n<div class=\"brz-rich-text brz-rich-text__custom brz-css-kk0a9l\" data-brz-custom-id=\"y4AMSDZj8Ral\">\n<div data-brz-translate-text=\"1\">\n<h6 class=\"brz-text-lg-right brz-text-xs-left brz-tp-lg-empty brz-ff-lato brz-ft-google brz-fs-lg-16 brz-fss-lg-px brz-fw-lg-700 brz-ls-lg-0 brz-lh-lg-1_5 brz-css-tSa9N\" data-uniq-id=\"oezqy\" data-generated-css=\"brz-css-nvjaw\"><span class=\"brz-cp-color2\"><span class=\"ql-cursor\"><\/span><\/span><\/h6>\n<\/div>\n<\/div>\n<\/div>\n<\/div>\n<\/div>\n<\/div>\n<\/div>\n<div class=\"brz-row__container brz-css-1b66wv0\" data-brz-custom-id=\"yuuldnnxblacnfuwwqmwsrftaodbnbpmaaek\">\n<div class=\"brz-bg\"><\/div>\n<div class=\"brz-row brz-css-1j3ulk3 brz-css-7psna3\">\n<div class=\"brz-columns brz-css-xihiny brz-css-hb78q\" data-brz-custom-id=\"niepuoromhzddpzamnhsdrffaawimjscwugq\">\n<div class=\"brz-bg\"><\/div>\n<div class=\"brz-column__items brz-css-1cbdwmw brz-css-mplnin\">\n<div class=\"brz-wrapper-clone brz-css-18ppi44\">\n<div class=\"brz-d-xs-flex brz-flex-xs-wrap brz-css-1gky8za brz-css-13jq7me\" data-brz-custom-id=\"\">\n<div class=\"brz-wrapper-clone__item\" id=\"jrelurjmgycgjktitcfmtsgbjlabyscbevij\">\n<div class=\"brz-icon__container\" data-brz-custom-id=\"jrelurjmgycgjktitcfmtsgbjlabyscbevij\"><span class=\"brz-icon brz-span brz-css-1e60b30 brz-css-1kh2xj3\"><\/span><\/div>\n<\/div>\n<\/div>\n<\/div>\n<div id=\"\" class=\"brz-css-779mne brz-css-113w6gh brz-css-jvuksv brz-wrapper\">\n<div class=\"brz-spacer brz-css-1p30a4p brz-css-i68koh\"><\/div>\n<\/div>\n<div id=\"\" class=\"brz-css-779mne brz-css-11qkzyl brz-wrapper\">\n<div class=\"brz-rich-text brz-rich-text__custom brz-css-kk0a9l\" data-brz-custom-id=\"yxygiqbthowknrcmipjetgpgcftjegpzhvbl\">\n<div data-brz-translate-text=\"1\">\n<h2 class=\"brz-fw-lg-100 brz-fss-lg-px brz-fs-lg-29 brz-ft-google brz-ff-overpass brz-tp-lg-empty brz-lh-lg-1_4 brz-ls-lg-m_1 brz-css-zCi0z\" data-uniq-id=\"vK8Xi\" data-generated-css=\"brz-css-hQikz\">Hispaania <\/h2>\n<\/div>\n<\/div>\n<\/div>\n<div id=\"\" class=\"brz-css-779mne brz-wrapper\">\n<div class=\"brz-rich-text brz-rich-text__custom brz-css-kk0a9l\" data-brz-custom-id=\"grqnizmpsbpzwneydipjrygibevkbniakfkr\">\n<div data-brz-translate-text=\"1\">\n<p class=\"brz-fs-xs-14 brz-tp-xs-empty brz-lh-xs-1_6 brz-ls-xs-0 brz-fw-xs-500 brz-fss-xs-px brz-ls-lg-0 brz-lh-lg-1_9 brz-tp-lg-empty brz-ff-red_hat_text brz-ft-google brz-fs-lg-15 brz-fss-lg-px brz-fw-lg-400 brz-css-lvXBm\" data-uniq-id=\"bchO3\" data-generated-css=\"brz-css-ioO5o\">Me oleme siin koos teist korda. Esimesel korral k\u00e4isime Valencia Moto GP-l Novembris 2023 ning n\u00fc\u00fcd saabusime tagasi lastega Detsembri l\u00f5pus. Aastavahetuse v\u00f5tsime vastu kenasti Valencia piirkonnas. Meie kandis on siin +15 kuni +22. Saabusime, siis oligi maksimum. Muidu on vahel ikka ka tuuline, aga kodukeses on t\u00e4itsa -17 kraadi seda postitust kirjutades. Brrrh! Kassi v\u00f5taks aind siia, siis polekski mingit kihku koju. J\u00f5ulud on peetud, kelgutatud, uisutatud, lund kah l\u00fckatud, aitab ka. \ud83d\ude42<\/p>\n<p class=\"brz-fs-xs-14 brz-tp-xs-empty brz-lh-xs-1_6 brz-ls-xs-0 brz-fw-xs-500 brz-fss-xs-px brz-ls-lg-0 brz-lh-lg-1_9 brz-tp-lg-empty brz-ff-red_hat_text brz-ft-google brz-fs-lg-15 brz-fss-lg-px brz-fw-lg-400 brz-css-oFhks\" data-uniq-id=\"bchO3\" data-generated-css=\"brz-css-ioO5o\">N\u00fc\u00fcd saate lugeda bussiga Eestist Hispaaniasse reisi kohta. Varsti n\u00e4ete vlogi ka! <\/p>\n<\/div>\n<\/div>\n<\/div>\n<div class=\"brz-wrapper-clone brz-css-18ppi44\">\n<div class=\"brz-d-xs-flex brz-flex-xs-wrap brz-css-1gky8za brz-css-1ojp3yk\" data-brz-custom-id=\"\">\n<div class=\"brz-wrapper-clone__item\" id=\"tdapjkczzfazcydrukuqypmgoisintisrltb\"><a class=\"brz-a brz-btn brz-css-13bja3o brz-css-1cxkpx0 brz-css-1f2f315 brz-css-2akzfo\" href=\"https:\/\/paulalill.com\/en\/hispaania\/\" target=\"_self\" rel=\"noopener\" data-brz-link-type=\"external\" data-brz-custom-id=\"tdapjkczzfazcydrukuqypmgoisintisrltb\"><span data-brz-translate-text=\"1\" class=\"brz-span brz-text__editor\">LUGEMA<\/span><\/a><\/div>\n<\/div>\n<\/div>\n<div id=\"\" class=\"brz-css-779mne brz-css-113w6gh brz-css-pm2jrb brz-wrapper\">\n<div class=\"brz-spacer brz-css-1p30a4p brz-css-ohhhlw\"><\/div>\n<\/div>\n<\/div>\n<\/div>\n<div class=\"brz-columns brz-css-xihiny brz-css-1448vzk\" data-brz-custom-id=\"uygybajqfscpxpbucrlblzracpiltxauriur\">\n<div class=\"brz-bg\"><\/div>\n<div class=\"brz-column__items brz-css-1cbdwmw\">\n<div id=\"\" class=\"brz-css-779mne brz-css-1d1oxlr brz-wrapper\">\n<div class=\"brz-image brz-css-1e3dxak brz-css-1ntoo01\" data-brz-custom-id=\"dkmjlizdroyczlyaxburfyhppyxbuppfuedy\"><img decoding=\"async\" class=\"brz-img\" src=\"https:\/\/paulalill.com\/wp-content\/uploads\/brizy\/imgs\/IMG_1330-scaled-468x624x0x53x468x505x1704210587.jpeg\" alt=\"\" loading=\"lazy\"><\/div>\n<\/div>\n<\/div>\n<\/div>\n<\/div>\n<\/div>\n<\/div>\n<\/div>\n<\/section>\n<section id=\"_hQxWDAcPoTz6\" class=\"brz-section brz-css-10zdp9g\">\n<div class=\"brz-section__content brz-section--boxed brz-css-se87nv brz-css-1uewhst\" data-brz-custom-id=\"cIX1y9sarDt7\">\n<div class=\"brz-container brz-css-hgd3f9 brz-css-1fymufy\">\n<div class=\"brz-row__container brz-css-1b66wv0\" data-brz-custom-id=\"eY9hwso4is3U\">\n<div class=\"brz-bg\"><\/div>\n<div class=\"brz-row brz-css-1j3ulk3 brz-css-7psna3\">\n<div class=\"brz-columns brz-css-xihiny brz-css-f4sao1\" data-brz-custom-id=\"fzyuBSk_PDXs\">\n<div class=\"brz-bg\"><\/div>\n<div class=\"brz-column__items brz-css-1cbdwmw brz-css-17bqyep\">\n<div class=\"brz-wrapper-clone brz-css-18ppi44\">\n<div class=\"brz-d-xs-flex brz-flex-xs-wrap brz-css-1gky8za brz-css-26r1fm\" data-brz-custom-id=\"\">\n<div class=\"brz-wrapper-clone__item\" id=\"tl6610CEs7ZJ\">\n<div class=\"brz-icon__container\" data-brz-custom-id=\"tl6610CEs7ZJ\"><span class=\"brz-icon brz-span brz-css-1e60b30 brz-css-1m4plf9\"><\/span><\/div>\n<\/div>\n<\/div>\n<\/div>\n<div id=\"\" class=\"brz-css-779mne brz-css-113w6gh brz-css-acvqae brz-wrapper\">\n<div class=\"brz-spacer brz-css-1p30a4p brz-css-po7r9h\"><\/div>\n<\/div>\n<div id=\"\" class=\"brz-css-779mne brz-css-x8bi4k brz-wrapper\">\n<div class=\"brz-rich-text brz-rich-text__custom brz-css-kk0a9l\" data-brz-custom-id=\"kRa5FHP2Tu3r\">\n<div data-brz-translate-text=\"1\">\n<h2 class=\"brz-ls-lg-m_1 brz-lh-lg-1_4 brz-tp-lg-empty brz-ff-overpass brz-ft-google brz-fs-lg-29 brz-fss-lg-px brz-fw-lg-100 brz-css-aE1ZH\" data-generated-css=\"brz-css-kpypy\" data-uniq-id=\"taatp\">Rubi Platinum Spa Resort<\/h2>\n<\/div>\n<\/div>\n<\/div>\n<div id=\"\" class=\"brz-css-779mne brz-wrapper\">\n<div class=\"brz-rich-text brz-rich-text__custom brz-css-kk0a9l\" data-brz-custom-id=\"wsWBRr4IVgRi\">\n<div data-brz-translate-text=\"1\">\n<p class=\"brz-fs-xs-14 brz-tp-xs-empty brz-lh-xs-1_6 brz-ls-xs-0 brz-fw-xs-500 brz-fss-xs-px brz-ls-lg-0 brz-lh-lg-1_9 brz-tp-lg-empty brz-ff-red_hat_text brz-ft-google brz-fs-lg-15 brz-fss-lg-px brz-fw-lg-400 brz-css-slBj1\" data-uniq-id=\"ctset\" data-generated-css=\"brz-css-fqkcd\"><span class=\"brz-cp-color2\">K\u00e4isime Rubli Platinum Spa Resort hotellis teist korda, mis asub Avsallar-piirkonnas. \u00dcpris pikk maa lennujaamast, aga igati seda v\u00e4\u00e4rt. Ma ei ole kunagi nii v\u00e4ikese vahega ja veel samas hotellis k\u00e4inud. Ilmselt pidi j\u00e4tma hea mulje? Just! Teistkordselt j\u00e4ttis v\u00e4ga hea mulje ka <\/span><a class=\"link--external brz-cp-color2\" href=\"https:\/\/www.smartlynx.aero\/ee\/\" data-brz-link-type=\"external\" target=\"_blank\" rel=\"noopener\">Smartlynx. &#8230; See hotell on kindlasti ka kallimate killast, aga seda igati v\u00e4\u00e4rt. <\/a><\/p>\n<\/div>\n<\/div>\n<\/div>\n<div class=\"brz-wrapper-clone brz-css-18ppi44\">\n<div class=\"brz-d-xs-flex brz-flex-xs-wrap brz-css-1gky8za brz-css-1v2wbb0\" data-brz-custom-id=\"\">\n<div class=\"brz-wrapper-clone__item\" id=\"r8eMTtLS49uL\"><a class=\"brz-a brz-btn brz-css-13bja3o brz-css-v6ih9c brz-css-1f2f315 brz-css-73lqbi\" href=\"https:\/\/paulalill.com\/en\/reis\/\" target=\"_self\" rel=\"noopener\" data-brz-link-type=\"external\" data-brz-custom-id=\"r8eMTtLS49uL\"><span data-brz-translate-text=\"1\" class=\"brz-span brz-text__editor\">LUGEMA<\/span><\/a><\/div>\n<\/div>\n<\/div>\n<div id=\"\" class=\"brz-css-779mne brz-css-113w6gh brz-css-lfna65 brz-wrapper\">\n<div class=\"brz-spacer brz-css-1p30a4p brz-css-14xh4y4\"><\/div>\n<\/div>\n<\/div>\n<\/div>\n<div class=\"brz-columns brz-css-xihiny brz-css-z94luq\" data-brz-custom-id=\"igq9EePr2S0D\">\n<div class=\"brz-bg\"><\/div>\n<div class=\"brz-column__items brz-css-1cbdwmw\">\n<div id=\"\" class=\"brz-css-779mne brz-css-1etnrvd brz-wrapper\">\n<div class=\"brz-image brz-css-1vumr38 brz-css-g0b73n\" data-brz-custom-id=\"eulu0ILcWqWF\"><img decoding=\"async\" class=\"brz-img\" src=\"https:\/\/paulalill.com\/wp-content\/uploads\/brizy\/imgs\/DSC8257-scaled-468x703x0x92x468x505x1693578450.jpg\" alt=\"\" loading=\"lazy\"><\/div>\n<\/div>\n<\/div>\n<\/div>\n<\/div>\n<\/div>\n<\/div>\n<\/div>\n<\/section>\n<section id=\"_csqdatchbjmynfjlevhwryzgnfwbvyezeast\" class=\"brz-section brz-css-10zdp9g\">\n<div class=\"brz-section__content brz-section--boxed brz-css-se87nv brz-css-lfviny\" data-brz-custom-id=\"eovbgfelbqkqbohkulksipuniezdlyiofubj\">\n<div class=\"brz-container brz-css-hgd3f9 brz-css-7i9kwg\">\n<div class=\"brz-row__container brz-css-1b66wv0\" data-brz-custom-id=\"fujirmvzmxtnhoadlsicpgeoguntsybekarc\">\n<div class=\"brz-bg\"><\/div>\n<div class=\"brz-row brz-css-1j3ulk3 brz-css-7psna3\">\n<div class=\"brz-columns brz-css-xihiny brz-css-dsk21a\" data-brz-custom-id=\"ygggrnxnasjkjnwealrcjyewotbydruevqnw\">\n<div class=\"brz-bg\"><\/div>\n<div class=\"brz-column__items brz-css-1cbdwmw brz-css-2tyg52\">\n<div class=\"brz-wrapper-clone brz-css-18ppi44\">\n<div class=\"brz-d-xs-flex brz-flex-xs-wrap brz-css-1gky8za brz-css-vemo02\" data-brz-custom-id=\"\">\n<div class=\"brz-wrapper-clone__item\" id=\"okiavqgverbobrusvguabugrakhnepvowava\">\n<div class=\"brz-icon__container\" data-brz-custom-id=\"okiavqgverbobrusvguabugrakhnepvowava\"><span class=\"brz-icon brz-span brz-css-1e60b30 brz-css-1vvh6yp\"><\/span><\/div>\n<\/div>\n<\/div>\n<\/div>\n<div id=\"\" class=\"brz-css-779mne brz-css-113w6gh brz-css-d157d brz-wrapper\">\n<div class=\"brz-spacer brz-css-1p30a4p brz-css-1swgvfg\"><\/div>\n<\/div>\n<div id=\"\" class=\"brz-css-779mne brz-css-1ankyi7 brz-wrapper\">\n<div class=\"brz-rich-text brz-rich-text__custom brz-css-kk0a9l\" data-brz-custom-id=\"yvjybslzfudzgbbbolhmkdogaxshxyfwlspx\">\n<div data-brz-translate-text=\"1\">\n<h2 class=\"brz-fss-lg-px brz-fw-lg-100 brz-ls-lg-m_1 brz-lh-lg-1_4 brz-tp-lg-empty brz-ff-overpass brz-ft-google brz-fs-lg-24 brz-css-rl4av\" data-generated-css=\"brz-css-sffyw\" data-uniq-id=\"xzbqm\">Crystal Centro<\/h2>\n<\/div>\n<\/div>\n<\/div>\n<div id=\"\" class=\"brz-css-779mne brz-wrapper\">\n<div class=\"brz-rich-text brz-rich-text__custom brz-css-kk0a9l\" data-brz-custom-id=\"bkixjtdqeqokdwjeunwxbvwejjdudoheroyn\">\n<div data-brz-translate-text=\"1\">\n<p class=\"brz-fss-xs-px brz-fw-xs-500 brz-ls-xs-0 brz-lh-xs-1_6 brz-tp-xs-empty brz-fs-xs-14 brz-tp-lg-empty brz-ff-red_hat_text brz-ft-google brz-fs-lg-15 brz-fss-lg-px brz-fw-lg-400 brz-ls-lg-0 brz-lh-lg-1_9 brz-css-b27Uq\" data-generated-css=\"brz-css-jcnko\" data-uniq-id=\"dgdbg\">Crystal Centro hotelliketti kuulub v\u00e4ga palju hotelle. Ka see pole teps mitte odav hotell. Aga t\u00e4iesti teistsugune kogemus, kui Rubi Platinum\u00b4s. See oli \u00fcsna suure alaga hotell. V\u00e4ga m\u00f5nus oli k\u00f5ndida vahelduseks, \u00fcldsegi mitte t\u00fc\u00fctu. Pigem reisil toitu nautides tahadki jalutada. K\u00fclastasime A`la Carte restoranidest 3\/2 ja need osutusid v\u00e4ga maitsek\u00fcllaseks.  Seda reisi n\u00e4ete varsti ka minu Youtube kanalilt.<\/p>\n<\/div>\n<\/div>\n<\/div>\n<div class=\"brz-wrapper-clone brz-css-18ppi44\">\n<div class=\"brz-d-xs-flex brz-flex-xs-wrap brz-css-1gky8za brz-css-173p6s9\" data-brz-custom-id=\"\">\n<div class=\"brz-wrapper-clone__item\" id=\"pfimosfjrqnxnzbwhwprdfsyebridwutdlzd\"><a class=\"brz-a brz-btn brz-css-13bja3o brz-css-1jrtyt5 brz-css-1f2f315 brz-css-dd9ta5\" href=\"https:\/\/paulalill.com\/en\/crystal\/\" target=\"_blank\" rel=\"noopener\" data-brz-link-type=\"external\" data-brz-custom-id=\"pfimosfjrqnxnzbwhwprdfsyebridwutdlzd\"><span data-brz-translate-text=\"1\" class=\"brz-span brz-text__editor\">LUGEMA<\/span><\/a><\/div>\n<\/div>\n<\/div>\n<div id=\"\" class=\"brz-css-779mne brz-css-113w6gh brz-css-48eufo brz-wrapper\">\n<div class=\"brz-spacer brz-css-1p30a4p brz-css-1chnowm\"><\/div>\n<\/div>\n<\/div>\n<\/div>\n<div class=\"brz-columns brz-css-xihiny brz-css-jzosg5\" data-brz-custom-id=\"gjqmdomyazjunjkmgszkvicysunygjfsqzvz\">\n<div class=\"brz-bg\"><\/div>\n<div class=\"brz-column__items brz-css-1cbdwmw\">\n<div id=\"\" class=\"brz-css-779mne brz-css-j2mhlo brz-wrapper\">\n<div class=\"brz-image brz-css-ajefdg brz-css-1iovben\" data-brz-custom-id=\"tfilahbemkdpqrfiiekhngnlqlahvtkboxcz\"><img decoding=\"async\" class=\"brz-img\" src=\"https:\/\/paulalill.com\/wp-content\/uploads\/brizy\/imgs\/DSC7401-468x703x0x95x468x555x1695400086.jpg\" alt=\"\" loading=\"lazy\"><\/div>\n<\/div>\n<\/div>\n<\/div>\n<\/div>\n<\/div>\n<\/div>\n<\/div>\n<\/section>\n<\/div>\n<p>    <!-- version:1736996340 --><\/p>","protected":false},"excerpt":{"rendered":"<p>REISIBLOGI PIILU KINDLASTI KA INSTAGRAMI HIGHLIGHTSIDESSE Instagram TikTok YOUTUBE \ufeff \ufeff \ufeff Hispaania Me oleme siin koos teist korda. Esimesel korral k\u00e4isime Valencia Moto GP-l Novembris 2023 ning n\u00fc\u00fcd saabusime tagasi lastega Detsembri l\u00f5pus. Aastavahetuse v\u00f5tsime vastu kenasti Valencia piirkonnas. Meie kandis on siin +15 kuni +22. Saabusime, siis oligi maksimum. Muidu on vahel ikka [&hellip;]<\/p>","protected":false},"author":1,"featured_media":0,"parent":0,"menu_order":0,"comment_status":"closed","ping_status":"closed","template":"brizy-blank-template.php","meta":{"_monsterinsights_skip_tracking":false,"_monsterinsights_sitenote_active":false,"_monsterinsights_sitenote_note":"","_monsterinsights_sitenote_category":0,"footnotes":""},"brizy_media":[{"id":12125,"url":"https:\/\/www.paulalill.com\/wp-content\/uploads\/2023\/09\/DSC7401.jpg","name":"DSC7401.jpg","meta":{"brizy_attachment_uid":"wp-01ae41464cf42513ba835a781a041665.jpg","brizy_post_uid":["1fe432f443c155bef954310beb31b491","5808a935be30581c1d7ac127e2c7b505"]}},{"id":12834,"url":"https:\/\/www.paulalill.com\/wp-content\/uploads\/2024\/01\/IMG_1330-scaled.jpeg","name":"IMG_1330.jpeg","meta":{"brizy_attachment_uid":"wp-1c9ed0c5556e68a5b1e0374402fde307.jpeg","brizy_post_uid":["1fe432f443c155bef954310beb31b491"]}}],"_links":{"self":[{"href":"https:\/\/paulalill.com\/en\/wp-json\/wp\/v2\/pages\/12116"}],"collection":[{"href":"https:\/\/paulalill.com\/en\/wp-json\/wp\/v2\/pages"}],"about":[{"href":"https:\/\/paulalill.com\/en\/wp-json\/wp\/v2\/types\/page"}],"author":[{"embeddable":true,"href":"https:\/\/paulalill.com\/en\/wp-json\/wp\/v2\/users\/1"}],"replies":[{"embeddable":true,"href":"https:\/\/paulalill.com\/en\/wp-json\/wp\/v2\/comments?post=12116"}],"version-history":[{"count":5,"href":"https:\/\/paulalill.com\/en\/wp-json\/wp\/v2\/pages\/12116\/revisions"}],"predecessor-version":[{"id":13205,"href":"https:\/\/paulalill.com\/en\/wp-json\/wp\/v2\/pages\/12116\/revisions\/13205"}],"wp:attachment":[{"href":"https:\/\/paulalill.com\/en\/wp-json\/wp\/v2\/media?parent=12116"}],"curies":[{"name":"wp","href":"https:\/\/api.w.org\/{rel}","templated":true}]}}